{"id":2165,"date":"2025-01-16T21:16:59","date_gmt":"2025-01-16T21:16:59","guid":{"rendered":"https:\/\/mdecomunicacion.com\/gb\/?post_type=product&#038;p=2165"},"modified":"2026-01-06T21:55:56","modified_gmt":"2026-01-06T21:55:56","slug":"baigorri-finca-la-quintanilla","status":"publish","type":"product","link":"https:\/\/www.bodegasgranbazan.com\/en\/producto\/baigorri-finca-la-quintanilla\/","title":{"rendered":"Baigorri La Quintanilla Estate"},"content":{"rendered":"<p>Unforgettable Rioja to enjoy in any situation.<\/p>","protected":false},"excerpt":{"rendered":"<p>Unforgettable Rioja to enjoy in any situation.<\/p>","protected":false},"featured_media":2162,"template":"","meta":{"_acf_changed":false},"product_brand":[],"product_cat":[35],"product_tag":[],"class_list":{"0":"post-2165","1":"product","2":"type-product","3":"status-publish","4":"has-post-thumbnail","6":"product_cat-vinos-baigorri","8":"first","9":"instock","10":"taxable","11":"shipping-taxable","12":"purchasable","13":"product-type-simple"},"acf":[],"yoast_head":"<!-- This site is optimized with the Yoast SEO plugin v27.5 - https:\/\/yoast.com\/product\/yoast-seo-wordpress\/ -->\n<title>Baigorri Finca la quintanilla - Granbaz\u00e1n - Bodegas GRANBAZ\u00c1N<\/title>\n<meta name=\"robots\" content=\"index, follow, max-snippet:-1, max-image-preview:large, max-video-preview:-1\" \/>\n<link rel=\"canonical\" href=\"https:\/\/www.bodegasgranbazan.com\/en\/product\/baigorri-finca-la-quintanilla\/\" \/>\n<meta property=\"og:locale\" content=\"en_GB\" \/>\n<meta property=\"og:type\" content=\"article\" \/>\n<meta property=\"og:title\" content=\"Baigorri Finca la quintanilla - Granbaz\u00e1n - Bodegas GRANBAZ\u00c1N\" \/>\n<meta property=\"og:description\" content=\"Rioja inolvidable para disfrutar en cualquier situaci\u00f3n.\" \/>\n<meta property=\"og:url\" content=\"https:\/\/www.bodegasgranbazan.com\/en\/product\/baigorri-finca-la-quintanilla\/\" \/>\n<meta property=\"og:site_name\" content=\"Granbaz\u00e1n - Bodegas GRANBAZ\u00c1N\" \/>\n<meta property=\"article:modified_time\" content=\"2026-01-06T21:55:56+00:00\" \/>\n<meta property=\"og:image\" content=\"https:\/\/www.bodegasgranbazan.com\/web26\/wp-content\/uploads\/2025\/01\/baigorri-finca-la-quintanilla1x1.jpg\" \/>\n\t<meta property=\"og:image:width\" content=\"2560\" \/>\n\t<meta property=\"og:image:height\" content=\"2560\" \/>\n\t<meta property=\"og:image:type\" content=\"image\/jpeg\" \/>\n<meta name=\"twitter:card\" content=\"summary_large_image\" \/>\n<script type=\"application\/ld+json\" class=\"yoast-schema-graph\">{\"@context\":\"https:\\\/\\\/schema.org\",\"@graph\":[{\"@type\":\"WebPage\",\"@id\":\"https:\\\/\\\/www.bodegasgranbazan.com\\\/producto\\\/baigorri-finca-la-quintanilla\\\/\",\"url\":\"https:\\\/\\\/www.bodegasgranbazan.com\\\/producto\\\/baigorri-finca-la-quintanilla\\\/\",\"name\":\"Baigorri Finca la quintanilla - Granbaz\u00e1n - Bodegas GRANBAZ\u00c1N\",\"isPartOf\":{\"@id\":\"https:\\\/\\\/www.bodegasgranbazan.com\\\/#website\"},\"primaryImageOfPage\":{\"@id\":\"https:\\\/\\\/www.bodegasgranbazan.com\\\/producto\\\/baigorri-finca-la-quintanilla\\\/#primaryimage\"},\"image\":{\"@id\":\"https:\\\/\\\/www.bodegasgranbazan.com\\\/producto\\\/baigorri-finca-la-quintanilla\\\/#primaryimage\"},\"thumbnailUrl\":\"https:\\\/\\\/www.bodegasgranbazan.com\\\/web26\\\/wp-content\\\/uploads\\\/2025\\\/01\\\/baigorri-finca-la-quintanilla1x1.jpg\",\"datePublished\":\"2025-01-16T21:16:59+00:00\",\"dateModified\":\"2026-01-06T21:55:56+00:00\",\"breadcrumb\":{\"@id\":\"https:\\\/\\\/www.bodegasgranbazan.com\\\/producto\\\/baigorri-finca-la-quintanilla\\\/#breadcrumb\"},\"inLanguage\":\"en-GB\",\"potentialAction\":[{\"@type\":\"ReadAction\",\"target\":[\"https:\\\/\\\/www.bodegasgranbazan.com\\\/producto\\\/baigorri-finca-la-quintanilla\\\/\"]}]},{\"@type\":\"ImageObject\",\"inLanguage\":\"en-GB\",\"@id\":\"https:\\\/\\\/www.bodegasgranbazan.com\\\/producto\\\/baigorri-finca-la-quintanilla\\\/#primaryimage\",\"url\":\"https:\\\/\\\/www.bodegasgranbazan.com\\\/web26\\\/wp-content\\\/uploads\\\/2025\\\/01\\\/baigorri-finca-la-quintanilla1x1.jpg\",\"contentUrl\":\"https:\\\/\\\/www.bodegasgranbazan.com\\\/web26\\\/wp-content\\\/uploads\\\/2025\\\/01\\\/baigorri-finca-la-quintanilla1x1.jpg\",\"width\":2560,\"height\":2560},{\"@type\":\"BreadcrumbList\",\"@id\":\"https:\\\/\\\/www.bodegasgranbazan.com\\\/producto\\\/baigorri-finca-la-quintanilla\\\/#breadcrumb\",\"itemListElement\":[{\"@type\":\"ListItem\",\"position\":1,\"name\":\"Portada\",\"item\":\"https:\\\/\\\/www.bodegasgranbazan.com\\\/\"},{\"@type\":\"ListItem\",\"position\":2,\"name\":\"Tienda\",\"item\":\"https:\\\/\\\/www.bodegasgranbazan.com\\\/tienda\\\/\"},{\"@type\":\"ListItem\",\"position\":3,\"name\":\"Baigorri Finca la quintanilla\"}]},{\"@type\":\"WebSite\",\"@id\":\"https:\\\/\\\/www.bodegasgranbazan.com\\\/#website\",\"url\":\"https:\\\/\\\/www.bodegasgranbazan.com\\\/\",\"name\":\"Bodegas Granbaz\u00e1n\",\"description\":\"Ubicada en el Valle del Saln\u00e9s, en el coraz\u00f3n de las R\u00edas Baixas.\",\"publisher\":{\"@id\":\"https:\\\/\\\/www.bodegasgranbazan.com\\\/#organization\"},\"potentialAction\":[{\"@type\":\"SearchAction\",\"target\":{\"@type\":\"EntryPoint\",\"urlTemplate\":\"https:\\\/\\\/www.bodegasgranbazan.com\\\/?s={search_term_string}\"},\"query-input\":{\"@type\":\"PropertyValueSpecification\",\"valueRequired\":true,\"valueName\":\"search_term_string\"}}],\"inLanguage\":\"en-GB\"},{\"@type\":\"Organization\",\"@id\":\"https:\\\/\\\/www.bodegasgranbazan.com\\\/#organization\",\"name\":\"Bodegas Granbaz\u00e1n\",\"url\":\"https:\\\/\\\/www.bodegasgranbazan.com\\\/\",\"logo\":{\"@type\":\"ImageObject\",\"inLanguage\":\"en-GB\",\"@id\":\"https:\\\/\\\/www.bodegasgranbazan.com\\\/#\\\/schema\\\/logo\\\/image\\\/\",\"url\":\"https:\\\/\\\/www.bodegasgranbazan.com\\\/web26\\\/wp-content\\\/uploads\\\/2026\\\/01\\\/granbazan-logo-def.webp\",\"contentUrl\":\"https:\\\/\\\/www.bodegasgranbazan.com\\\/web26\\\/wp-content\\\/uploads\\\/2026\\\/01\\\/granbazan-logo-def.webp\",\"width\":500,\"height\":264,\"caption\":\"Bodegas Granbaz\u00e1n\"},\"image\":{\"@id\":\"https:\\\/\\\/www.bodegasgranbazan.com\\\/#\\\/schema\\\/logo\\\/image\\\/\"}}]}<\/script>\n<!-- \/ Yoast SEO plugin. -->","yoast_head_json":{"title":"Baigorri Finca la quintanilla - Granbaz\u00e1n - Bodegas GRANBAZ\u00c1N","robots":{"index":"index","follow":"follow","max-snippet":"max-snippet:-1","max-image-preview":"max-image-preview:large","max-video-preview":"max-video-preview:-1"},"canonical":"https:\/\/www.bodegasgranbazan.com\/en\/product\/baigorri-finca-la-quintanilla\/","og_locale":"en_GB","og_type":"article","og_title":"Baigorri Finca la quintanilla - Granbaz\u00e1n - Bodegas GRANBAZ\u00c1N","og_description":"Rioja inolvidable para disfrutar en cualquier situaci\u00f3n.","og_url":"https:\/\/www.bodegasgranbazan.com\/en\/product\/baigorri-finca-la-quintanilla\/","og_site_name":"Granbaz\u00e1n - Bodegas GRANBAZ\u00c1N","article_modified_time":"2026-01-06T21:55:56+00:00","og_image":[{"width":2560,"height":2560,"url":"https:\/\/www.bodegasgranbazan.com\/web26\/wp-content\/uploads\/2025\/01\/baigorri-finca-la-quintanilla1x1.jpg","type":"image\/jpeg"}],"twitter_card":"summary_large_image","schema":{"@context":"https:\/\/schema.org","@graph":[{"@type":"WebPage","@id":"https:\/\/www.bodegasgranbazan.com\/producto\/baigorri-finca-la-quintanilla\/","url":"https:\/\/www.bodegasgranbazan.com\/producto\/baigorri-finca-la-quintanilla\/","name":"Baigorri Finca la quintanilla - Granbaz\u00e1n - Bodegas GRANBAZ\u00c1N","isPartOf":{"@id":"https:\/\/www.bodegasgranbazan.com\/#website"},"primaryImageOfPage":{"@id":"https:\/\/www.bodegasgranbazan.com\/producto\/baigorri-finca-la-quintanilla\/#primaryimage"},"image":{"@id":"https:\/\/www.bodegasgranbazan.com\/producto\/baigorri-finca-la-quintanilla\/#primaryimage"},"thumbnailUrl":"https:\/\/www.bodegasgranbazan.com\/web26\/wp-content\/uploads\/2025\/01\/baigorri-finca-la-quintanilla1x1.jpg","datePublished":"2025-01-16T21:16:59+00:00","dateModified":"2026-01-06T21:55:56+00:00","breadcrumb":{"@id":"https:\/\/www.bodegasgranbazan.com\/producto\/baigorri-finca-la-quintanilla\/#breadcrumb"},"inLanguage":"en-GB","potentialAction":[{"@type":"ReadAction","target":["https:\/\/www.bodegasgranbazan.com\/producto\/baigorri-finca-la-quintanilla\/"]}]},{"@type":"ImageObject","inLanguage":"en-GB","@id":"https:\/\/www.bodegasgranbazan.com\/producto\/baigorri-finca-la-quintanilla\/#primaryimage","url":"https:\/\/www.bodegasgranbazan.com\/web26\/wp-content\/uploads\/2025\/01\/baigorri-finca-la-quintanilla1x1.jpg","contentUrl":"https:\/\/www.bodegasgranbazan.com\/web26\/wp-content\/uploads\/2025\/01\/baigorri-finca-la-quintanilla1x1.jpg","width":2560,"height":2560},{"@type":"BreadcrumbList","@id":"https:\/\/www.bodegasgranbazan.com\/producto\/baigorri-finca-la-quintanilla\/#breadcrumb","itemListElement":[{"@type":"ListItem","position":1,"name":"Portada","item":"https:\/\/www.bodegasgranbazan.com\/"},{"@type":"ListItem","position":2,"name":"Tienda","item":"https:\/\/www.bodegasgranbazan.com\/tienda\/"},{"@type":"ListItem","position":3,"name":"Baigorri Finca la quintanilla"}]},{"@type":"WebSite","@id":"https:\/\/www.bodegasgranbazan.com\/#website","url":"https:\/\/www.bodegasgranbazan.com\/","name":"Granbaz\u00e1n Winery","description":"Located in the Saln\u00e9s Valley, in the heart of the R\u00edas Baixas.","publisher":{"@id":"https:\/\/www.bodegasgranbazan.com\/#organization"},"potentialAction":[{"@type":"SearchAction","target":{"@type":"EntryPoint","urlTemplate":"https:\/\/www.bodegasgranbazan.com\/?s={search_term_string}"},"query-input":{"@type":"PropertyValueSpecification","valueRequired":true,"valueName":"search_term_string"}}],"inLanguage":"en-GB"},{"@type":"Organization","@id":"https:\/\/www.bodegasgranbazan.com\/#organization","name":"Granbaz\u00e1n Winery","url":"https:\/\/www.bodegasgranbazan.com\/","logo":{"@type":"ImageObject","inLanguage":"en-GB","@id":"https:\/\/www.bodegasgranbazan.com\/#\/schema\/logo\/image\/","url":"https:\/\/www.bodegasgranbazan.com\/web26\/wp-content\/uploads\/2026\/01\/granbazan-logo-def.webp","contentUrl":"https:\/\/www.bodegasgranbazan.com\/web26\/wp-content\/uploads\/2026\/01\/granbazan-logo-def.webp","width":500,"height":264,"caption":"Bodegas Granbaz\u00e1n"},"image":{"@id":"https:\/\/www.bodegasgranbazan.com\/#\/schema\/logo\/image\/"}}]}},"_links":{"self":[{"href":"https:\/\/www.bodegasgranbazan.com\/en\/wp-json\/wp\/v2\/product\/2165","targetHints":{"allow":["GET"]}}],"collection":[{"href":"https:\/\/www.bodegasgranbazan.com\/en\/wp-json\/wp\/v2\/product"}],"about":[{"href":"https:\/\/www.bodegasgranbazan.com\/en\/wp-json\/wp\/v2\/types\/product"}],"wp:featuredmedia":[{"embeddable":true,"href":"https:\/\/www.bodegasgranbazan.com\/en\/wp-json\/wp\/v2\/media\/2162"}],"wp:attachment":[{"href":"https:\/\/www.bodegasgranbazan.com\/en\/wp-json\/wp\/v2\/media?parent=2165"}],"wp:term":[{"taxonomy":"product_brand","embeddable":true,"href":"https:\/\/www.bodegasgranbazan.com\/en\/wp-json\/wp\/v2\/product_brand?post=2165"},{"taxonomy":"product_cat","embeddable":true,"href":"https:\/\/www.bodegasgranbazan.com\/en\/wp-json\/wp\/v2\/product_cat?post=2165"},{"taxonomy":"product_tag","embeddable":true,"href":"https:\/\/www.bodegasgranbazan.com\/en\/wp-json\/wp\/v2\/product_tag?post=2165"}],"curies":[{"name":"wp","href":"https:\/\/api.w.org\/{rel}","templated":true}]}}