{"id":15810,"date":"2026-02-19T21:26:21","date_gmt":"2026-02-19T20:26:21","guid":{"rendered":"https:\/\/www.bodegasgranbazan.com\/?page_id=15810"},"modified":"2026-02-19T21:38:40","modified_gmt":"2026-02-19T20:38:40","slug":"axudas-do-igape-programa-plan-foexga-2019-2020","status":"publish","type":"page","link":"https:\/\/www.bodegasgranbazan.com\/axudas-do-igape-programa-plan-foexga-2019-2020\/","title":{"rendered":"Axudas do Igape Programa Plan Foexga 2019-2020"},"content":{"rendered":"\t\t<div data-elementor-type=\"wp-page\" data-elementor-id=\"15810\" class=\"elementor elementor-15810\" data-elementor-post-type=\"page\">\n\t\t\t\t<div class=\"elementor-element elementor-element-5d71c029 e-flex e-con-boxed e-con e-parent\" data-id=\"5d71c029\" data-element_type=\"container\" data-e-type=\"container\">\n\t\t\t\t\t<div class=\"e-con-inner\">\n\t\t\t\t<div class=\"elementor-element elementor-element-1daecd8a elementor-widget elementor-widget-spacer\" data-id=\"1daecd8a\" data-element_type=\"widget\" data-e-type=\"widget\" data-widget_type=\"spacer.default\">\n\t\t\t\t<div class=\"elementor-widget-container\">\n\t\t\t\t\t\t\t<div class=\"elementor-spacer\">\n\t\t\t<div class=\"elementor-spacer-inner\"><\/div>\n\t\t<\/div>\n\t\t\t\t\t\t<\/div>\n\t\t\t\t<\/div>\n\t\t\t\t\t<\/div>\n\t\t\t\t<\/div>\n\t\t<div class=\"elementor-element elementor-element-1a52f02e e-flex e-con-boxed e-con e-parent\" data-id=\"1a52f02e\" data-element_type=\"container\" data-e-type=\"container\">\n\t\t\t\t\t<div class=\"e-con-inner\">\n\t\t\t\t<div class=\"elementor-element elementor-element-1f80a8cf elementor-widget elementor-widget-image\" data-id=\"1f80a8cf\" data-element_type=\"widget\" data-e-type=\"widget\" data-widget_type=\"image.default\">\n\t\t\t\t<div class=\"elementor-widget-container\">\n\t\t\t\t\t\t\t\t\t\t\t\t\t\t\t<img fetchpriority=\"high\" decoding=\"async\" width=\"2060\" height=\"200\" src=\"https:\/\/www.bodegasgranbazan.com\/web26\/wp-content\/uploads\/2026\/02\/igape-granbazan.png\" class=\"attachment-full size-full wp-image-15829\" alt=\"\" srcset=\"https:\/\/www.bodegasgranbazan.com\/web26\/wp-content\/uploads\/2026\/02\/igape-granbazan.png 2060w, https:\/\/www.bodegasgranbazan.com\/web26\/wp-content\/uploads\/2026\/02\/igape-granbazan-300x29.png 300w, https:\/\/www.bodegasgranbazan.com\/web26\/wp-content\/uploads\/2026\/02\/igape-granbazan-1024x99.png 1024w, https:\/\/www.bodegasgranbazan.com\/web26\/wp-content\/uploads\/2026\/02\/igape-granbazan-768x75.png 768w, https:\/\/www.bodegasgranbazan.com\/web26\/wp-content\/uploads\/2026\/02\/igape-granbazan-1536x149.png 1536w, https:\/\/www.bodegasgranbazan.com\/web26\/wp-content\/uploads\/2026\/02\/igape-granbazan-2048x199.png 2048w, https:\/\/www.bodegasgranbazan.com\/web26\/wp-content\/uploads\/2026\/02\/igape-granbazan-18x2.png 18w, https:\/\/www.bodegasgranbazan.com\/web26\/wp-content\/uploads\/2026\/02\/igape-granbazan-600x58.png 600w\" sizes=\"(max-width: 2060px) 100vw, 2060px\" \/>\t\t\t\t\t\t\t\t\t\t\t\t\t\t\t<\/div>\n\t\t\t\t<\/div>\n\t\t\t\t<div class=\"elementor-element elementor-element-470c66c0 elementor-widget-divider--view-line elementor-widget elementor-widget-divider\" data-id=\"470c66c0\" data-element_type=\"widget\" data-e-type=\"widget\" data-widget_type=\"divider.default\">\n\t\t\t\t<div class=\"elementor-widget-container\">\n\t\t\t\t\t\t\t<div class=\"elementor-divider\">\n\t\t\t<span class=\"elementor-divider-separator\">\n\t\t\t\t\t\t<\/span>\n\t\t<\/div>\n\t\t\t\t\t\t<\/div>\n\t\t\t\t<\/div>\n\t\t\t\t<div class=\"elementor-element elementor-element-480c4275 elementor-widget elementor-widget-heading\" data-id=\"480c4275\" data-element_type=\"widget\" data-e-type=\"widget\" data-widget_type=\"heading.default\">\n\t\t\t\t<div class=\"elementor-widget-container\">\n\t\t\t\t\t<h2 class=\"elementor-heading-title elementor-size-default\">Axudas do Igape Programa Plan Foexga 2019-2020<\/h2>\t\t\t\t<\/div>\n\t\t\t\t<\/div>\n\t\t\t\t\t<\/div>\n\t\t\t\t<\/div>\n\t\t<div class=\"elementor-element elementor-element-265321c6 e-flex e-con-boxed e-con e-parent\" data-id=\"265321c6\" data-element_type=\"container\" data-e-type=\"container\">\n\t\t\t\t\t<div class=\"e-con-inner\">\n\t\t<div class=\"elementor-element elementor-element-1562055e e-con-full e-flex e-con e-child\" data-id=\"1562055e\" data-element_type=\"container\" data-e-type=\"container\">\n\t\t\t\t<div class=\"elementor-element elementor-element-21138621 elementor-widget elementor-widget-text-editor\" data-id=\"21138621\" data-element_type=\"widget\" data-e-type=\"widget\" data-widget_type=\"text-editor.default\">\n\t\t\t\t<div class=\"elementor-widget-container\">\n\t\t\t\t\t\t\t\t\t<div class=\" vc_custom_1636785462976\"><div id=\"text-block-2\" class=\"mk-text-block  jupiter-donut- \"><p>Esta empresa participa nun proxecto de internacionalizaci\u00f3n, Operaci\u00f3n cofinanciada pola Uni\u00f3n Europea a trav\u00e9s do programa do Igape Plan Foexga 2019-2020.<\/p><p>Como apoio ao proceso de internacionalizaci\u00f3n Bodegas Granbaz\u00e1n, ten axuda concedida pola Xunta de Galicia a trav\u00e9s de Igape cofinanciada polo Fondo Europeo de Desenvolupamento Rexional no marco do programa operativo Feder de Galicia 2014-2020, OT3.<\/p><h3 style=\"text-align: center;\"><span style=\"text-decoration: underline;\"><strong>Conseguir un tecido empresarial m\u00e1is competitivo<\/strong><\/span><\/h3><h3 style=\"text-align: center;\"><span style=\"text-decoration: underline;\"><strong><em>Unha maneira de facer Europa<\/em><\/strong><\/span><\/h3><div class=\"clearboth\">\u00a0<\/div><\/div><\/div><div class=\" vc_custom_1672247650695\"><div id=\"text-block-3\" class=\"mk-text-block  jupiter-donut- \"><p>Esta empresa participa en el Plan PIP cofinanciado por el Fondo Europeo de Desarrollo Regional, Programa Operativo FEDER 2014-2020.<\/p><p><strong>Agro de Baz\u00e1n, S.A.<\/strong>\u00a0ha sido beneficiaria del Fondo Europeo de Desarrollo Regional, cuyo objetivo es conseguir un tejido empresarial m\u00e1s competitivo y gracias al que ha asistido a la acci\u00f3n\u00a0<strong>Misi\u00f3n Italia Vinos R\u00edas Baixas<\/strong>\u00a0para fomentar su internacionalizaci\u00f3n. Esta acci\u00f3n se ha desarrollado en las fechas\u00a0<strong>01\/11\/21 a 05\/11\/21<\/strong>. Para ello, ha contado con el apoyo del Programa Internacional de Promoci\u00f3n de la C\u00e1mara de Comercio de Espa\u00f1a. Una manera de hacer Europa<\/p><p>En 2022, Granbaz\u00e1n ha sido beneficiaria del Fondo Europeo de Desarrollo Regional cuyo objetivo es mejorar el uso y la calidad de las tecnolog\u00edas de la informaci\u00f3n y de las comunicaciones y el acceso a las mismas y gracias al cual ha realizado unos v\u00eddeos presentaci\u00f3n de su gama de vinos Granbaz\u00e1n para la mejora de posicionamiento y divulgaci\u00f3n de las peculiaridades de los vinos albari\u00f1os en el mercado australiano. Para ello ha contado con el apoyo de Xpande digital de la C\u00e1mara de Comercio de Pontevedra.<\/p><\/div><\/div>\t\t\t\t\t\t\t\t<\/div>\n\t\t\t\t<\/div>\n\t\t\t\t<\/div>\n\t\t\t\t\t<\/div>\n\t\t\t\t<\/div>\n\t\t<div class=\"elementor-element elementor-element-58b432a3 e-flex e-con-boxed e-con e-parent\" data-id=\"58b432a3\" data-element_type=\"container\" data-e-type=\"container\">\n\t\t\t\t\t<div class=\"e-con-inner\">\n\t\t\t\t<div class=\"elementor-element elementor-element-675c5ed5 elementor-widget elementor-widget-image\" data-id=\"675c5ed5\" data-element_type=\"widget\" data-e-type=\"widget\" data-widget_type=\"image.default\">\n\t\t\t\t<div class=\"elementor-widget-container\">\n\t\t\t\t\t\t\t\t\t\t\t\t\t\t\t<img decoding=\"async\" width=\"1024\" height=\"100\" src=\"https:\/\/www.bodegasgranbazan.com\/web26\/wp-content\/uploads\/2026\/02\/institutoenergeticogalicia-1024x100-1.png\" class=\"attachment-full size-full wp-image-15830\" alt=\"\" srcset=\"https:\/\/www.bodegasgranbazan.com\/web26\/wp-content\/uploads\/2026\/02\/institutoenergeticogalicia-1024x100-1.png 1024w, https:\/\/www.bodegasgranbazan.com\/web26\/wp-content\/uploads\/2026\/02\/institutoenergeticogalicia-1024x100-1-300x29.png 300w, https:\/\/www.bodegasgranbazan.com\/web26\/wp-content\/uploads\/2026\/02\/institutoenergeticogalicia-1024x100-1-768x75.png 768w, https:\/\/www.bodegasgranbazan.com\/web26\/wp-content\/uploads\/2026\/02\/institutoenergeticogalicia-1024x100-1-18x2.png 18w, https:\/\/www.bodegasgranbazan.com\/web26\/wp-content\/uploads\/2026\/02\/institutoenergeticogalicia-1024x100-1-600x59.png 600w\" sizes=\"(max-width: 1024px) 100vw, 1024px\" \/>\t\t\t\t\t\t\t\t\t\t\t\t\t\t\t<\/div>\n\t\t\t\t<\/div>\n\t\t\t\t<div class=\"elementor-element elementor-element-40f5ae1c elementor-widget-divider--view-line elementor-widget elementor-widget-divider\" data-id=\"40f5ae1c\" data-element_type=\"widget\" data-e-type=\"widget\" data-widget_type=\"divider.default\">\n\t\t\t\t<div class=\"elementor-widget-container\">\n\t\t\t\t\t\t\t<div class=\"elementor-divider\">\n\t\t\t<span class=\"elementor-divider-separator\">\n\t\t\t\t\t\t<\/span>\n\t\t<\/div>\n\t\t\t\t\t\t<\/div>\n\t\t\t\t<\/div>\n\t\t\t\t\t<\/div>\n\t\t\t\t<\/div>\n\t\t<div class=\"elementor-element elementor-element-201fe844 e-flex e-con-boxed e-con e-parent\" data-id=\"201fe844\" data-element_type=\"container\" data-e-type=\"container\">\n\t\t\t\t\t<div class=\"e-con-inner\">\n\t\t<div class=\"elementor-element elementor-element-fcccb1e e-con-full e-flex e-con e-child\" data-id=\"fcccb1e\" data-element_type=\"container\" data-e-type=\"container\">\n\t\t\t\t<div class=\"elementor-element elementor-element-66094f70 elementor-widget elementor-widget-text-editor\" data-id=\"66094f70\" data-element_type=\"widget\" data-e-type=\"widget\" data-widget_type=\"text-editor.default\">\n\t\t\t\t<div class=\"elementor-widget-container\">\n\t\t\t\t\t\t\t\t\t<h2 style=\"text-align: center;\">Convocatoria de Subvenci\u00f3ns do Instituto Enerx\u00e9tico de Galicia a proxectos de Enerx\u00eda Fotovoltaica, ano\u00a02019<\/h2><p style=\"text-align: center;\">Instalaci\u00f3n\u00a0fotovoltaica\u00a0de\u00a031,5\u00a0kWp\u00a0para\u00a0autoconsumo\u00a0en\u00a0Bodegas\u00a0Agro\u00a0de\u00a0Baz\u00e1n\u00a0S.A.<\/p><h4 style=\"text-align: center;\">Operaci\u00f3n\u00a0cofinanciada\u00a0pola\u00a0Uni\u00f3n\u00a0Europea<br \/>Programa\u00a0Operativo\u00a0FEDER\u00a0Galicia\u00a02014\u20102020<\/h4><h4 style=\"text-align: center;\">Conseguir\u00a0unha\u00a0econom\u00eda\u00a0mais\u00a0limpa\u00a0e\u00a0sostible<br \/>Unha\u00a0maneira\u00a0de\u00a0facer\u00a0Europa<\/h4>\t\t\t\t\t\t\t\t<\/div>\n\t\t\t\t<\/div>\n\t\t\t\t<div class=\"elementor-element elementor-element-2690d12 elementor-widget elementor-widget-image\" data-id=\"2690d12\" data-element_type=\"widget\" data-e-type=\"widget\" data-widget_type=\"image.default\">\n\t\t\t\t<div class=\"elementor-widget-container\">\n\t\t\t\t\t\t\t\t\t\t\t\t\t\t\t<img decoding=\"async\" width=\"150\" height=\"150\" src=\"https:\/\/www.bodegasgranbazan.com\/web26\/wp-content\/uploads\/2026\/02\/vagalume-150x150-1.png\" class=\"attachment-large size-large wp-image-15831\" alt=\"\" srcset=\"https:\/\/www.bodegasgranbazan.com\/web26\/wp-content\/uploads\/2026\/02\/vagalume-150x150-1.png 150w, https:\/\/www.bodegasgranbazan.com\/web26\/wp-content\/uploads\/2026\/02\/vagalume-150x150-1-12x12.png 12w, https:\/\/www.bodegasgranbazan.com\/web26\/wp-content\/uploads\/2026\/02\/vagalume-150x150-1-100x100.png 100w, https:\/\/www.bodegasgranbazan.com\/web26\/wp-content\/uploads\/2026\/02\/vagalume-150x150-1-50x50.png 50w\" sizes=\"(max-width: 150px) 100vw, 150px\" \/>\t\t\t\t\t\t\t\t\t\t\t\t\t\t\t<\/div>\n\t\t\t\t<\/div>\n\t\t\t\t<\/div>\n\t\t\t\t\t<\/div>\n\t\t\t\t<\/div>\n\t\t\t\t<\/div>\n\t\t","protected":false},"excerpt":{"rendered":"<p>Axudas do Igape Programa Plan Foexga 2019-2020 Esta empresa participa nun proxecto de internacionalizaci\u00f3n, Operaci\u00f3n cofinanciada pola Uni\u00f3n Europea a trav\u00e9s do programa do Igape Plan Foexga 2019-2020. Como apoio ao proceso de internacionalizaci\u00f3n Bodegas Granbaz\u00e1n, ten axuda concedida pola Xunta de Galicia a trav\u00e9s de Igape cofinanciada polo Fondo Europeo de Desenvolupamento Rexional no [&hellip;]<\/p>\n","protected":false},"author":1,"featured_media":0,"parent":0,"menu_order":0,"comment_status":"closed","ping_status":"closed","template":"","meta":{"_acf_changed":false,"footnotes":""},"class_list":["post-15810","page","type-page","status-publish","hentry"],"acf":[],"yoast_head":"<!-- This site is optimized with the Yoast SEO plugin v27.1.1 - https:\/\/yoast.com\/product\/yoast-seo-wordpress\/ -->\n<title>Axudas do Igape Programa Plan Foexga 2019-2020 - Granbaz\u00e1n - Bodegas GRANBAZ\u00c1N<\/title>\n<meta name=\"robots\" content=\"index, follow, max-snippet:-1, max-image-preview:large, max-video-preview:-1\" \/>\n<link rel=\"canonical\" href=\"https:\/\/www.bodegasgranbazan.com\/axudas-do-igape-programa-plan-foexga-2019-2020\/\" \/>\n<meta property=\"og:locale\" content=\"es_ES\" \/>\n<meta property=\"og:type\" content=\"article\" \/>\n<meta property=\"og:title\" content=\"Axudas do Igape Programa Plan Foexga 2019-2020 - Granbaz\u00e1n - Bodegas GRANBAZ\u00c1N\" \/>\n<meta property=\"og:description\" content=\"Axudas do Igape Programa Plan Foexga 2019-2020 Esta empresa participa nun proxecto de internacionalizaci\u00f3n, Operaci\u00f3n cofinanciada pola Uni\u00f3n Europea a trav\u00e9s do programa do Igape Plan Foexga 2019-2020. Como apoio ao proceso de internacionalizaci\u00f3n Bodegas Granbaz\u00e1n, ten axuda concedida pola Xunta de Galicia a trav\u00e9s de Igape cofinanciada polo Fondo Europeo de Desenvolupamento Rexional no [&hellip;]\" \/>\n<meta property=\"og:url\" content=\"https:\/\/www.bodegasgranbazan.com\/axudas-do-igape-programa-plan-foexga-2019-2020\/\" \/>\n<meta property=\"og:site_name\" content=\"Granbaz\u00e1n - Bodegas GRANBAZ\u00c1N\" \/>\n<meta property=\"article:modified_time\" content=\"2026-02-19T20:38:40+00:00\" \/>\n<meta property=\"og:image\" content=\"https:\/\/www.bodegasgranbazan.com\/web26\/wp-content\/uploads\/2026\/02\/igape-granbazan.png\" \/>\n\t<meta property=\"og:image:width\" content=\"2060\" \/>\n\t<meta property=\"og:image:height\" content=\"200\" \/>\n\t<meta property=\"og:image:type\" content=\"image\/png\" \/>\n<meta name=\"twitter:card\" content=\"summary_large_image\" \/>\n<meta name=\"twitter:label1\" content=\"Tiempo de lectura\" \/>\n\t<meta name=\"twitter:data1\" content=\"3 minutos\" \/>\n<script type=\"application\/ld+json\" class=\"yoast-schema-graph\">{\"@context\":\"https:\/\/schema.org\",\"@graph\":[{\"@type\":\"WebPage\",\"@id\":\"https:\/\/www.bodegasgranbazan.com\/axudas-do-igape-programa-plan-foexga-2019-2020\/\",\"url\":\"https:\/\/www.bodegasgranbazan.com\/axudas-do-igape-programa-plan-foexga-2019-2020\/\",\"name\":\"Axudas do Igape Programa Plan Foexga 2019-2020 - Granbaz\u00e1n - Bodegas GRANBAZ\u00c1N\",\"isPartOf\":{\"@id\":\"https:\/\/www.bodegasgranbazan.com\/#website\"},\"primaryImageOfPage\":{\"@id\":\"https:\/\/www.bodegasgranbazan.com\/axudas-do-igape-programa-plan-foexga-2019-2020\/#primaryimage\"},\"image\":{\"@id\":\"https:\/\/www.bodegasgranbazan.com\/axudas-do-igape-programa-plan-foexga-2019-2020\/#primaryimage\"},\"thumbnailUrl\":\"https:\/\/www.bodegasgranbazan.com\/web26\/wp-content\/uploads\/2026\/02\/igape-granbazan.png\",\"datePublished\":\"2026-02-19T20:26:21+00:00\",\"dateModified\":\"2026-02-19T20:38:40+00:00\",\"breadcrumb\":{\"@id\":\"https:\/\/www.bodegasgranbazan.com\/axudas-do-igape-programa-plan-foexga-2019-2020\/#breadcrumb\"},\"inLanguage\":\"es\",\"potentialAction\":[{\"@type\":\"ReadAction\",\"target\":[\"https:\/\/www.bodegasgranbazan.com\/axudas-do-igape-programa-plan-foexga-2019-2020\/\"]}]},{\"@type\":\"ImageObject\",\"inLanguage\":\"es\",\"@id\":\"https:\/\/www.bodegasgranbazan.com\/axudas-do-igape-programa-plan-foexga-2019-2020\/#primaryimage\",\"url\":\"https:\/\/www.bodegasgranbazan.com\/web26\/wp-content\/uploads\/2026\/02\/igape-granbazan.png\",\"contentUrl\":\"https:\/\/www.bodegasgranbazan.com\/web26\/wp-content\/uploads\/2026\/02\/igape-granbazan.png\",\"width\":2060,\"height\":200},{\"@type\":\"BreadcrumbList\",\"@id\":\"https:\/\/www.bodegasgranbazan.com\/axudas-do-igape-programa-plan-foexga-2019-2020\/#breadcrumb\",\"itemListElement\":[{\"@type\":\"ListItem\",\"position\":1,\"name\":\"Portada\",\"item\":\"https:\/\/www.bodegasgranbazan.com\/\"},{\"@type\":\"ListItem\",\"position\":2,\"name\":\"Axudas do Igape Programa Plan Foexga 2019-2020\"}]},{\"@type\":\"WebSite\",\"@id\":\"https:\/\/www.bodegasgranbazan.com\/#website\",\"url\":\"https:\/\/www.bodegasgranbazan.com\/\",\"name\":\"Bodegas Granbaz\u00e1n\",\"description\":\"Ubicada en el Valle del Saln\u00e9s, en el coraz\u00f3n de las R\u00edas Baixas.\",\"publisher\":{\"@id\":\"https:\/\/www.bodegasgranbazan.com\/#organization\"},\"potentialAction\":[{\"@type\":\"SearchAction\",\"target\":{\"@type\":\"EntryPoint\",\"urlTemplate\":\"https:\/\/www.bodegasgranbazan.com\/?s={search_term_string}\"},\"query-input\":{\"@type\":\"PropertyValueSpecification\",\"valueRequired\":true,\"valueName\":\"search_term_string\"}}],\"inLanguage\":\"es\"},{\"@type\":\"Organization\",\"@id\":\"https:\/\/www.bodegasgranbazan.com\/#organization\",\"name\":\"Bodegas Granbaz\u00e1n\",\"url\":\"https:\/\/www.bodegasgranbazan.com\/\",\"logo\":{\"@type\":\"ImageObject\",\"inLanguage\":\"es\",\"@id\":\"https:\/\/www.bodegasgranbazan.com\/#\/schema\/logo\/image\/\",\"url\":\"https:\/\/www.bodegasgranbazan.com\/web26\/wp-content\/uploads\/2026\/01\/granbazan-logo-def.webp\",\"contentUrl\":\"https:\/\/www.bodegasgranbazan.com\/web26\/wp-content\/uploads\/2026\/01\/granbazan-logo-def.webp\",\"width\":500,\"height\":264,\"caption\":\"Bodegas Granbaz\u00e1n\"},\"image\":{\"@id\":\"https:\/\/www.bodegasgranbazan.com\/#\/schema\/logo\/image\/\"}}]}<\/script>\n<!-- \/ Yoast SEO plugin. -->","yoast_head_json":{"title":"Axudas do Igape Programa Plan Foexga 2019-2020 - Granbaz\u00e1n - Bodegas GRANBAZ\u00c1N","robots":{"index":"index","follow":"follow","max-snippet":"max-snippet:-1","max-image-preview":"max-image-preview:large","max-video-preview":"max-video-preview:-1"},"canonical":"https:\/\/www.bodegasgranbazan.com\/axudas-do-igape-programa-plan-foexga-2019-2020\/","og_locale":"es_ES","og_type":"article","og_title":"Axudas do Igape Programa Plan Foexga 2019-2020 - Granbaz\u00e1n - Bodegas GRANBAZ\u00c1N","og_description":"Axudas do Igape Programa Plan Foexga 2019-2020 Esta empresa participa nun proxecto de internacionalizaci\u00f3n, Operaci\u00f3n cofinanciada pola Uni\u00f3n Europea a trav\u00e9s do programa do Igape Plan Foexga 2019-2020. Como apoio ao proceso de internacionalizaci\u00f3n Bodegas Granbaz\u00e1n, ten axuda concedida pola Xunta de Galicia a trav\u00e9s de Igape cofinanciada polo Fondo Europeo de Desenvolupamento Rexional no [&hellip;]","og_url":"https:\/\/www.bodegasgranbazan.com\/axudas-do-igape-programa-plan-foexga-2019-2020\/","og_site_name":"Granbaz\u00e1n - Bodegas GRANBAZ\u00c1N","article_modified_time":"2026-02-19T20:38:40+00:00","og_image":[{"width":2060,"height":200,"url":"https:\/\/www.bodegasgranbazan.com\/web26\/wp-content\/uploads\/2026\/02\/igape-granbazan.png","type":"image\/png"}],"twitter_card":"summary_large_image","twitter_misc":{"Tiempo de lectura":"3 minutos"},"schema":{"@context":"https:\/\/schema.org","@graph":[{"@type":"WebPage","@id":"https:\/\/www.bodegasgranbazan.com\/axudas-do-igape-programa-plan-foexga-2019-2020\/","url":"https:\/\/www.bodegasgranbazan.com\/axudas-do-igape-programa-plan-foexga-2019-2020\/","name":"Axudas do Igape Programa Plan Foexga 2019-2020 - Granbaz\u00e1n - Bodegas GRANBAZ\u00c1N","isPartOf":{"@id":"https:\/\/www.bodegasgranbazan.com\/#website"},"primaryImageOfPage":{"@id":"https:\/\/www.bodegasgranbazan.com\/axudas-do-igape-programa-plan-foexga-2019-2020\/#primaryimage"},"image":{"@id":"https:\/\/www.bodegasgranbazan.com\/axudas-do-igape-programa-plan-foexga-2019-2020\/#primaryimage"},"thumbnailUrl":"https:\/\/www.bodegasgranbazan.com\/web26\/wp-content\/uploads\/2026\/02\/igape-granbazan.png","datePublished":"2026-02-19T20:26:21+00:00","dateModified":"2026-02-19T20:38:40+00:00","breadcrumb":{"@id":"https:\/\/www.bodegasgranbazan.com\/axudas-do-igape-programa-plan-foexga-2019-2020\/#breadcrumb"},"inLanguage":"es","potentialAction":[{"@type":"ReadAction","target":["https:\/\/www.bodegasgranbazan.com\/axudas-do-igape-programa-plan-foexga-2019-2020\/"]}]},{"@type":"ImageObject","inLanguage":"es","@id":"https:\/\/www.bodegasgranbazan.com\/axudas-do-igape-programa-plan-foexga-2019-2020\/#primaryimage","url":"https:\/\/www.bodegasgranbazan.com\/web26\/wp-content\/uploads\/2026\/02\/igape-granbazan.png","contentUrl":"https:\/\/www.bodegasgranbazan.com\/web26\/wp-content\/uploads\/2026\/02\/igape-granbazan.png","width":2060,"height":200},{"@type":"BreadcrumbList","@id":"https:\/\/www.bodegasgranbazan.com\/axudas-do-igape-programa-plan-foexga-2019-2020\/#breadcrumb","itemListElement":[{"@type":"ListItem","position":1,"name":"Portada","item":"https:\/\/www.bodegasgranbazan.com\/"},{"@type":"ListItem","position":2,"name":"Axudas do Igape Programa Plan Foexga 2019-2020"}]},{"@type":"WebSite","@id":"https:\/\/www.bodegasgranbazan.com\/#website","url":"https:\/\/www.bodegasgranbazan.com\/","name":"Bodegas Granbaz\u00e1n","description":"Ubicada en el Valle del Saln\u00e9s, en el coraz\u00f3n de las R\u00edas Baixas.","publisher":{"@id":"https:\/\/www.bodegasgranbazan.com\/#organization"},"potentialAction":[{"@type":"SearchAction","target":{"@type":"EntryPoint","urlTemplate":"https:\/\/www.bodegasgranbazan.com\/?s={search_term_string}"},"query-input":{"@type":"PropertyValueSpecification","valueRequired":true,"valueName":"search_term_string"}}],"inLanguage":"es"},{"@type":"Organization","@id":"https:\/\/www.bodegasgranbazan.com\/#organization","name":"Bodegas Granbaz\u00e1n","url":"https:\/\/www.bodegasgranbazan.com\/","logo":{"@type":"ImageObject","inLanguage":"es","@id":"https:\/\/www.bodegasgranbazan.com\/#\/schema\/logo\/image\/","url":"https:\/\/www.bodegasgranbazan.com\/web26\/wp-content\/uploads\/2026\/01\/granbazan-logo-def.webp","contentUrl":"https:\/\/www.bodegasgranbazan.com\/web26\/wp-content\/uploads\/2026\/01\/granbazan-logo-def.webp","width":500,"height":264,"caption":"Bodegas Granbaz\u00e1n"},"image":{"@id":"https:\/\/www.bodegasgranbazan.com\/#\/schema\/logo\/image\/"}}]}},"_links":{"self":[{"href":"https:\/\/www.bodegasgranbazan.com\/web26\/index.php?rest_route=\/wp\/v2\/pages\/15810","targetHints":{"allow":["GET"]}}],"collection":[{"href":"https:\/\/www.bodegasgranbazan.com\/web26\/index.php?rest_route=\/wp\/v2\/pages"}],"about":[{"href":"https:\/\/www.bodegasgranbazan.com\/web26\/index.php?rest_route=\/wp\/v2\/types\/page"}],"author":[{"embeddable":true,"href":"https:\/\/www.bodegasgranbazan.com\/web26\/index.php?rest_route=\/wp\/v2\/users\/1"}],"replies":[{"embeddable":true,"href":"https:\/\/www.bodegasgranbazan.com\/web26\/index.php?rest_route=%2Fwp%2Fv2%2Fcomments&post=15810"}],"version-history":[{"count":5,"href":"https:\/\/www.bodegasgranbazan.com\/web26\/index.php?rest_route=\/wp\/v2\/pages\/15810\/revisions"}],"predecessor-version":[{"id":15834,"href":"https:\/\/www.bodegasgranbazan.com\/web26\/index.php?rest_route=\/wp\/v2\/pages\/15810\/revisions\/15834"}],"wp:attachment":[{"href":"https:\/\/www.bodegasgranbazan.com\/web26\/index.php?rest_route=%2Fwp%2Fv2%2Fmedia&parent=15810"}],"curies":[{"name":"wp","href":"https:\/\/api.w.org\/{rel}","templated":true}]}}