{"id":2142,"date":"2025-01-16T21:04:18","date_gmt":"2025-01-16T21:04:18","guid":{"rendered":"https:\/\/mdecomunicacion.com\/gb\/?post_type=product&#038;p=2142"},"modified":"2026-01-06T22:04:22","modified_gmt":"2026-01-06T22:04:22","slug":"baigorri-reserva","status":"publish","type":"product","link":"https:\/\/www.bodegasgranbazan.com\/producto\/baigorri-reserva\/","title":{"rendered":"Baigorri reserva"},"content":{"rendered":"<p>Nuestro Rioja Reserva que refleja sus or\u00edgenes: Los vi\u00f1edos de altura de la Sonsierra con sus suelos arcillo-calc\u00e1reos. Armon\u00eda perfecta entre concentraci\u00f3n y frescura, fruta madura y notas bals\u00e1micas. Un vino que tiene todo para hoy y para un gran futuro \u2014 ya un cl\u00e1sico moderno.<\/p>\n<p>Vino tinto Reserva elaborado con uvas de la variedad Tempranillo procedentes de vi\u00f1as viejas de m\u00e1s de 45 a\u00f1os cultivadas en vi\u00f1edos propios situados en el municipio de San Vicente de la Sonsierra.<\/p>\n<p>Tras una vendimia manual y selectiva, la uva despalillada se ha seleccionado a mano, grano a grano, utilizando mesas de selecci\u00f3n por vibraci\u00f3n y peso. Largas maceraciones y fermentaciones intracelulares con levaduras aut\u00f3ctonas en dep\u00f3sitos troncoc\u00f3nicos de acero inoxidable y en tinas de roble franc\u00e9s. Remontados naturales y extracci\u00f3n final por gravedad. Fermentaci\u00f3n malol\u00e1ctica y crianza de 18 meses en barricas nuevas de roble franc\u00e9s.<\/p>\n","protected":false},"excerpt":{"rendered":"<p>Vino tinto Reserva elaborado con uvas de la variedad Tempranillo procedentes de vi\u00f1as viejas de m\u00e1s de 45 a\u00f1os cultivadas en vi\u00f1edos propios situados en el municipio de San Vicente de la Sonsierra.<\/p>\n","protected":false},"featured_media":2145,"template":"","meta":{"_acf_changed":false},"product_brand":[],"product_cat":[35],"product_tag":[],"class_list":{"0":"post-2142","1":"product","2":"type-product","3":"status-publish","4":"has-post-thumbnail","6":"product_cat-vinos-baigorri","8":"first","9":"instock","10":"taxable","11":"shipping-taxable","12":"purchasable","13":"product-type-simple"},"acf":[],"yoast_head":"<!-- This site is optimized with the Yoast SEO plugin v27.1.1 - https:\/\/yoast.com\/product\/yoast-seo-wordpress\/ -->\n<title>Baigorri reserva - Granbaz\u00e1n - Bodegas GRANBAZ\u00c1N<\/title>\n<meta name=\"robots\" content=\"index, follow, max-snippet:-1, max-image-preview:large, max-video-preview:-1\" \/>\n<link rel=\"canonical\" href=\"https:\/\/www.bodegasgranbazan.com\/producto\/baigorri-reserva\/\" \/>\n<meta property=\"og:locale\" content=\"es_ES\" \/>\n<meta property=\"og:type\" content=\"article\" \/>\n<meta property=\"og:title\" content=\"Baigorri reserva - Granbaz\u00e1n - Bodegas GRANBAZ\u00c1N\" \/>\n<meta property=\"og:description\" content=\"Vino tinto Reserva elaborado con uvas de la variedad Tempranillo procedentes de vi\u00f1as viejas de m\u00e1s de 45 a\u00f1os cultivadas en vi\u00f1edos propios situados en el municipio de San Vicente de la Sonsierra.\" \/>\n<meta property=\"og:url\" content=\"https:\/\/www.bodegasgranbazan.com\/producto\/baigorri-reserva\/\" \/>\n<meta property=\"og:site_name\" content=\"Granbaz\u00e1n - Bodegas GRANBAZ\u00c1N\" \/>\n<meta property=\"article:modified_time\" content=\"2026-01-06T22:04:22+00:00\" \/>\n<meta property=\"og:image\" content=\"https:\/\/www.bodegasgranbazan.com\/web26\/wp-content\/uploads\/2025\/01\/RESERVA1x1.jpg\" \/>\n\t<meta property=\"og:image:width\" content=\"1900\" \/>\n\t<meta property=\"og:image:height\" content=\"1900\" \/>\n\t<meta property=\"og:image:type\" content=\"image\/jpeg\" \/>\n<meta name=\"twitter:card\" content=\"summary_large_image\" \/>\n<meta name=\"twitter:label1\" content=\"Tiempo de lectura\" \/>\n\t<meta name=\"twitter:data1\" content=\"1 minuto\" \/>\n<script type=\"application\/ld+json\" class=\"yoast-schema-graph\">{\"@context\":\"https:\/\/schema.org\",\"@graph\":[{\"@type\":\"WebPage\",\"@id\":\"https:\/\/www.bodegasgranbazan.com\/producto\/baigorri-reserva\/\",\"url\":\"https:\/\/www.bodegasgranbazan.com\/producto\/baigorri-reserva\/\",\"name\":\"Baigorri reserva - Granbaz\u00e1n - Bodegas GRANBAZ\u00c1N\",\"isPartOf\":{\"@id\":\"https:\/\/www.bodegasgranbazan.com\/#website\"},\"primaryImageOfPage\":{\"@id\":\"https:\/\/www.bodegasgranbazan.com\/producto\/baigorri-reserva\/#primaryimage\"},\"image\":{\"@id\":\"https:\/\/www.bodegasgranbazan.com\/producto\/baigorri-reserva\/#primaryimage\"},\"thumbnailUrl\":\"https:\/\/www.bodegasgranbazan.com\/web26\/wp-content\/uploads\/2025\/01\/RESERVA1x1.jpg\",\"datePublished\":\"2025-01-16T21:04:18+00:00\",\"dateModified\":\"2026-01-06T22:04:22+00:00\",\"breadcrumb\":{\"@id\":\"https:\/\/www.bodegasgranbazan.com\/producto\/baigorri-reserva\/#breadcrumb\"},\"inLanguage\":\"es\",\"potentialAction\":[{\"@type\":\"ReadAction\",\"target\":[\"https:\/\/www.bodegasgranbazan.com\/producto\/baigorri-reserva\/\"]}]},{\"@type\":\"ImageObject\",\"inLanguage\":\"es\",\"@id\":\"https:\/\/www.bodegasgranbazan.com\/producto\/baigorri-reserva\/#primaryimage\",\"url\":\"https:\/\/www.bodegasgranbazan.com\/web26\/wp-content\/uploads\/2025\/01\/RESERVA1x1.jpg\",\"contentUrl\":\"https:\/\/www.bodegasgranbazan.com\/web26\/wp-content\/uploads\/2025\/01\/RESERVA1x1.jpg\",\"width\":1900,\"height\":1900},{\"@type\":\"BreadcrumbList\",\"@id\":\"https:\/\/www.bodegasgranbazan.com\/producto\/baigorri-reserva\/#breadcrumb\",\"itemListElement\":[{\"@type\":\"ListItem\",\"position\":1,\"name\":\"Portada\",\"item\":\"https:\/\/www.bodegasgranbazan.com\/\"},{\"@type\":\"ListItem\",\"position\":2,\"name\":\"Tienda\",\"item\":\"https:\/\/www.bodegasgranbazan.com\/tienda\/\"},{\"@type\":\"ListItem\",\"position\":3,\"name\":\"Baigorri reserva\"}]},{\"@type\":\"WebSite\",\"@id\":\"https:\/\/www.bodegasgranbazan.com\/#website\",\"url\":\"https:\/\/www.bodegasgranbazan.com\/\",\"name\":\"Bodegas Granbaz\u00e1n\",\"description\":\"Ubicada en el Valle del Saln\u00e9s, en el coraz\u00f3n de las R\u00edas Baixas.\",\"publisher\":{\"@id\":\"https:\/\/www.bodegasgranbazan.com\/#organization\"},\"potentialAction\":[{\"@type\":\"SearchAction\",\"target\":{\"@type\":\"EntryPoint\",\"urlTemplate\":\"https:\/\/www.bodegasgranbazan.com\/?s={search_term_string}\"},\"query-input\":{\"@type\":\"PropertyValueSpecification\",\"valueRequired\":true,\"valueName\":\"search_term_string\"}}],\"inLanguage\":\"es\"},{\"@type\":\"Organization\",\"@id\":\"https:\/\/www.bodegasgranbazan.com\/#organization\",\"name\":\"Bodegas Granbaz\u00e1n\",\"url\":\"https:\/\/www.bodegasgranbazan.com\/\",\"logo\":{\"@type\":\"ImageObject\",\"inLanguage\":\"es\",\"@id\":\"https:\/\/www.bodegasgranbazan.com\/#\/schema\/logo\/image\/\",\"url\":\"https:\/\/www.bodegasgranbazan.com\/web26\/wp-content\/uploads\/2026\/01\/granbazan-logo-def.webp\",\"contentUrl\":\"https:\/\/www.bodegasgranbazan.com\/web26\/wp-content\/uploads\/2026\/01\/granbazan-logo-def.webp\",\"width\":500,\"height\":264,\"caption\":\"Bodegas Granbaz\u00e1n\"},\"image\":{\"@id\":\"https:\/\/www.bodegasgranbazan.com\/#\/schema\/logo\/image\/\"}}]}<\/script>\n<!-- \/ Yoast SEO plugin. -->","yoast_head_json":{"title":"Baigorri reserva - Granbaz\u00e1n - Bodegas GRANBAZ\u00c1N","robots":{"index":"index","follow":"follow","max-snippet":"max-snippet:-1","max-image-preview":"max-image-preview:large","max-video-preview":"max-video-preview:-1"},"canonical":"https:\/\/www.bodegasgranbazan.com\/producto\/baigorri-reserva\/","og_locale":"es_ES","og_type":"article","og_title":"Baigorri reserva - Granbaz\u00e1n - Bodegas GRANBAZ\u00c1N","og_description":"Vino tinto Reserva elaborado con uvas de la variedad Tempranillo procedentes de vi\u00f1as viejas de m\u00e1s de 45 a\u00f1os cultivadas en vi\u00f1edos propios situados en el municipio de San Vicente de la Sonsierra.","og_url":"https:\/\/www.bodegasgranbazan.com\/producto\/baigorri-reserva\/","og_site_name":"Granbaz\u00e1n - Bodegas GRANBAZ\u00c1N","article_modified_time":"2026-01-06T22:04:22+00:00","og_image":[{"width":1900,"height":1900,"url":"https:\/\/www.bodegasgranbazan.com\/web26\/wp-content\/uploads\/2025\/01\/RESERVA1x1.jpg","type":"image\/jpeg"}],"twitter_card":"summary_large_image","twitter_misc":{"Tiempo de lectura":"1 minuto"},"schema":{"@context":"https:\/\/schema.org","@graph":[{"@type":"WebPage","@id":"https:\/\/www.bodegasgranbazan.com\/producto\/baigorri-reserva\/","url":"https:\/\/www.bodegasgranbazan.com\/producto\/baigorri-reserva\/","name":"Baigorri reserva - Granbaz\u00e1n - Bodegas GRANBAZ\u00c1N","isPartOf":{"@id":"https:\/\/www.bodegasgranbazan.com\/#website"},"primaryImageOfPage":{"@id":"https:\/\/www.bodegasgranbazan.com\/producto\/baigorri-reserva\/#primaryimage"},"image":{"@id":"https:\/\/www.bodegasgranbazan.com\/producto\/baigorri-reserva\/#primaryimage"},"thumbnailUrl":"https:\/\/www.bodegasgranbazan.com\/web26\/wp-content\/uploads\/2025\/01\/RESERVA1x1.jpg","datePublished":"2025-01-16T21:04:18+00:00","dateModified":"2026-01-06T22:04:22+00:00","breadcrumb":{"@id":"https:\/\/www.bodegasgranbazan.com\/producto\/baigorri-reserva\/#breadcrumb"},"inLanguage":"es","potentialAction":[{"@type":"ReadAction","target":["https:\/\/www.bodegasgranbazan.com\/producto\/baigorri-reserva\/"]}]},{"@type":"ImageObject","inLanguage":"es","@id":"https:\/\/www.bodegasgranbazan.com\/producto\/baigorri-reserva\/#primaryimage","url":"https:\/\/www.bodegasgranbazan.com\/web26\/wp-content\/uploads\/2025\/01\/RESERVA1x1.jpg","contentUrl":"https:\/\/www.bodegasgranbazan.com\/web26\/wp-content\/uploads\/2025\/01\/RESERVA1x1.jpg","width":1900,"height":1900},{"@type":"BreadcrumbList","@id":"https:\/\/www.bodegasgranbazan.com\/producto\/baigorri-reserva\/#breadcrumb","itemListElement":[{"@type":"ListItem","position":1,"name":"Portada","item":"https:\/\/www.bodegasgranbazan.com\/"},{"@type":"ListItem","position":2,"name":"Tienda","item":"https:\/\/www.bodegasgranbazan.com\/tienda\/"},{"@type":"ListItem","position":3,"name":"Baigorri reserva"}]},{"@type":"WebSite","@id":"https:\/\/www.bodegasgranbazan.com\/#website","url":"https:\/\/www.bodegasgranbazan.com\/","name":"Bodegas Granbaz\u00e1n","description":"Ubicada en el Valle del Saln\u00e9s, en el coraz\u00f3n de las R\u00edas Baixas.","publisher":{"@id":"https:\/\/www.bodegasgranbazan.com\/#organization"},"potentialAction":[{"@type":"SearchAction","target":{"@type":"EntryPoint","urlTemplate":"https:\/\/www.bodegasgranbazan.com\/?s={search_term_string}"},"query-input":{"@type":"PropertyValueSpecification","valueRequired":true,"valueName":"search_term_string"}}],"inLanguage":"es"},{"@type":"Organization","@id":"https:\/\/www.bodegasgranbazan.com\/#organization","name":"Bodegas Granbaz\u00e1n","url":"https:\/\/www.bodegasgranbazan.com\/","logo":{"@type":"ImageObject","inLanguage":"es","@id":"https:\/\/www.bodegasgranbazan.com\/#\/schema\/logo\/image\/","url":"https:\/\/www.bodegasgranbazan.com\/web26\/wp-content\/uploads\/2026\/01\/granbazan-logo-def.webp","contentUrl":"https:\/\/www.bodegasgranbazan.com\/web26\/wp-content\/uploads\/2026\/01\/granbazan-logo-def.webp","width":500,"height":264,"caption":"Bodegas Granbaz\u00e1n"},"image":{"@id":"https:\/\/www.bodegasgranbazan.com\/#\/schema\/logo\/image\/"}}]}},"_links":{"self":[{"href":"https:\/\/www.bodegasgranbazan.com\/web26\/index.php?rest_route=\/wp\/v2\/product\/2142","targetHints":{"allow":["GET"]}}],"collection":[{"href":"https:\/\/www.bodegasgranbazan.com\/web26\/index.php?rest_route=\/wp\/v2\/product"}],"about":[{"href":"https:\/\/www.bodegasgranbazan.com\/web26\/index.php?rest_route=\/wp\/v2\/types\/product"}],"wp:featuredmedia":[{"embeddable":true,"href":"https:\/\/www.bodegasgranbazan.com\/web26\/index.php?rest_route=\/wp\/v2\/media\/2145"}],"wp:attachment":[{"href":"https:\/\/www.bodegasgranbazan.com\/web26\/index.php?rest_route=%2Fwp%2Fv2%2Fmedia&parent=2142"}],"wp:term":[{"taxonomy":"product_brand","embeddable":true,"href":"https:\/\/www.bodegasgranbazan.com\/web26\/index.php?rest_route=%2Fwp%2Fv2%2Fproduct_brand&post=2142"},{"taxonomy":"product_cat","embeddable":true,"href":"https:\/\/www.bodegasgranbazan.com\/web26\/index.php?rest_route=%2Fwp%2Fv2%2Fproduct_cat&post=2142"},{"taxonomy":"product_tag","embeddable":true,"href":"https:\/\/www.bodegasgranbazan.com\/web26\/index.php?rest_route=%2Fwp%2Fv2%2Fproduct_tag&post=2142"}],"curies":[{"name":"wp","href":"https:\/\/api.w.org\/{rel}","templated":true}]}}