{"id":2263,"date":"2025-01-21T04:48:48","date_gmt":"2025-01-21T04:48:48","guid":{"rendered":"https:\/\/mdecomunicacion.com\/gb\/?post_type=product&#038;p=2263"},"modified":"2026-04-15T18:48:34","modified_gmt":"2026-04-15T17:48:34","slug":"bono-regalo-menu-granbazan","status":"publish","type":"product","link":"https:\/\/www.bodegasgranbazan.com\/producto\/bono-regalo-menu-granbazan\/","title":{"rendered":"Bono regalo &#8211; Men\u00fa <span class=\"highlight\">Granbaz\u00e1n<\/span>"},"content":{"rendered":"<p>Disfruta de nuestro\u00a0<a href=\"https:\/\/www.bodegasgranbazan.com\/web26\/wp-content\/uploads\/2026\/02\/MENU-INVIERNO-GRANBAZAN-2026-CASTELLANO-scaled.jpg\"><em><strong>men\u00fa degustaci\u00f3n<\/strong><\/em><\/a>\u00a0creado por nuestra chef. Un men\u00fa elaborado con productos locales de temporada que contiene entrante, plato principal y postre.<\/p>\n<p>Durante el almuerzo contar\u00e1s tambi\u00e9n con nuestros vinos para acompa\u00f1ar la comida, pan y caf\u00e9 e infusiones.<\/p>\n<p>Consulta con la bodega el men\u00fa de temporada que tenemos en el momento de la reserva<\/p>\n<ul>\n<li><strong>Fechas:<\/strong> De mi\u00e9rcoles a viernes. S\u00e1bados, domingos y festivos consultar disponibilidad.<\/li>\n<li><strong>Reserva:<\/strong>\u00a0Es necesaria reserva previa con 48 horas de antelaci\u00f3n<\/li>\n<li><a href=\"https:\/\/www.bodegasgranbazan.com\/web26\/wp-content\/docs\/menu_esp.pdf\" target=\"_blank\" rel=\"noopener\">Ver el men\u00fa<\/a><\/li>\n<\/ul>\n","protected":false},"excerpt":{"rendered":"<p>Disfruta de nuestro\u00a0men\u00fa degustaci\u00f3n\u00a0creado por nuestra chef. Un men\u00fa elaborado con productos locales de temporada que contiene entrante, plato principal y postre. Durante el almuerzo contar\u00e1s tambi\u00e9n con nuestros vinos para acompa\u00f1ar la comida, pan y caf\u00e9 e infusiones. Consulta con la bodega el men\u00fa de temporada que tenemos en el momento de la reserva [&hellip;]<\/p>\n","protected":false},"featured_media":3033,"template":"","meta":{"_acf_changed":false},"product_brand":[],"product_cat":[36],"product_tag":[],"class_list":{"0":"post-2263","1":"product","2":"type-product","3":"status-publish","4":"has-post-thumbnail","6":"product_cat-experiencias","8":"first","9":"instock","10":"taxable","11":"shipping-taxable","12":"purchasable","13":"product-type-variable","14":"has-default-attributes"},"acf":[],"yoast_head":"<!-- This site is optimized with the Yoast SEO plugin v27.1.1 - https:\/\/yoast.com\/product\/yoast-seo-wordpress\/ -->\n<title>Bono regalo - Men\u00fa Granbaz\u00e1n - Granbaz\u00e1n - Bodegas GRANBAZ\u00c1N<\/title>\n<meta name=\"robots\" content=\"index, follow, max-snippet:-1, max-image-preview:large, max-video-preview:-1\" \/>\n<link rel=\"canonical\" href=\"https:\/\/www.bodegasgranbazan.com\/producto\/bono-regalo-menu-granbazan\/\" \/>\n<meta property=\"og:locale\" content=\"es_ES\" \/>\n<meta property=\"og:type\" content=\"article\" \/>\n<meta property=\"og:title\" content=\"Bono regalo - Men\u00fa Granbaz\u00e1n - Granbaz\u00e1n - Bodegas GRANBAZ\u00c1N\" \/>\n<meta property=\"og:description\" content=\"Disfruta de nuestro\u00a0men\u00fa degustaci\u00f3n\u00a0creado por nuestra chef. Un men\u00fa elaborado con productos locales de temporada que contiene entrante, plato principal y postre. Durante el almuerzo contar\u00e1s tambi\u00e9n con nuestros vinos para acompa\u00f1ar la comida, pan y caf\u00e9 e infusiones. Consulta con la bodega el men\u00fa de temporada que tenemos en el momento de la reserva [&hellip;]\" \/>\n<meta property=\"og:url\" content=\"https:\/\/www.bodegasgranbazan.com\/producto\/bono-regalo-menu-granbazan\/\" \/>\n<meta property=\"og:site_name\" content=\"Granbaz\u00e1n - Bodegas GRANBAZ\u00c1N\" \/>\n<meta property=\"article:modified_time\" content=\"2026-04-15T17:48:34+00:00\" \/>\n<meta property=\"og:image\" content=\"https:\/\/www.bodegasgranbazan.com\/web26\/wp-content\/uploads\/2025\/05\/menu-primavera-2-1-2.jpg\" \/>\n\t<meta property=\"og:image:width\" content=\"1600\" \/>\n\t<meta property=\"og:image:height\" content=\"1600\" \/>\n\t<meta property=\"og:image:type\" content=\"image\/jpeg\" \/>\n<meta name=\"twitter:card\" content=\"summary_large_image\" \/>\n<meta name=\"twitter:label1\" content=\"Tiempo de lectura\" \/>\n\t<meta name=\"twitter:data1\" content=\"1 minuto\" \/>\n<script type=\"application\/ld+json\" class=\"yoast-schema-graph\">{\"@context\":\"https:\/\/schema.org\",\"@graph\":[{\"@type\":\"WebPage\",\"@id\":\"https:\/\/www.bodegasgranbazan.com\/producto\/bono-regalo-menu-granbazan\/\",\"url\":\"https:\/\/www.bodegasgranbazan.com\/producto\/bono-regalo-menu-granbazan\/\",\"name\":\"Bono regalo - Men\u00fa Granbaz\u00e1n - Granbaz\u00e1n - Bodegas GRANBAZ\u00c1N\",\"isPartOf\":{\"@id\":\"https:\/\/www.bodegasgranbazan.com\/#website\"},\"primaryImageOfPage\":{\"@id\":\"https:\/\/www.bodegasgranbazan.com\/producto\/bono-regalo-menu-granbazan\/#primaryimage\"},\"image\":{\"@id\":\"https:\/\/www.bodegasgranbazan.com\/producto\/bono-regalo-menu-granbazan\/#primaryimage\"},\"thumbnailUrl\":\"https:\/\/www.bodegasgranbazan.com\/web26\/wp-content\/uploads\/2025\/05\/menu-primavera-2-1-2.jpg\",\"datePublished\":\"2025-01-21T04:48:48+00:00\",\"dateModified\":\"2026-04-15T17:48:34+00:00\",\"breadcrumb\":{\"@id\":\"https:\/\/www.bodegasgranbazan.com\/producto\/bono-regalo-menu-granbazan\/#breadcrumb\"},\"inLanguage\":\"es\",\"potentialAction\":[{\"@type\":\"ReadAction\",\"target\":[\"https:\/\/www.bodegasgranbazan.com\/producto\/bono-regalo-menu-granbazan\/\"]}]},{\"@type\":\"ImageObject\",\"inLanguage\":\"es\",\"@id\":\"https:\/\/www.bodegasgranbazan.com\/producto\/bono-regalo-menu-granbazan\/#primaryimage\",\"url\":\"https:\/\/www.bodegasgranbazan.com\/web26\/wp-content\/uploads\/2025\/05\/menu-primavera-2-1-2.jpg\",\"contentUrl\":\"https:\/\/www.bodegasgranbazan.com\/web26\/wp-content\/uploads\/2025\/05\/menu-primavera-2-1-2.jpg\",\"width\":1600,\"height\":1600},{\"@type\":\"BreadcrumbList\",\"@id\":\"https:\/\/www.bodegasgranbazan.com\/producto\/bono-regalo-menu-granbazan\/#breadcrumb\",\"itemListElement\":[{\"@type\":\"ListItem\",\"position\":1,\"name\":\"Portada\",\"item\":\"https:\/\/www.bodegasgranbazan.com\/\"},{\"@type\":\"ListItem\",\"position\":2,\"name\":\"Tienda\",\"item\":\"https:\/\/www.bodegasgranbazan.com\/tienda\/\"},{\"@type\":\"ListItem\",\"position\":3,\"name\":\"Bono regalo &#8211; Men\u00fa Granbaz\u00e1n\"}]},{\"@type\":\"WebSite\",\"@id\":\"https:\/\/www.bodegasgranbazan.com\/#website\",\"url\":\"https:\/\/www.bodegasgranbazan.com\/\",\"name\":\"Bodegas Granbaz\u00e1n\",\"description\":\"Ubicada en el Valle del Saln\u00e9s, en el coraz\u00f3n de las R\u00edas Baixas.\",\"publisher\":{\"@id\":\"https:\/\/www.bodegasgranbazan.com\/#organization\"},\"potentialAction\":[{\"@type\":\"SearchAction\",\"target\":{\"@type\":\"EntryPoint\",\"urlTemplate\":\"https:\/\/www.bodegasgranbazan.com\/?s={search_term_string}\"},\"query-input\":{\"@type\":\"PropertyValueSpecification\",\"valueRequired\":true,\"valueName\":\"search_term_string\"}}],\"inLanguage\":\"es\"},{\"@type\":\"Organization\",\"@id\":\"https:\/\/www.bodegasgranbazan.com\/#organization\",\"name\":\"Bodegas Granbaz\u00e1n\",\"url\":\"https:\/\/www.bodegasgranbazan.com\/\",\"logo\":{\"@type\":\"ImageObject\",\"inLanguage\":\"es\",\"@id\":\"https:\/\/www.bodegasgranbazan.com\/#\/schema\/logo\/image\/\",\"url\":\"https:\/\/www.bodegasgranbazan.com\/web26\/wp-content\/uploads\/2026\/01\/granbazan-logo-def.webp\",\"contentUrl\":\"https:\/\/www.bodegasgranbazan.com\/web26\/wp-content\/uploads\/2026\/01\/granbazan-logo-def.webp\",\"width\":500,\"height\":264,\"caption\":\"Bodegas Granbaz\u00e1n\"},\"image\":{\"@id\":\"https:\/\/www.bodegasgranbazan.com\/#\/schema\/logo\/image\/\"}}]}<\/script>\n<!-- \/ Yoast SEO plugin. -->","yoast_head_json":{"title":"Bono regalo - Men\u00fa Granbaz\u00e1n - Granbaz\u00e1n - Bodegas GRANBAZ\u00c1N","robots":{"index":"index","follow":"follow","max-snippet":"max-snippet:-1","max-image-preview":"max-image-preview:large","max-video-preview":"max-video-preview:-1"},"canonical":"https:\/\/www.bodegasgranbazan.com\/producto\/bono-regalo-menu-granbazan\/","og_locale":"es_ES","og_type":"article","og_title":"Bono regalo - Men\u00fa Granbaz\u00e1n - Granbaz\u00e1n - Bodegas GRANBAZ\u00c1N","og_description":"Disfruta de nuestro\u00a0men\u00fa degustaci\u00f3n\u00a0creado por nuestra chef. Un men\u00fa elaborado con productos locales de temporada que contiene entrante, plato principal y postre. Durante el almuerzo contar\u00e1s tambi\u00e9n con nuestros vinos para acompa\u00f1ar la comida, pan y caf\u00e9 e infusiones. Consulta con la bodega el men\u00fa de temporada que tenemos en el momento de la reserva [&hellip;]","og_url":"https:\/\/www.bodegasgranbazan.com\/producto\/bono-regalo-menu-granbazan\/","og_site_name":"Granbaz\u00e1n - Bodegas GRANBAZ\u00c1N","article_modified_time":"2026-04-15T17:48:34+00:00","og_image":[{"width":1600,"height":1600,"url":"https:\/\/www.bodegasgranbazan.com\/web26\/wp-content\/uploads\/2025\/05\/menu-primavera-2-1-2.jpg","type":"image\/jpeg"}],"twitter_card":"summary_large_image","twitter_misc":{"Tiempo de lectura":"1 minuto"},"schema":{"@context":"https:\/\/schema.org","@graph":[{"@type":"WebPage","@id":"https:\/\/www.bodegasgranbazan.com\/producto\/bono-regalo-menu-granbazan\/","url":"https:\/\/www.bodegasgranbazan.com\/producto\/bono-regalo-menu-granbazan\/","name":"Bono regalo - Men\u00fa Granbaz\u00e1n - Granbaz\u00e1n - Bodegas GRANBAZ\u00c1N","isPartOf":{"@id":"https:\/\/www.bodegasgranbazan.com\/#website"},"primaryImageOfPage":{"@id":"https:\/\/www.bodegasgranbazan.com\/producto\/bono-regalo-menu-granbazan\/#primaryimage"},"image":{"@id":"https:\/\/www.bodegasgranbazan.com\/producto\/bono-regalo-menu-granbazan\/#primaryimage"},"thumbnailUrl":"https:\/\/www.bodegasgranbazan.com\/web26\/wp-content\/uploads\/2025\/05\/menu-primavera-2-1-2.jpg","datePublished":"2025-01-21T04:48:48+00:00","dateModified":"2026-04-15T17:48:34+00:00","breadcrumb":{"@id":"https:\/\/www.bodegasgranbazan.com\/producto\/bono-regalo-menu-granbazan\/#breadcrumb"},"inLanguage":"es","potentialAction":[{"@type":"ReadAction","target":["https:\/\/www.bodegasgranbazan.com\/producto\/bono-regalo-menu-granbazan\/"]}]},{"@type":"ImageObject","inLanguage":"es","@id":"https:\/\/www.bodegasgranbazan.com\/producto\/bono-regalo-menu-granbazan\/#primaryimage","url":"https:\/\/www.bodegasgranbazan.com\/web26\/wp-content\/uploads\/2025\/05\/menu-primavera-2-1-2.jpg","contentUrl":"https:\/\/www.bodegasgranbazan.com\/web26\/wp-content\/uploads\/2025\/05\/menu-primavera-2-1-2.jpg","width":1600,"height":1600},{"@type":"BreadcrumbList","@id":"https:\/\/www.bodegasgranbazan.com\/producto\/bono-regalo-menu-granbazan\/#breadcrumb","itemListElement":[{"@type":"ListItem","position":1,"name":"Portada","item":"https:\/\/www.bodegasgranbazan.com\/"},{"@type":"ListItem","position":2,"name":"Tienda","item":"https:\/\/www.bodegasgranbazan.com\/tienda\/"},{"@type":"ListItem","position":3,"name":"Bono regalo &#8211; Men\u00fa Granbaz\u00e1n"}]},{"@type":"WebSite","@id":"https:\/\/www.bodegasgranbazan.com\/#website","url":"https:\/\/www.bodegasgranbazan.com\/","name":"Bodegas Granbaz\u00e1n","description":"Ubicada en el Valle del Saln\u00e9s, en el coraz\u00f3n de las R\u00edas Baixas.","publisher":{"@id":"https:\/\/www.bodegasgranbazan.com\/#organization"},"potentialAction":[{"@type":"SearchAction","target":{"@type":"EntryPoint","urlTemplate":"https:\/\/www.bodegasgranbazan.com\/?s={search_term_string}"},"query-input":{"@type":"PropertyValueSpecification","valueRequired":true,"valueName":"search_term_string"}}],"inLanguage":"es"},{"@type":"Organization","@id":"https:\/\/www.bodegasgranbazan.com\/#organization","name":"Bodegas Granbaz\u00e1n","url":"https:\/\/www.bodegasgranbazan.com\/","logo":{"@type":"ImageObject","inLanguage":"es","@id":"https:\/\/www.bodegasgranbazan.com\/#\/schema\/logo\/image\/","url":"https:\/\/www.bodegasgranbazan.com\/web26\/wp-content\/uploads\/2026\/01\/granbazan-logo-def.webp","contentUrl":"https:\/\/www.bodegasgranbazan.com\/web26\/wp-content\/uploads\/2026\/01\/granbazan-logo-def.webp","width":500,"height":264,"caption":"Bodegas Granbaz\u00e1n"},"image":{"@id":"https:\/\/www.bodegasgranbazan.com\/#\/schema\/logo\/image\/"}}]}},"_links":{"self":[{"href":"https:\/\/www.bodegasgranbazan.com\/web26\/index.php?rest_route=\/wp\/v2\/product\/2263","targetHints":{"allow":["GET"]}}],"collection":[{"href":"https:\/\/www.bodegasgranbazan.com\/web26\/index.php?rest_route=\/wp\/v2\/product"}],"about":[{"href":"https:\/\/www.bodegasgranbazan.com\/web26\/index.php?rest_route=\/wp\/v2\/types\/product"}],"wp:featuredmedia":[{"embeddable":true,"href":"https:\/\/www.bodegasgranbazan.com\/web26\/index.php?rest_route=\/wp\/v2\/media\/3033"}],"wp:attachment":[{"href":"https:\/\/www.bodegasgranbazan.com\/web26\/index.php?rest_route=%2Fwp%2Fv2%2Fmedia&parent=2263"}],"wp:term":[{"taxonomy":"product_brand","embeddable":true,"href":"https:\/\/www.bodegasgranbazan.com\/web26\/index.php?rest_route=%2Fwp%2Fv2%2Fproduct_brand&post=2263"},{"taxonomy":"product_cat","embeddable":true,"href":"https:\/\/www.bodegasgranbazan.com\/web26\/index.php?rest_route=%2Fwp%2Fv2%2Fproduct_cat&post=2263"},{"taxonomy":"product_tag","embeddable":true,"href":"https:\/\/www.bodegasgranbazan.com\/web26\/index.php?rest_route=%2Fwp%2Fv2%2Fproduct_tag&post=2263"}],"curies":[{"name":"wp","href":"https:\/\/api.w.org\/{rel}","templated":true}]}}