{"id":15323,"date":"2026-01-20T16:48:50","date_gmt":"2026-01-20T15:48:50","guid":{"rendered":"https:\/\/mdecomunicacion.com\/gb\/?page_id=15323"},"modified":"2026-01-20T16:50:15","modified_gmt":"2026-01-20T15:50:15","slug":"aviso-legal","status":"publish","type":"page","link":"https:\/\/www.bodegasgranbazan.com\/aviso-legal\/","title":{"rendered":"Aviso Legal"},"content":{"rendered":"\t\t<div data-elementor-type=\"wp-page\" data-elementor-id=\"15323\" class=\"elementor elementor-15323\" data-elementor-post-type=\"page\">\n\t\t\t\t<div class=\"elementor-element elementor-element-2938aa08 e-flex e-con-boxed e-con e-parent\" data-id=\"2938aa08\" data-element_type=\"container\" data-e-type=\"container\">\n\t\t\t\t\t<div class=\"e-con-inner\">\n\t\t\t\t<div class=\"elementor-element elementor-element-edf22fe elementor-widget elementor-widget-spacer\" data-id=\"edf22fe\" data-element_type=\"widget\" data-e-type=\"widget\" data-widget_type=\"spacer.default\">\n\t\t\t\t<div class=\"elementor-widget-container\">\n\t\t\t\t\t\t\t<div class=\"elementor-spacer\">\n\t\t\t<div class=\"elementor-spacer-inner\"><\/div>\n\t\t<\/div>\n\t\t\t\t\t\t<\/div>\n\t\t\t\t<\/div>\n\t\t\t\t<div class=\"elementor-element elementor-element-6693b0e0 elementor-widget elementor-widget-text-editor\" data-id=\"6693b0e0\" data-element_type=\"widget\" data-e-type=\"widget\" data-widget_type=\"text-editor.default\">\n\t\t\t\t<div class=\"elementor-widget-container\">\n\t\t\t\t\t\t\t\t\t<h3 style=\"text-align: center;\"><strong> AVISO LEGAL<\/strong><\/h3><ol><li><a href=\"https:\/\/www.bodegasgranbazan.com\">www.bodegasgranbazan.com<\/a> es la p\u00e1gina web en la que Agro de Baz\u00e1n, S.A con CIF A-36034668 ejerce su actividad comercial (en adelante Agro de Baz\u00e1n).<\/li><li>La utilizaci\u00f3n de este espacio web est\u00e1 sujeta a la aceptaci\u00f3n plena por parte del Usuario de este aviso legal y condiciones de uso, o bien de aquellas que se encuentren vigentes en cada momento en que el usuario acceda al mismo as\u00ed como de las condiciones generales de contrataci\u00f3n de los productos y servicios que ofrece.<\/li><li>S\u00f3lo se permite el acceso a este sitio web, as\u00ed como su uso con fines l\u00edcitos, ajust\u00e1ndose en todo momento su uso a las presentes Condiciones de uso, la ley aplicable en cada momento, as\u00ed como la moral, buenas costumbres y orden p\u00fablico. La empresa se reserva el derecho a retirar el acceso a este sitio, sin necesidad de previo aviso, a cualquier usuario que contravenga lo dispuesto en este aviso legal, as\u00ed como a poner en conocimiento de las autoridades competentes la realizaci\u00f3n de actividades que pudiesen ser constitutivas de delito.<\/li><li>Agro de Baz\u00e1n se reserva el derecho unilateral de modificar en cualquier momento las presentes Condiciones de Uso as\u00ed como cualesquiera otras condiciones generales o particulares de su p\u00e1gina web. Tambi\u00e9n se reserva el derecho a modificar en cualquier momento la presentaci\u00f3n, configuraci\u00f3n y localizaci\u00f3n del Sitio Web, as\u00ed como los contenidos y las condiciones requeridas para utilizar los mismos.<\/li><li>El Usuario reconoce que el acceso a este sitio se realiza bajo su libre consentimiento y es responsabilidad exclusiva suya.<\/li><li>Agro de Baz\u00e1n se reserva el derecho de poner en conocimiento de la Autoridad competente cualquier otro uso que pueda atentar contra sus intereses o derechos o puedan ser constitutivos de delito.<\/li><li>Agro de Baz\u00e1n se reserva el derecho a poner fin a este servicio web en cualquier momento sin m\u00e1s requisito que el aviso en las presentes condiciones con 15 d\u00edas de antelaci\u00f3n.<\/li><\/ol><p>\u00a0<\/p><h3><strong> CL\u00c1USULA DE RESERVA DE DERECHO DE ACCESO<\/strong><\/h3><ol><li>La tienda online de la p\u00e1gina web de Agro de Baz\u00e1n, dispone de art\u00edculos a la venta restringidos legalmente a su venta a menores de edad, por lo que el acceso a dicha \u00e1rea se reserva a mayores de 18 a\u00f1os.<\/li><li>Agro de Baz\u00e1n establece los controles que en funci\u00f3n de sus recursos y estado de la t\u00e9cnica considera adecuados para controlar dicho acceso.<\/li><li>El usuario conoce esta limitaci\u00f3n y el acceso a dicha zona se realiza bajo su exclusiva responsabilidad.<\/li><\/ol><p>\u00a0<\/p><h3><strong> CL\u00c1USULA DE EXCLUSI\u00d3N DE RESPONSABILIDAD<\/strong><\/h3><ol><li>Agro de Baz\u00e1n, no puede garantizar la disponibilidad permanente del servicio que ofrece este sitio, ni se hace responsable de cualesquiera da\u00f1os y perjuicios producidos o que puedan producirse en el futuro, ni de los defectos t\u00e9cnicos, cualquiera que sea su naturaleza, que se deriven del uso de la informaci\u00f3n contenida en el Web este sitio.<\/li><li>En el caso de que, por un ataque inform\u00e1tico, se produjesen errores en la informaci\u00f3n facilitada, Agro de Baz\u00e1n no se hace responsable de tales errores as\u00ed como de los da\u00f1os causados por el uso de la informaci\u00f3n derivada de dichos errores.<\/li><li>Agro de Baz\u00e1n, S.A ofrece enlaces de terceros que entiende que pueden ser de inter\u00e9s en su p\u00e1gina web para los visitantes, no haci\u00e9ndose responsable en ning\u00fan caso del contenido e informaci\u00f3n que puedan suministrar.<\/li><li>El contenido de esta web es meramente informativo, no haci\u00e9ndose responsable en ning\u00fan momento acerca de los posibles errores producidos en su presentaci\u00f3n. Si desea informaci\u00f3n m\u00e1s detallada, puede ponerse en contacto a trav\u00e9s de la direcci\u00f3n de correo agrodebazan@agrodebazan.com.<\/li><\/ol><p>\u00a0<\/p><h3><strong>REGISTRO DE USUARIOS<\/strong><\/h3><p>El usuario puede registrar una cuenta en nuestra p\u00e1gina web aceptando nuestra <a href=\"https:\/\/www.bodegasgranbazan.com\/politica-de-privacidad\/\" target=\"_blank\" rel=\"noopener\"><strong>pol\u00edtica de privacidad<\/strong><\/a>.<\/p><p>La creaci\u00f3n de una cuenta supone la aceptaci\u00f3n de estas condiciones:<\/p><ol><li>Su cuenta es personal e intransferible.<\/li><li>El usuario debe proteger y salvaguardar sus credenciales de acceso, incluida su contrase\u00f1a.<\/li><li>Cualquier uso de sus credenciales de acceso sin que hubiese mediado notificaci\u00f3n de robo o p\u00e9rdida por parte del usuario se entender\u00e1 efectuado por parte del usuario.<\/li><li>Agro de Baz\u00e1n se reserva el derecho de restringir el acceso a su espacio web por motivos de seguridad o mantenimiento.<\/li><\/ol><p>\u00a0<\/p><h3><strong> R\u00c9GIMEN DE PROPIEDAD INDUSTRIAL E INTELECTUAL <\/strong><\/h3><ol><li>La propiedad industrial e intelectual de cuantos logos, emblemas, o cualquier elemento incorporado en el dise\u00f1o de este sitio pertenece en exclusiva a Agro de Baz\u00e1n. El logotipo de Agro de Baz\u00e1n se encuentra registrado y protegido por derechos de propiedad industrial. El Usuario reconoce y acepta estos derechos. Los elementos de esta web sobre los que Agro de Baz\u00e1n no tiene derechos de propiedad intelectual o industrial son usados con el correspondiente permiso.<\/li><li>Queda prohibida la reproducci\u00f3n de todo o parte del contenido de www.agrodebazan.com as\u00ed como su transmisi\u00f3n o registrado por ning\u00fan sistema de recuperaci\u00f3n de informaci\u00f3n, en ninguna forma ni en ning\u00fan medio, a menos que se cuente con la autorizaci\u00f3n previa, por escrito, de Agro de Baz\u00e1n.<\/li><li>No est\u00e1 permitido eludir los derechos de Agro de Baz\u00e1n sobre los elementos gr\u00e1ficos protegidos por derechos de autor, as\u00ed como eludir o tratar de eludir los sistemas que haya o pueda haber de protecci\u00f3n del los contenidos. Se permite el derecho de cita siempre que se indique la fuente de la que proviene.<\/li><li>Cualquier violaci\u00f3n de los derechos de propiedad intelectual o industrial de este portal o los elementos de Agro de Baz\u00e1n, ser\u00e1 objeto de las oportunas medidas legales para lograr la protecci\u00f3n de \u00e9stos.<\/li><\/ol><p>\u00a0<\/p><h3><strong>LEGISLACI\u00d3N APLICABLE<\/strong><\/h3><ol><li>Agro de Baz\u00e1n informa que este sitio web se encuentra alojado en Espa\u00f1a, pa\u00eds en el que ofrece sus servicios, y por ello la \u00fanica legislaci\u00f3n aplicable para resolver cualquier conflicto respecto a la interpretaci\u00f3n de estas condiciones, es la legislaci\u00f3n espa\u00f1ola, as\u00ed como los Tratados Internacionales que haya suscrito Espa\u00f1a.<\/li><li>De conformidad con la legislaci\u00f3n de consumidores y usuarios las partes se someten a la competencia de los Tribunales del domicilio del consumidor.<\/li><\/ol><p>\u00a0<\/p><h3><strong>COMO PONERSE EN CONTACTO <\/strong><\/h3><p>Si desea aclarar cualquier aspecto acerca de las condiciones de uso descritas, puede dirigirse a las siguientes direcciones:<\/p><p>agrodebazan@agrodebazan.com si lo hace a trav\u00e9s de correo electr\u00f3nico o bien por escrito a Agro de Baz\u00e1n, S.A. lugar de Tremoedo 46, Vilanova de Arouda, 36628, Pontevedra.<\/p><p>\u00a0<\/p><h3><strong>DATOS IDENTIFICATIVOS DEL PRESTADOR DE SERVICIOS <\/strong><\/h3><ul><li><strong>\u00a0<\/strong>Agro de Baz\u00e1n, S.A. A-36034668<\/li><li>Domicilio Social: Lugar de Tremoedo 46, Vilanova de Arousa, 36628, Pontevedra<\/li><li>Tel\u00e9fono: 986 55 55 62<\/li><li>Correo electr\u00f3nico: <a href=\"mailto:agrodebazan@agrodebazan.com\">agrodebazan@agrodebazan.com<\/a><\/li><li>Inscripci\u00f3n\u00a0 de la hoja 6010 n\u00famero, al folio 224 del Tomo 404 . Inscripci\u00f3n 1\u00aa el 8\/8\/1985<\/li><\/ul><p>\u00a0<\/p>\t\t\t\t\t\t\t\t<\/div>\n\t\t\t\t<\/div>\n\t\t\t\t\t<\/div>\n\t\t\t\t<\/div>\n\t\t\t\t<\/div>\n\t\t","protected":false},"excerpt":{"rendered":"<p>AVISO LEGAL www.bodegasgranbazan.com es la p\u00e1gina web en la que Agro de Baz\u00e1n, S.A con CIF A-36034668 ejerce su actividad comercial (en adelante Agro de Baz\u00e1n). La utilizaci\u00f3n de este espacio web est\u00e1 sujeta a la aceptaci\u00f3n plena por parte del Usuario de este aviso legal y condiciones de uso, o bien de aquellas que [&hellip;]<\/p>\n","protected":false},"author":1,"featured_media":0,"parent":0,"menu_order":0,"comment_status":"closed","ping_status":"open","template":"","meta":{"_acf_changed":false,"footnotes":""},"class_list":["post-15323","page","type-page","status-publish","hentry"],"acf":[],"yoast_head":"<!-- This site is optimized with the Yoast SEO plugin v27.1.1 - https:\/\/yoast.com\/product\/yoast-seo-wordpress\/ -->\n<title>Aviso Legal - Granbaz\u00e1n - Bodegas GRANBAZ\u00c1N<\/title>\n<meta name=\"robots\" content=\"index, follow, max-snippet:-1, max-image-preview:large, max-video-preview:-1\" \/>\n<link rel=\"canonical\" href=\"https:\/\/www.bodegasgranbazan.com\/aviso-legal\/\" \/>\n<meta property=\"og:locale\" content=\"es_ES\" \/>\n<meta property=\"og:type\" content=\"article\" \/>\n<meta property=\"og:title\" content=\"Aviso Legal - Granbaz\u00e1n - Bodegas GRANBAZ\u00c1N\" \/>\n<meta property=\"og:description\" content=\"AVISO LEGAL www.bodegasgranbazan.com es la p\u00e1gina web en la que Agro de Baz\u00e1n, S.A con CIF A-36034668 ejerce su actividad comercial (en adelante Agro de Baz\u00e1n). La utilizaci\u00f3n de este espacio web est\u00e1 sujeta a la aceptaci\u00f3n plena por parte del Usuario de este aviso legal y condiciones de uso, o bien de aquellas que [&hellip;]\" \/>\n<meta property=\"og:url\" content=\"https:\/\/www.bodegasgranbazan.com\/aviso-legal\/\" \/>\n<meta property=\"og:site_name\" content=\"Granbaz\u00e1n - Bodegas GRANBAZ\u00c1N\" \/>\n<meta property=\"article:modified_time\" content=\"2026-01-20T15:50:15+00:00\" \/>\n<meta name=\"twitter:card\" content=\"summary_large_image\" \/>\n<meta name=\"twitter:label1\" content=\"Tiempo de lectura\" \/>\n\t<meta name=\"twitter:data1\" content=\"5 minutos\" \/>\n<script type=\"application\/ld+json\" class=\"yoast-schema-graph\">{\"@context\":\"https:\/\/schema.org\",\"@graph\":[{\"@type\":\"WebPage\",\"@id\":\"https:\/\/www.bodegasgranbazan.com\/aviso-legal\/\",\"url\":\"https:\/\/www.bodegasgranbazan.com\/aviso-legal\/\",\"name\":\"Aviso Legal - Granbaz\u00e1n - Bodegas GRANBAZ\u00c1N\",\"isPartOf\":{\"@id\":\"https:\/\/www.bodegasgranbazan.com\/#website\"},\"datePublished\":\"2026-01-20T15:48:50+00:00\",\"dateModified\":\"2026-01-20T15:50:15+00:00\",\"breadcrumb\":{\"@id\":\"https:\/\/www.bodegasgranbazan.com\/aviso-legal\/#breadcrumb\"},\"inLanguage\":\"es\",\"potentialAction\":[{\"@type\":\"ReadAction\",\"target\":[\"https:\/\/www.bodegasgranbazan.com\/aviso-legal\/\"]}]},{\"@type\":\"BreadcrumbList\",\"@id\":\"https:\/\/www.bodegasgranbazan.com\/aviso-legal\/#breadcrumb\",\"itemListElement\":[{\"@type\":\"ListItem\",\"position\":1,\"name\":\"Portada\",\"item\":\"https:\/\/www.bodegasgranbazan.com\/\"},{\"@type\":\"ListItem\",\"position\":2,\"name\":\"Aviso Legal\"}]},{\"@type\":\"WebSite\",\"@id\":\"https:\/\/www.bodegasgranbazan.com\/#website\",\"url\":\"https:\/\/www.bodegasgranbazan.com\/\",\"name\":\"Bodegas Granbaz\u00e1n\",\"description\":\"Ubicada en el Valle del Saln\u00e9s, en el coraz\u00f3n de las R\u00edas Baixas.\",\"publisher\":{\"@id\":\"https:\/\/www.bodegasgranbazan.com\/#organization\"},\"potentialAction\":[{\"@type\":\"SearchAction\",\"target\":{\"@type\":\"EntryPoint\",\"urlTemplate\":\"https:\/\/www.bodegasgranbazan.com\/?s={search_term_string}\"},\"query-input\":{\"@type\":\"PropertyValueSpecification\",\"valueRequired\":true,\"valueName\":\"search_term_string\"}}],\"inLanguage\":\"es\"},{\"@type\":\"Organization\",\"@id\":\"https:\/\/www.bodegasgranbazan.com\/#organization\",\"name\":\"Bodegas Granbaz\u00e1n\",\"url\":\"https:\/\/www.bodegasgranbazan.com\/\",\"logo\":{\"@type\":\"ImageObject\",\"inLanguage\":\"es\",\"@id\":\"https:\/\/www.bodegasgranbazan.com\/#\/schema\/logo\/image\/\",\"url\":\"https:\/\/www.bodegasgranbazan.com\/web26\/wp-content\/uploads\/2026\/01\/granbazan-logo-def.webp\",\"contentUrl\":\"https:\/\/www.bodegasgranbazan.com\/web26\/wp-content\/uploads\/2026\/01\/granbazan-logo-def.webp\",\"width\":500,\"height\":264,\"caption\":\"Bodegas Granbaz\u00e1n\"},\"image\":{\"@id\":\"https:\/\/www.bodegasgranbazan.com\/#\/schema\/logo\/image\/\"}}]}<\/script>\n<!-- \/ Yoast SEO plugin. -->","yoast_head_json":{"title":"Aviso Legal - Granbaz\u00e1n - Bodegas GRANBAZ\u00c1N","robots":{"index":"index","follow":"follow","max-snippet":"max-snippet:-1","max-image-preview":"max-image-preview:large","max-video-preview":"max-video-preview:-1"},"canonical":"https:\/\/www.bodegasgranbazan.com\/aviso-legal\/","og_locale":"es_ES","og_type":"article","og_title":"Aviso Legal - Granbaz\u00e1n - Bodegas GRANBAZ\u00c1N","og_description":"AVISO LEGAL www.bodegasgranbazan.com es la p\u00e1gina web en la que Agro de Baz\u00e1n, S.A con CIF A-36034668 ejerce su actividad comercial (en adelante Agro de Baz\u00e1n). La utilizaci\u00f3n de este espacio web est\u00e1 sujeta a la aceptaci\u00f3n plena por parte del Usuario de este aviso legal y condiciones de uso, o bien de aquellas que [&hellip;]","og_url":"https:\/\/www.bodegasgranbazan.com\/aviso-legal\/","og_site_name":"Granbaz\u00e1n - Bodegas GRANBAZ\u00c1N","article_modified_time":"2026-01-20T15:50:15+00:00","twitter_card":"summary_large_image","twitter_misc":{"Tiempo de lectura":"5 minutos"},"schema":{"@context":"https:\/\/schema.org","@graph":[{"@type":"WebPage","@id":"https:\/\/www.bodegasgranbazan.com\/aviso-legal\/","url":"https:\/\/www.bodegasgranbazan.com\/aviso-legal\/","name":"Aviso Legal - Granbaz\u00e1n - Bodegas GRANBAZ\u00c1N","isPartOf":{"@id":"https:\/\/www.bodegasgranbazan.com\/#website"},"datePublished":"2026-01-20T15:48:50+00:00","dateModified":"2026-01-20T15:50:15+00:00","breadcrumb":{"@id":"https:\/\/www.bodegasgranbazan.com\/aviso-legal\/#breadcrumb"},"inLanguage":"es","potentialAction":[{"@type":"ReadAction","target":["https:\/\/www.bodegasgranbazan.com\/aviso-legal\/"]}]},{"@type":"BreadcrumbList","@id":"https:\/\/www.bodegasgranbazan.com\/aviso-legal\/#breadcrumb","itemListElement":[{"@type":"ListItem","position":1,"name":"Portada","item":"https:\/\/www.bodegasgranbazan.com\/"},{"@type":"ListItem","position":2,"name":"Aviso Legal"}]},{"@type":"WebSite","@id":"https:\/\/www.bodegasgranbazan.com\/#website","url":"https:\/\/www.bodegasgranbazan.com\/","name":"Bodegas Granbaz\u00e1n","description":"Ubicada en el Valle del Saln\u00e9s, en el coraz\u00f3n de las R\u00edas Baixas.","publisher":{"@id":"https:\/\/www.bodegasgranbazan.com\/#organization"},"potentialAction":[{"@type":"SearchAction","target":{"@type":"EntryPoint","urlTemplate":"https:\/\/www.bodegasgranbazan.com\/?s={search_term_string}"},"query-input":{"@type":"PropertyValueSpecification","valueRequired":true,"valueName":"search_term_string"}}],"inLanguage":"es"},{"@type":"Organization","@id":"https:\/\/www.bodegasgranbazan.com\/#organization","name":"Bodegas Granbaz\u00e1n","url":"https:\/\/www.bodegasgranbazan.com\/","logo":{"@type":"ImageObject","inLanguage":"es","@id":"https:\/\/www.bodegasgranbazan.com\/#\/schema\/logo\/image\/","url":"https:\/\/www.bodegasgranbazan.com\/web26\/wp-content\/uploads\/2026\/01\/granbazan-logo-def.webp","contentUrl":"https:\/\/www.bodegasgranbazan.com\/web26\/wp-content\/uploads\/2026\/01\/granbazan-logo-def.webp","width":500,"height":264,"caption":"Bodegas Granbaz\u00e1n"},"image":{"@id":"https:\/\/www.bodegasgranbazan.com\/#\/schema\/logo\/image\/"}}]}},"_links":{"self":[{"href":"https:\/\/www.bodegasgranbazan.com\/web26\/index.php?rest_route=\/wp\/v2\/pages\/15323","targetHints":{"allow":["GET"]}}],"collection":[{"href":"https:\/\/www.bodegasgranbazan.com\/web26\/index.php?rest_route=\/wp\/v2\/pages"}],"about":[{"href":"https:\/\/www.bodegasgranbazan.com\/web26\/index.php?rest_route=\/wp\/v2\/types\/page"}],"author":[{"embeddable":true,"href":"https:\/\/www.bodegasgranbazan.com\/web26\/index.php?rest_route=\/wp\/v2\/users\/1"}],"replies":[{"embeddable":true,"href":"https:\/\/www.bodegasgranbazan.com\/web26\/index.php?rest_route=%2Fwp%2Fv2%2Fcomments&post=15323"}],"version-history":[{"count":4,"href":"https:\/\/www.bodegasgranbazan.com\/web26\/index.php?rest_route=\/wp\/v2\/pages\/15323\/revisions"}],"predecessor-version":[{"id":15327,"href":"https:\/\/www.bodegasgranbazan.com\/web26\/index.php?rest_route=\/wp\/v2\/pages\/15323\/revisions\/15327"}],"wp:attachment":[{"href":"https:\/\/www.bodegasgranbazan.com\/web26\/index.php?rest_route=%2Fwp%2Fv2%2Fmedia&parent=15323"}],"curies":[{"name":"wp","href":"https:\/\/api.w.org\/{rel}","templated":true}]}}