{"id":15780,"date":"2026-02-19T12:01:56","date_gmt":"2026-02-19T11:01:56","guid":{"rendered":"https:\/\/www.bodegasgranbazan.com\/?page_id=15780"},"modified":"2026-02-19T12:13:14","modified_gmt":"2026-02-19T11:13:14","slug":"ayudas-eu","status":"publish","type":"page","link":"https:\/\/www.bodegasgranbazan.com\/ayudas-eu\/","title":{"rendered":"Ayudas EU"},"content":{"rendered":"\t\t<div data-elementor-type=\"wp-page\" data-elementor-id=\"15780\" class=\"elementor elementor-15780\" data-elementor-post-type=\"page\">\n\t\t\t\t<div class=\"elementor-element elementor-element-9865b6b e-flex e-con-boxed e-con e-parent\" data-id=\"9865b6b\" data-element_type=\"container\" data-e-type=\"container\">\n\t\t\t\t\t<div class=\"e-con-inner\">\n\t\t\t\t<div class=\"elementor-element elementor-element-316342d elementor-widget elementor-widget-spacer\" data-id=\"316342d\" data-element_type=\"widget\" data-e-type=\"widget\" data-widget_type=\"spacer.default\">\n\t\t\t\t<div class=\"elementor-widget-container\">\n\t\t\t\t\t\t\t<div class=\"elementor-spacer\">\n\t\t\t<div class=\"elementor-spacer-inner\"><\/div>\n\t\t<\/div>\n\t\t\t\t\t\t<\/div>\n\t\t\t\t<\/div>\n\t\t\t\t\t<\/div>\n\t\t\t\t<\/div>\n\t\t<div class=\"elementor-element elementor-element-4c86aff e-flex e-con-boxed e-con e-parent\" data-id=\"4c86aff\" data-element_type=\"container\" data-e-type=\"container\">\n\t\t\t\t\t<div class=\"e-con-inner\">\n\t\t\t\t<div class=\"elementor-element elementor-element-cf11983 elementor-widget elementor-widget-image\" data-id=\"cf11983\" data-element_type=\"widget\" data-e-type=\"widget\" data-widget_type=\"image.default\">\n\t\t\t\t<div class=\"elementor-widget-container\">\n\t\t\t\t\t\t\t\t\t\t\t\t\t\t\t<img fetchpriority=\"high\" decoding=\"async\" width=\"1000\" height=\"135\" src=\"https:\/\/www.bodegasgranbazan.com\/web26\/wp-content\/uploads\/2026\/02\/logotipo_fondos_europeos.jpg\" class=\"attachment-full size-full wp-image-15782\" alt=\"\" srcset=\"https:\/\/www.bodegasgranbazan.com\/web26\/wp-content\/uploads\/2026\/02\/logotipo_fondos_europeos.jpg 1000w, https:\/\/www.bodegasgranbazan.com\/web26\/wp-content\/uploads\/2026\/02\/logotipo_fondos_europeos-300x41.jpg 300w, https:\/\/www.bodegasgranbazan.com\/web26\/wp-content\/uploads\/2026\/02\/logotipo_fondos_europeos-768x104.jpg 768w, https:\/\/www.bodegasgranbazan.com\/web26\/wp-content\/uploads\/2026\/02\/logotipo_fondos_europeos-18x2.jpg 18w, https:\/\/www.bodegasgranbazan.com\/web26\/wp-content\/uploads\/2026\/02\/logotipo_fondos_europeos-600x81.jpg 600w\" sizes=\"(max-width: 1000px) 100vw, 1000px\" \/>\t\t\t\t\t\t\t\t\t\t\t\t\t\t\t<\/div>\n\t\t\t\t<\/div>\n\t\t\t\t<div class=\"elementor-element elementor-element-b6a5057 elementor-widget-divider--view-line elementor-widget elementor-widget-divider\" data-id=\"b6a5057\" data-element_type=\"widget\" data-e-type=\"widget\" data-widget_type=\"divider.default\">\n\t\t\t\t<div class=\"elementor-widget-container\">\n\t\t\t\t\t\t\t<div class=\"elementor-divider\">\n\t\t\t<span class=\"elementor-divider-separator\">\n\t\t\t\t\t\t<\/span>\n\t\t<\/div>\n\t\t\t\t\t\t<\/div>\n\t\t\t\t<\/div>\n\t\t\t\t<div class=\"elementor-element elementor-element-7ec0700 elementor-widget elementor-widget-heading\" data-id=\"7ec0700\" data-element_type=\"widget\" data-e-type=\"widget\" data-widget_type=\"heading.default\">\n\t\t\t\t<div class=\"elementor-widget-container\">\n\t\t\t\t\t<h2 class=\"elementor-heading-title elementor-size-default\">Esta entidad fue beneficiaria de la convocatoria de ayudas para implementaci\u00f3n de soluciones avanzadas para el desarrollo de la econom\u00eda circular, cofinanciado por la Uni\u00f3n Europea<\/h2>\t\t\t\t<\/div>\n\t\t\t\t<\/div>\n\t\t\t\t\t<\/div>\n\t\t\t\t<\/div>\n\t\t<div class=\"elementor-element elementor-element-9b3fdb1 e-flex e-con-boxed e-con e-parent\" data-id=\"9b3fdb1\" data-element_type=\"container\" data-e-type=\"container\">\n\t\t\t\t\t<div class=\"e-con-inner\">\n\t\t<div class=\"elementor-element elementor-element-b2c0f36 e-con-full e-flex e-con e-child\" data-id=\"b2c0f36\" data-element_type=\"container\" data-e-type=\"container\">\n\t\t\t\t<div class=\"elementor-element elementor-element-2873642 elementor-widget elementor-widget-image\" data-id=\"2873642\" data-element_type=\"widget\" data-e-type=\"widget\" data-widget_type=\"image.default\">\n\t\t\t\t<div class=\"elementor-widget-container\">\n\t\t\t\t\t\t\t\t\t\t\t\t\t\t\t<img decoding=\"async\" width=\"400\" height=\"374\" src=\"https:\/\/www.bodegasgranbazan.com\/web26\/wp-content\/uploads\/2026\/02\/sostenibilidad-400x374-1.png\" class=\"attachment-large size-large wp-image-15783\" alt=\"\" srcset=\"https:\/\/www.bodegasgranbazan.com\/web26\/wp-content\/uploads\/2026\/02\/sostenibilidad-400x374-1.png 400w, https:\/\/www.bodegasgranbazan.com\/web26\/wp-content\/uploads\/2026\/02\/sostenibilidad-400x374-1-300x281.png 300w, https:\/\/www.bodegasgranbazan.com\/web26\/wp-content\/uploads\/2026\/02\/sostenibilidad-400x374-1-13x12.png 13w\" sizes=\"(max-width: 400px) 100vw, 400px\" \/>\t\t\t\t\t\t\t\t\t\t\t\t\t\t\t<\/div>\n\t\t\t\t<\/div>\n\t\t\t\t<\/div>\n\t\t<div class=\"elementor-element elementor-element-1c33d75 e-con-full e-flex e-con e-child\" data-id=\"1c33d75\" data-element_type=\"container\" data-e-type=\"container\">\n\t\t\t\t<div class=\"elementor-element elementor-element-0f53c23 elementor-widget elementor-widget-text-editor\" data-id=\"0f53c23\" data-element_type=\"widget\" data-e-type=\"widget\" data-widget_type=\"text-editor.default\">\n\t\t\t\t<div class=\"elementor-widget-container\">\n\t\t\t\t\t\t\t\t\t<p>El principal objetivo de estas ayudas es reforzar el crecimiento sostenible y la competitividad de las pymes y crear empleo en ellas, tambi\u00e9n a trav\u00e9s de inversiones productivas.<\/p><p>El resultado que se pretende conseguir es la ejecuci\u00f3n de proyectos de digitalizaci\u00f3n cuya finalidad sea la implantaci\u00f3n de soluciones para el soporte digital de los procesos de una empresa o para proyectos de interconexi\u00f3n digital de procesos entre una empresa gallega y otras empresas o entre dos o m\u00e1s empresas gallegas.<\/p>\t\t\t\t\t\t\t\t<\/div>\n\t\t\t\t<\/div>\n\t\t\t\t<\/div>\n\t\t\t\t\t<\/div>\n\t\t\t\t<\/div>\n\t\t<div class=\"elementor-element elementor-element-88aca02 e-flex e-con-boxed e-con e-parent\" data-id=\"88aca02\" data-element_type=\"container\" data-e-type=\"container\">\n\t\t\t\t\t<div class=\"e-con-inner\">\n\t\t\t\t<div class=\"elementor-element elementor-element-f36571f elementor-widget elementor-widget-image\" data-id=\"f36571f\" data-element_type=\"widget\" data-e-type=\"widget\" data-widget_type=\"image.default\">\n\t\t\t\t<div class=\"elementor-widget-container\">\n\t\t\t\t\t\t\t\t\t\t\t\t\t\t\t<img fetchpriority=\"high\" decoding=\"async\" width=\"1000\" height=\"135\" src=\"https:\/\/www.bodegasgranbazan.com\/web26\/wp-content\/uploads\/2026\/02\/logotipo_fondos_europeos.jpg\" class=\"attachment-full size-full wp-image-15782\" alt=\"\" srcset=\"https:\/\/www.bodegasgranbazan.com\/web26\/wp-content\/uploads\/2026\/02\/logotipo_fondos_europeos.jpg 1000w, https:\/\/www.bodegasgranbazan.com\/web26\/wp-content\/uploads\/2026\/02\/logotipo_fondos_europeos-300x41.jpg 300w, https:\/\/www.bodegasgranbazan.com\/web26\/wp-content\/uploads\/2026\/02\/logotipo_fondos_europeos-768x104.jpg 768w, https:\/\/www.bodegasgranbazan.com\/web26\/wp-content\/uploads\/2026\/02\/logotipo_fondos_europeos-18x2.jpg 18w, https:\/\/www.bodegasgranbazan.com\/web26\/wp-content\/uploads\/2026\/02\/logotipo_fondos_europeos-600x81.jpg 600w\" sizes=\"(max-width: 1000px) 100vw, 1000px\" \/>\t\t\t\t\t\t\t\t\t\t\t\t\t\t\t<\/div>\n\t\t\t\t<\/div>\n\t\t\t\t<div class=\"elementor-element elementor-element-42ec463 elementor-widget-divider--view-line elementor-widget elementor-widget-divider\" data-id=\"42ec463\" data-element_type=\"widget\" data-e-type=\"widget\" data-widget_type=\"divider.default\">\n\t\t\t\t<div class=\"elementor-widget-container\">\n\t\t\t\t\t\t\t<div class=\"elementor-divider\">\n\t\t\t<span class=\"elementor-divider-separator\">\n\t\t\t\t\t\t<\/span>\n\t\t<\/div>\n\t\t\t\t\t\t<\/div>\n\t\t\t\t<\/div>\n\t\t\t\t<div class=\"elementor-element elementor-element-367395c elementor-widget elementor-widget-heading\" data-id=\"367395c\" data-element_type=\"widget\" data-e-type=\"widget\" data-widget_type=\"heading.default\">\n\t\t\t\t<div class=\"elementor-widget-container\">\n\t\t\t\t\t<h2 class=\"elementor-heading-title elementor-size-default\">Esta entidad fue beneficiaria de la convocatoria de ayudas del Programa Foexga<\/h2>\t\t\t\t<\/div>\n\t\t\t\t<\/div>\n\t\t\t\t\t<\/div>\n\t\t\t\t<\/div>\n\t\t<div class=\"elementor-element elementor-element-6c0950b e-flex e-con-boxed e-con e-parent\" data-id=\"6c0950b\" data-element_type=\"container\" data-e-type=\"container\">\n\t\t\t\t\t<div class=\"e-con-inner\">\n\t\t<div class=\"elementor-element elementor-element-37d44fa e-con-full e-flex e-con e-child\" data-id=\"37d44fa\" data-element_type=\"container\" data-e-type=\"container\">\n\t\t\t\t<div class=\"elementor-element elementor-element-01f9dcc elementor-widget elementor-widget-image\" data-id=\"01f9dcc\" data-element_type=\"widget\" data-e-type=\"widget\" data-widget_type=\"image.default\">\n\t\t\t\t<div class=\"elementor-widget-container\">\n\t\t\t\t\t\t\t\t\t\t\t\t\t\t\t<img decoding=\"async\" width=\"400\" height=\"374\" src=\"https:\/\/www.bodegasgranbazan.com\/web26\/wp-content\/uploads\/2026\/02\/igape_internacional-400x374-1.jpg\" class=\"attachment-large size-large wp-image-15788\" alt=\"\" srcset=\"https:\/\/www.bodegasgranbazan.com\/web26\/wp-content\/uploads\/2026\/02\/igape_internacional-400x374-1.jpg 400w, https:\/\/www.bodegasgranbazan.com\/web26\/wp-content\/uploads\/2026\/02\/igape_internacional-400x374-1-300x281.jpg 300w, https:\/\/www.bodegasgranbazan.com\/web26\/wp-content\/uploads\/2026\/02\/igape_internacional-400x374-1-13x12.jpg 13w\" sizes=\"(max-width: 400px) 100vw, 400px\" \/>\t\t\t\t\t\t\t\t\t\t\t\t\t\t\t<\/div>\n\t\t\t\t<\/div>\n\t\t\t\t<\/div>\n\t\t<div class=\"elementor-element elementor-element-719b9ef e-con-full e-flex e-con e-child\" data-id=\"719b9ef\" data-element_type=\"container\" data-e-type=\"container\">\n\t\t\t\t<div class=\"elementor-element elementor-element-2e9b327 elementor-widget elementor-widget-text-editor\" data-id=\"2e9b327\" data-element_type=\"widget\" data-e-type=\"widget\" data-widget_type=\"text-editor.default\">\n\t\t\t\t<div class=\"elementor-widget-container\">\n\t\t\t\t\t\t\t\t\t<p>El objetivo principal de estas ayudas es incentivar la realizaci\u00f3n de acciones de promoci\u00f3n exterior que generen ventajas competitivas.<\/p><p>El resultado que se pretende alcanzar es la promoci\u00f3n de las PYMES y sus productos y servicios, incrementando el n\u00famero de empresas exportadoras.<\/p>\t\t\t\t\t\t\t\t<\/div>\n\t\t\t\t<\/div>\n\t\t\t\t<\/div>\n\t\t\t\t\t<\/div>\n\t\t\t\t<\/div>\n\t\t\t\t<\/div>\n\t\t","protected":false},"excerpt":{"rendered":"<p>Esta entidad fue beneficiaria de la convocatoria de ayudas para implementaci\u00f3n de soluciones avanzadas para el desarrollo de la econom\u00eda circular, cofinanciado por la Uni\u00f3n Europea El principal objetivo de estas ayudas es reforzar el crecimiento sostenible y la competitividad de las pymes y crear empleo en ellas, tambi\u00e9n a trav\u00e9s de inversiones productivas. El [&hellip;]<\/p>\n","protected":false},"author":1,"featured_media":0,"parent":0,"menu_order":0,"comment_status":"closed","ping_status":"closed","template":"","meta":{"_acf_changed":false,"footnotes":""},"class_list":["post-15780","page","type-page","status-publish","hentry"],"acf":[],"yoast_head":"<!-- This site is optimized with the Yoast SEO plugin v27.1.1 - https:\/\/yoast.com\/product\/yoast-seo-wordpress\/ -->\n<title>Ayudas EU - Granbaz\u00e1n - Bodegas GRANBAZ\u00c1N<\/title>\n<meta name=\"robots\" content=\"index, follow, max-snippet:-1, max-image-preview:large, max-video-preview:-1\" \/>\n<link rel=\"canonical\" href=\"https:\/\/www.bodegasgranbazan.com\/ayudas-eu\/\" \/>\n<meta property=\"og:locale\" content=\"es_ES\" \/>\n<meta property=\"og:type\" content=\"article\" \/>\n<meta property=\"og:title\" content=\"Ayudas EU - Granbaz\u00e1n - Bodegas GRANBAZ\u00c1N\" \/>\n<meta property=\"og:description\" content=\"Esta entidad fue beneficiaria de la convocatoria de ayudas para implementaci\u00f3n de soluciones avanzadas para el desarrollo de la econom\u00eda circular, cofinanciado por la Uni\u00f3n Europea El principal objetivo de estas ayudas es reforzar el crecimiento sostenible y la competitividad de las pymes y crear empleo en ellas, tambi\u00e9n a trav\u00e9s de inversiones productivas. El [&hellip;]\" \/>\n<meta property=\"og:url\" content=\"https:\/\/www.bodegasgranbazan.com\/ayudas-eu\/\" \/>\n<meta property=\"og:site_name\" content=\"Granbaz\u00e1n - Bodegas GRANBAZ\u00c1N\" \/>\n<meta property=\"article:modified_time\" content=\"2026-02-19T11:13:14+00:00\" \/>\n<meta property=\"og:image\" content=\"https:\/\/www.bodegasgranbazan.com\/web26\/wp-content\/uploads\/2026\/02\/logotipo_fondos_europeos.jpg\" \/>\n\t<meta property=\"og:image:width\" content=\"1000\" \/>\n\t<meta property=\"og:image:height\" content=\"135\" \/>\n\t<meta property=\"og:image:type\" content=\"image\/jpeg\" \/>\n<meta name=\"twitter:card\" content=\"summary_large_image\" \/>\n<meta name=\"twitter:label1\" content=\"Tiempo de lectura\" \/>\n\t<meta name=\"twitter:data1\" content=\"2 minutos\" \/>\n<script type=\"application\/ld+json\" class=\"yoast-schema-graph\">{\"@context\":\"https:\/\/schema.org\",\"@graph\":[{\"@type\":\"WebPage\",\"@id\":\"https:\/\/www.bodegasgranbazan.com\/ayudas-eu\/\",\"url\":\"https:\/\/www.bodegasgranbazan.com\/ayudas-eu\/\",\"name\":\"Ayudas EU - Granbaz\u00e1n - Bodegas GRANBAZ\u00c1N\",\"isPartOf\":{\"@id\":\"https:\/\/www.bodegasgranbazan.com\/#website\"},\"primaryImageOfPage\":{\"@id\":\"https:\/\/www.bodegasgranbazan.com\/ayudas-eu\/#primaryimage\"},\"image\":{\"@id\":\"https:\/\/www.bodegasgranbazan.com\/ayudas-eu\/#primaryimage\"},\"thumbnailUrl\":\"https:\/\/www.bodegasgranbazan.com\/web26\/wp-content\/uploads\/2026\/02\/logotipo_fondos_europeos.jpg\",\"datePublished\":\"2026-02-19T11:01:56+00:00\",\"dateModified\":\"2026-02-19T11:13:14+00:00\",\"breadcrumb\":{\"@id\":\"https:\/\/www.bodegasgranbazan.com\/ayudas-eu\/#breadcrumb\"},\"inLanguage\":\"es\",\"potentialAction\":[{\"@type\":\"ReadAction\",\"target\":[\"https:\/\/www.bodegasgranbazan.com\/ayudas-eu\/\"]}]},{\"@type\":\"ImageObject\",\"inLanguage\":\"es\",\"@id\":\"https:\/\/www.bodegasgranbazan.com\/ayudas-eu\/#primaryimage\",\"url\":\"https:\/\/www.bodegasgranbazan.com\/web26\/wp-content\/uploads\/2026\/02\/logotipo_fondos_europeos.jpg\",\"contentUrl\":\"https:\/\/www.bodegasgranbazan.com\/web26\/wp-content\/uploads\/2026\/02\/logotipo_fondos_europeos.jpg\",\"width\":1000,\"height\":135},{\"@type\":\"BreadcrumbList\",\"@id\":\"https:\/\/www.bodegasgranbazan.com\/ayudas-eu\/#breadcrumb\",\"itemListElement\":[{\"@type\":\"ListItem\",\"position\":1,\"name\":\"Portada\",\"item\":\"https:\/\/www.bodegasgranbazan.com\/\"},{\"@type\":\"ListItem\",\"position\":2,\"name\":\"Ayudas EU\"}]},{\"@type\":\"WebSite\",\"@id\":\"https:\/\/www.bodegasgranbazan.com\/#website\",\"url\":\"https:\/\/www.bodegasgranbazan.com\/\",\"name\":\"Bodegas Granbaz\u00e1n\",\"description\":\"Ubicada en el Valle del Saln\u00e9s, en el coraz\u00f3n de las R\u00edas Baixas.\",\"publisher\":{\"@id\":\"https:\/\/www.bodegasgranbazan.com\/#organization\"},\"potentialAction\":[{\"@type\":\"SearchAction\",\"target\":{\"@type\":\"EntryPoint\",\"urlTemplate\":\"https:\/\/www.bodegasgranbazan.com\/?s={search_term_string}\"},\"query-input\":{\"@type\":\"PropertyValueSpecification\",\"valueRequired\":true,\"valueName\":\"search_term_string\"}}],\"inLanguage\":\"es\"},{\"@type\":\"Organization\",\"@id\":\"https:\/\/www.bodegasgranbazan.com\/#organization\",\"name\":\"Bodegas Granbaz\u00e1n\",\"url\":\"https:\/\/www.bodegasgranbazan.com\/\",\"logo\":{\"@type\":\"ImageObject\",\"inLanguage\":\"es\",\"@id\":\"https:\/\/www.bodegasgranbazan.com\/#\/schema\/logo\/image\/\",\"url\":\"https:\/\/www.bodegasgranbazan.com\/web26\/wp-content\/uploads\/2026\/01\/granbazan-logo-def.webp\",\"contentUrl\":\"https:\/\/www.bodegasgranbazan.com\/web26\/wp-content\/uploads\/2026\/01\/granbazan-logo-def.webp\",\"width\":500,\"height\":264,\"caption\":\"Bodegas Granbaz\u00e1n\"},\"image\":{\"@id\":\"https:\/\/www.bodegasgranbazan.com\/#\/schema\/logo\/image\/\"}}]}<\/script>\n<!-- \/ Yoast SEO plugin. -->","yoast_head_json":{"title":"Ayudas EU - Granbaz\u00e1n - Bodegas GRANBAZ\u00c1N","robots":{"index":"index","follow":"follow","max-snippet":"max-snippet:-1","max-image-preview":"max-image-preview:large","max-video-preview":"max-video-preview:-1"},"canonical":"https:\/\/www.bodegasgranbazan.com\/ayudas-eu\/","og_locale":"es_ES","og_type":"article","og_title":"Ayudas EU - Granbaz\u00e1n - Bodegas GRANBAZ\u00c1N","og_description":"Esta entidad fue beneficiaria de la convocatoria de ayudas para implementaci\u00f3n de soluciones avanzadas para el desarrollo de la econom\u00eda circular, cofinanciado por la Uni\u00f3n Europea El principal objetivo de estas ayudas es reforzar el crecimiento sostenible y la competitividad de las pymes y crear empleo en ellas, tambi\u00e9n a trav\u00e9s de inversiones productivas. El [&hellip;]","og_url":"https:\/\/www.bodegasgranbazan.com\/ayudas-eu\/","og_site_name":"Granbaz\u00e1n - Bodegas GRANBAZ\u00c1N","article_modified_time":"2026-02-19T11:13:14+00:00","og_image":[{"width":1000,"height":135,"url":"https:\/\/www.bodegasgranbazan.com\/web26\/wp-content\/uploads\/2026\/02\/logotipo_fondos_europeos.jpg","type":"image\/jpeg"}],"twitter_card":"summary_large_image","twitter_misc":{"Tiempo de lectura":"2 minutos"},"schema":{"@context":"https:\/\/schema.org","@graph":[{"@type":"WebPage","@id":"https:\/\/www.bodegasgranbazan.com\/ayudas-eu\/","url":"https:\/\/www.bodegasgranbazan.com\/ayudas-eu\/","name":"Ayudas EU - Granbaz\u00e1n - Bodegas GRANBAZ\u00c1N","isPartOf":{"@id":"https:\/\/www.bodegasgranbazan.com\/#website"},"primaryImageOfPage":{"@id":"https:\/\/www.bodegasgranbazan.com\/ayudas-eu\/#primaryimage"},"image":{"@id":"https:\/\/www.bodegasgranbazan.com\/ayudas-eu\/#primaryimage"},"thumbnailUrl":"https:\/\/www.bodegasgranbazan.com\/web26\/wp-content\/uploads\/2026\/02\/logotipo_fondos_europeos.jpg","datePublished":"2026-02-19T11:01:56+00:00","dateModified":"2026-02-19T11:13:14+00:00","breadcrumb":{"@id":"https:\/\/www.bodegasgranbazan.com\/ayudas-eu\/#breadcrumb"},"inLanguage":"es","potentialAction":[{"@type":"ReadAction","target":["https:\/\/www.bodegasgranbazan.com\/ayudas-eu\/"]}]},{"@type":"ImageObject","inLanguage":"es","@id":"https:\/\/www.bodegasgranbazan.com\/ayudas-eu\/#primaryimage","url":"https:\/\/www.bodegasgranbazan.com\/web26\/wp-content\/uploads\/2026\/02\/logotipo_fondos_europeos.jpg","contentUrl":"https:\/\/www.bodegasgranbazan.com\/web26\/wp-content\/uploads\/2026\/02\/logotipo_fondos_europeos.jpg","width":1000,"height":135},{"@type":"BreadcrumbList","@id":"https:\/\/www.bodegasgranbazan.com\/ayudas-eu\/#breadcrumb","itemListElement":[{"@type":"ListItem","position":1,"name":"Portada","item":"https:\/\/www.bodegasgranbazan.com\/"},{"@type":"ListItem","position":2,"name":"Ayudas EU"}]},{"@type":"WebSite","@id":"https:\/\/www.bodegasgranbazan.com\/#website","url":"https:\/\/www.bodegasgranbazan.com\/","name":"Bodegas Granbaz\u00e1n","description":"Ubicada en el Valle del Saln\u00e9s, en el coraz\u00f3n de las R\u00edas Baixas.","publisher":{"@id":"https:\/\/www.bodegasgranbazan.com\/#organization"},"potentialAction":[{"@type":"SearchAction","target":{"@type":"EntryPoint","urlTemplate":"https:\/\/www.bodegasgranbazan.com\/?s={search_term_string}"},"query-input":{"@type":"PropertyValueSpecification","valueRequired":true,"valueName":"search_term_string"}}],"inLanguage":"es"},{"@type":"Organization","@id":"https:\/\/www.bodegasgranbazan.com\/#organization","name":"Bodegas Granbaz\u00e1n","url":"https:\/\/www.bodegasgranbazan.com\/","logo":{"@type":"ImageObject","inLanguage":"es","@id":"https:\/\/www.bodegasgranbazan.com\/#\/schema\/logo\/image\/","url":"https:\/\/www.bodegasgranbazan.com\/web26\/wp-content\/uploads\/2026\/01\/granbazan-logo-def.webp","contentUrl":"https:\/\/www.bodegasgranbazan.com\/web26\/wp-content\/uploads\/2026\/01\/granbazan-logo-def.webp","width":500,"height":264,"caption":"Bodegas Granbaz\u00e1n"},"image":{"@id":"https:\/\/www.bodegasgranbazan.com\/#\/schema\/logo\/image\/"}}]}},"_links":{"self":[{"href":"https:\/\/www.bodegasgranbazan.com\/web26\/index.php?rest_route=\/wp\/v2\/pages\/15780","targetHints":{"allow":["GET"]}}],"collection":[{"href":"https:\/\/www.bodegasgranbazan.com\/web26\/index.php?rest_route=\/wp\/v2\/pages"}],"about":[{"href":"https:\/\/www.bodegasgranbazan.com\/web26\/index.php?rest_route=\/wp\/v2\/types\/page"}],"author":[{"embeddable":true,"href":"https:\/\/www.bodegasgranbazan.com\/web26\/index.php?rest_route=\/wp\/v2\/users\/1"}],"replies":[{"embeddable":true,"href":"https:\/\/www.bodegasgranbazan.com\/web26\/index.php?rest_route=%2Fwp%2Fv2%2Fcomments&post=15780"}],"version-history":[{"count":5,"href":"https:\/\/www.bodegasgranbazan.com\/web26\/index.php?rest_route=\/wp\/v2\/pages\/15780\/revisions"}],"predecessor-version":[{"id":15794,"href":"https:\/\/www.bodegasgranbazan.com\/web26\/index.php?rest_route=\/wp\/v2\/pages\/15780\/revisions\/15794"}],"wp:attachment":[{"href":"https:\/\/www.bodegasgranbazan.com\/web26\/index.php?rest_route=%2Fwp%2Fv2%2Fmedia&parent=15780"}],"curies":[{"name":"wp","href":"https:\/\/api.w.org\/{rel}","templated":true}]}}