{"id":15838,"date":"2026-02-19T21:41:40","date_gmt":"2026-02-19T20:41:40","guid":{"rendered":"https:\/\/www.bodegasgranbazan.com\/?page_id=15838"},"modified":"2026-02-19T21:47:20","modified_gmt":"2026-02-19T20:47:20","slug":"expande-digital","status":"publish","type":"page","link":"https:\/\/www.bodegasgranbazan.com\/expande-digital\/","title":{"rendered":"Expande digital"},"content":{"rendered":"\t\t<div data-elementor-type=\"wp-page\" data-elementor-id=\"15838\" class=\"elementor elementor-15838\" data-elementor-post-type=\"page\">\n\t\t\t\t<div class=\"elementor-element elementor-element-b32c7e5 e-flex e-con-boxed e-con e-parent\" data-id=\"b32c7e5\" data-element_type=\"container\" data-e-type=\"container\">\n\t\t\t\t\t<div class=\"e-con-inner\">\n\t\t\t\t<div class=\"elementor-element elementor-element-e3d47b1 elementor-widget elementor-widget-spacer\" data-id=\"e3d47b1\" data-element_type=\"widget\" data-e-type=\"widget\" data-widget_type=\"spacer.default\">\n\t\t\t\t<div class=\"elementor-widget-container\">\n\t\t\t\t\t\t\t<div class=\"elementor-spacer\">\n\t\t\t<div class=\"elementor-spacer-inner\"><\/div>\n\t\t<\/div>\n\t\t\t\t\t\t<\/div>\n\t\t\t\t<\/div>\n\t\t\t\t\t<\/div>\n\t\t\t\t<\/div>\n\t\t<div class=\"elementor-element elementor-element-1974524 e-flex e-con-boxed e-con e-parent\" data-id=\"1974524\" data-element_type=\"container\" data-e-type=\"container\">\n\t\t\t\t\t<div class=\"e-con-inner\">\n\t\t\t\t<div class=\"elementor-element elementor-element-15f0411 elementor-widget elementor-widget-image\" data-id=\"15f0411\" data-element_type=\"widget\" data-e-type=\"widget\" data-widget_type=\"image.default\">\n\t\t\t\t<div class=\"elementor-widget-container\">\n\t\t\t\t\t\t\t\t\t\t\t\t\t\t\t<img decoding=\"async\" width=\"200\" height=\"170\" src=\"https:\/\/www.bodegasgranbazan.com\/web26\/wp-content\/uploads\/2026\/02\/logo-ue.png\" class=\"attachment-large size-large wp-image-15843\" alt=\"\" srcset=\"https:\/\/www.bodegasgranbazan.com\/web26\/wp-content\/uploads\/2026\/02\/logo-ue.png 200w, https:\/\/www.bodegasgranbazan.com\/web26\/wp-content\/uploads\/2026\/02\/logo-ue-14x12.png 14w\" sizes=\"(max-width: 200px) 100vw, 200px\" \/>\t\t\t\t\t\t\t\t\t\t\t\t\t\t\t<\/div>\n\t\t\t\t<\/div>\n\t\t\t\t<div class=\"elementor-element elementor-element-60951e2 elementor-widget elementor-widget-image\" data-id=\"60951e2\" data-element_type=\"widget\" data-e-type=\"widget\" data-widget_type=\"image.default\">\n\t\t\t\t<div class=\"elementor-widget-container\">\n\t\t\t\t\t\t\t\t\t\t\t\t\t\t\t<img fetchpriority=\"high\" decoding=\"async\" width=\"800\" height=\"109\" src=\"https:\/\/www.bodegasgranbazan.com\/web26\/wp-content\/uploads\/2026\/02\/camara-de-comercio-expande-2048x277-1-1024x139.png\" class=\"attachment-large size-large wp-image-15844\" alt=\"\" srcset=\"https:\/\/www.bodegasgranbazan.com\/web26\/wp-content\/uploads\/2026\/02\/camara-de-comercio-expande-2048x277-1-1024x139.png 1024w, https:\/\/www.bodegasgranbazan.com\/web26\/wp-content\/uploads\/2026\/02\/camara-de-comercio-expande-2048x277-1-300x41.png 300w, https:\/\/www.bodegasgranbazan.com\/web26\/wp-content\/uploads\/2026\/02\/camara-de-comercio-expande-2048x277-1-768x104.png 768w, https:\/\/www.bodegasgranbazan.com\/web26\/wp-content\/uploads\/2026\/02\/camara-de-comercio-expande-2048x277-1-1536x208.png 1536w, https:\/\/www.bodegasgranbazan.com\/web26\/wp-content\/uploads\/2026\/02\/camara-de-comercio-expande-2048x277-1-18x2.png 18w, https:\/\/www.bodegasgranbazan.com\/web26\/wp-content\/uploads\/2026\/02\/camara-de-comercio-expande-2048x277-1-600x81.png 600w, https:\/\/www.bodegasgranbazan.com\/web26\/wp-content\/uploads\/2026\/02\/camara-de-comercio-expande-2048x277-1.png 2048w\" sizes=\"(max-width: 800px) 100vw, 800px\" \/>\t\t\t\t\t\t\t\t\t\t\t\t\t\t\t<\/div>\n\t\t\t\t<\/div>\n\t\t\t\t<div class=\"elementor-element elementor-element-d4b2517 elementor-widget elementor-widget-heading\" data-id=\"d4b2517\" data-element_type=\"widget\" data-e-type=\"widget\" data-widget_type=\"heading.default\">\n\t\t\t\t<div class=\"elementor-widget-container\">\n\t\t\t\t\t<h2 class=\"elementor-heading-title elementor-size-default\">United to achieve a more competitive business fabric<\/h2>\t\t\t\t<\/div>\n\t\t\t\t<\/div>\n\t\t\t\t<div class=\"elementor-element elementor-element-cc40ed3 elementor-widget elementor-widget-image\" data-id=\"cc40ed3\" data-element_type=\"widget\" data-e-type=\"widget\" data-widget_type=\"image.default\">\n\t\t\t\t<div class=\"elementor-widget-container\">\n\t\t\t\t\t\t\t\t\t\t\t\t\t\t\t<img decoding=\"async\" width=\"312\" height=\"100\" src=\"https:\/\/www.bodegasgranbazan.com\/web26\/wp-content\/uploads\/2026\/02\/logo-expande.png\" class=\"attachment-large size-large wp-image-15845\" alt=\"\" srcset=\"https:\/\/www.bodegasgranbazan.com\/web26\/wp-content\/uploads\/2026\/02\/logo-expande.png 312w, https:\/\/www.bodegasgranbazan.com\/web26\/wp-content\/uploads\/2026\/02\/logo-expande-300x96.png 300w, https:\/\/www.bodegasgranbazan.com\/web26\/wp-content\/uploads\/2026\/02\/logo-expande-18x6.png 18w\" sizes=\"(max-width: 312px) 100vw, 312px\" \/>\t\t\t\t\t\t\t\t\t\t\t\t\t\t\t<\/div>\n\t\t\t\t<\/div>\n\t\t\t\t<div class=\"elementor-element elementor-element-b25a876 elementor-widget elementor-widget-image\" data-id=\"b25a876\" data-element_type=\"widget\" data-e-type=\"widget\" data-widget_type=\"image.default\">\n\t\t\t\t<div class=\"elementor-widget-container\">\n\t\t\t\t\t\t\t\t\t\t\t\t\t\t\t<img loading=\"lazy\" decoding=\"async\" width=\"500\" height=\"267\" src=\"https:\/\/www.bodegasgranbazan.com\/web26\/wp-content\/uploads\/2026\/02\/mapa-mundo.jpg\" class=\"attachment-large size-large wp-image-15846\" alt=\"\" srcset=\"https:\/\/www.bodegasgranbazan.com\/web26\/wp-content\/uploads\/2026\/02\/mapa-mundo.jpg 500w, https:\/\/www.bodegasgranbazan.com\/web26\/wp-content\/uploads\/2026\/02\/mapa-mundo-300x160.jpg 300w, https:\/\/www.bodegasgranbazan.com\/web26\/wp-content\/uploads\/2026\/02\/mapa-mundo-18x10.jpg 18w\" sizes=\"(max-width: 500px) 100vw, 500px\" \/>\t\t\t\t\t\t\t\t\t\t\t\t\t\t\t<\/div>\n\t\t\t\t<\/div>\n\t\t\t\t\t<\/div>\n\t\t\t\t<\/div>\n\t\t<div class=\"elementor-element elementor-element-e0ef5a6 e-flex e-con-boxed e-con e-parent\" data-id=\"e0ef5a6\" data-element_type=\"container\" data-e-type=\"container\" data-settings=\"{&quot;background_background&quot;:&quot;classic&quot;}\">\n\t\t\t\t\t<div class=\"e-con-inner\">\n\t\t\t\t<div class=\"elementor-element elementor-element-df73bfd elementor-widget elementor-widget-heading\" data-id=\"df73bfd\" data-element_type=\"widget\" data-e-type=\"widget\" data-widget_type=\"heading.default\">\n\t\t\t\t<div class=\"elementor-widget-container\">\n\t\t\t\t\t<h2 class=\"elementor-heading-title elementor-size-default\">A WAY OF MAKING EUROPE<\/h2>\t\t\t\t<\/div>\n\t\t\t\t<\/div>\n\t\t\t\t\t<\/div>\n\t\t\t\t<\/div>\n\t\t\t\t<\/div>\n\t\t","protected":false},"excerpt":{"rendered":"<p>United to achieve a more competitive business fabric A WAY OF MAKING EUROPE<\/p>\n","protected":false},"author":1,"featured_media":0,"parent":0,"menu_order":0,"comment_status":"closed","ping_status":"closed","template":"","meta":{"_acf_changed":false,"footnotes":""},"class_list":["post-15838","page","type-page","status-publish","hentry"],"acf":[],"yoast_head":"<!-- This site is optimized with the Yoast SEO plugin v27.1.1 - https:\/\/yoast.com\/product\/yoast-seo-wordpress\/ -->\n<title>Expande digital - Granbaz\u00e1n - Bodegas GRANBAZ\u00c1N<\/title>\n<meta name=\"robots\" content=\"index, follow, max-snippet:-1, max-image-preview:large, max-video-preview:-1\" \/>\n<link rel=\"canonical\" href=\"https:\/\/www.bodegasgranbazan.com\/expande-digital\/\" \/>\n<meta property=\"og:locale\" content=\"es_ES\" \/>\n<meta property=\"og:type\" content=\"article\" \/>\n<meta property=\"og:title\" content=\"Expande digital - Granbaz\u00e1n - Bodegas GRANBAZ\u00c1N\" \/>\n<meta property=\"og:description\" content=\"United to achieve a more competitive business fabric A WAY OF MAKING EUROPE\" \/>\n<meta property=\"og:url\" content=\"https:\/\/www.bodegasgranbazan.com\/expande-digital\/\" \/>\n<meta property=\"og:site_name\" content=\"Granbaz\u00e1n - Bodegas GRANBAZ\u00c1N\" \/>\n<meta property=\"article:modified_time\" content=\"2026-02-19T20:47:20+00:00\" \/>\n<meta property=\"og:image\" content=\"https:\/\/www.bodegasgranbazan.com\/web26\/wp-content\/uploads\/2026\/02\/logo-ue.png\" \/>\n\t<meta property=\"og:image:width\" content=\"200\" \/>\n\t<meta property=\"og:image:height\" content=\"170\" \/>\n\t<meta property=\"og:image:type\" content=\"image\/png\" \/>\n<meta name=\"twitter:card\" content=\"summary_large_image\" \/>\n<meta name=\"twitter:label1\" content=\"Tiempo de lectura\" \/>\n\t<meta name=\"twitter:data1\" content=\"1 minuto\" \/>\n<script type=\"application\/ld+json\" class=\"yoast-schema-graph\">{\"@context\":\"https:\/\/schema.org\",\"@graph\":[{\"@type\":\"WebPage\",\"@id\":\"https:\/\/www.bodegasgranbazan.com\/expande-digital\/\",\"url\":\"https:\/\/www.bodegasgranbazan.com\/expande-digital\/\",\"name\":\"Expande digital - Granbaz\u00e1n - Bodegas GRANBAZ\u00c1N\",\"isPartOf\":{\"@id\":\"https:\/\/www.bodegasgranbazan.com\/#website\"},\"primaryImageOfPage\":{\"@id\":\"https:\/\/www.bodegasgranbazan.com\/expande-digital\/#primaryimage\"},\"image\":{\"@id\":\"https:\/\/www.bodegasgranbazan.com\/expande-digital\/#primaryimage\"},\"thumbnailUrl\":\"https:\/\/www.bodegasgranbazan.com\/web26\/wp-content\/uploads\/2026\/02\/logo-ue.png\",\"datePublished\":\"2026-02-19T20:41:40+00:00\",\"dateModified\":\"2026-02-19T20:47:20+00:00\",\"breadcrumb\":{\"@id\":\"https:\/\/www.bodegasgranbazan.com\/expande-digital\/#breadcrumb\"},\"inLanguage\":\"es\",\"potentialAction\":[{\"@type\":\"ReadAction\",\"target\":[\"https:\/\/www.bodegasgranbazan.com\/expande-digital\/\"]}]},{\"@type\":\"ImageObject\",\"inLanguage\":\"es\",\"@id\":\"https:\/\/www.bodegasgranbazan.com\/expande-digital\/#primaryimage\",\"url\":\"https:\/\/www.bodegasgranbazan.com\/web26\/wp-content\/uploads\/2026\/02\/logo-ue.png\",\"contentUrl\":\"https:\/\/www.bodegasgranbazan.com\/web26\/wp-content\/uploads\/2026\/02\/logo-ue.png\",\"width\":200,\"height\":170},{\"@type\":\"BreadcrumbList\",\"@id\":\"https:\/\/www.bodegasgranbazan.com\/expande-digital\/#breadcrumb\",\"itemListElement\":[{\"@type\":\"ListItem\",\"position\":1,\"name\":\"Portada\",\"item\":\"https:\/\/www.bodegasgranbazan.com\/\"},{\"@type\":\"ListItem\",\"position\":2,\"name\":\"Expande digital\"}]},{\"@type\":\"WebSite\",\"@id\":\"https:\/\/www.bodegasgranbazan.com\/#website\",\"url\":\"https:\/\/www.bodegasgranbazan.com\/\",\"name\":\"Bodegas Granbaz\u00e1n\",\"description\":\"Ubicada en el Valle del Saln\u00e9s, en el coraz\u00f3n de las R\u00edas Baixas.\",\"publisher\":{\"@id\":\"https:\/\/www.bodegasgranbazan.com\/#organization\"},\"potentialAction\":[{\"@type\":\"SearchAction\",\"target\":{\"@type\":\"EntryPoint\",\"urlTemplate\":\"https:\/\/www.bodegasgranbazan.com\/?s={search_term_string}\"},\"query-input\":{\"@type\":\"PropertyValueSpecification\",\"valueRequired\":true,\"valueName\":\"search_term_string\"}}],\"inLanguage\":\"es\"},{\"@type\":\"Organization\",\"@id\":\"https:\/\/www.bodegasgranbazan.com\/#organization\",\"name\":\"Bodegas Granbaz\u00e1n\",\"url\":\"https:\/\/www.bodegasgranbazan.com\/\",\"logo\":{\"@type\":\"ImageObject\",\"inLanguage\":\"es\",\"@id\":\"https:\/\/www.bodegasgranbazan.com\/#\/schema\/logo\/image\/\",\"url\":\"https:\/\/www.bodegasgranbazan.com\/web26\/wp-content\/uploads\/2026\/01\/granbazan-logo-def.webp\",\"contentUrl\":\"https:\/\/www.bodegasgranbazan.com\/web26\/wp-content\/uploads\/2026\/01\/granbazan-logo-def.webp\",\"width\":500,\"height\":264,\"caption\":\"Bodegas Granbaz\u00e1n\"},\"image\":{\"@id\":\"https:\/\/www.bodegasgranbazan.com\/#\/schema\/logo\/image\/\"}}]}<\/script>\n<!-- \/ Yoast SEO plugin. -->","yoast_head_json":{"title":"Expande digital - Granbaz\u00e1n - Bodegas GRANBAZ\u00c1N","robots":{"index":"index","follow":"follow","max-snippet":"max-snippet:-1","max-image-preview":"max-image-preview:large","max-video-preview":"max-video-preview:-1"},"canonical":"https:\/\/www.bodegasgranbazan.com\/expande-digital\/","og_locale":"es_ES","og_type":"article","og_title":"Expande digital - Granbaz\u00e1n - Bodegas GRANBAZ\u00c1N","og_description":"United to achieve a more competitive business fabric A WAY OF MAKING EUROPE","og_url":"https:\/\/www.bodegasgranbazan.com\/expande-digital\/","og_site_name":"Granbaz\u00e1n - Bodegas GRANBAZ\u00c1N","article_modified_time":"2026-02-19T20:47:20+00:00","og_image":[{"width":200,"height":170,"url":"https:\/\/www.bodegasgranbazan.com\/web26\/wp-content\/uploads\/2026\/02\/logo-ue.png","type":"image\/png"}],"twitter_card":"summary_large_image","twitter_misc":{"Tiempo de lectura":"1 minuto"},"schema":{"@context":"https:\/\/schema.org","@graph":[{"@type":"WebPage","@id":"https:\/\/www.bodegasgranbazan.com\/expande-digital\/","url":"https:\/\/www.bodegasgranbazan.com\/expande-digital\/","name":"Expande digital - Granbaz\u00e1n - Bodegas GRANBAZ\u00c1N","isPartOf":{"@id":"https:\/\/www.bodegasgranbazan.com\/#website"},"primaryImageOfPage":{"@id":"https:\/\/www.bodegasgranbazan.com\/expande-digital\/#primaryimage"},"image":{"@id":"https:\/\/www.bodegasgranbazan.com\/expande-digital\/#primaryimage"},"thumbnailUrl":"https:\/\/www.bodegasgranbazan.com\/web26\/wp-content\/uploads\/2026\/02\/logo-ue.png","datePublished":"2026-02-19T20:41:40+00:00","dateModified":"2026-02-19T20:47:20+00:00","breadcrumb":{"@id":"https:\/\/www.bodegasgranbazan.com\/expande-digital\/#breadcrumb"},"inLanguage":"es","potentialAction":[{"@type":"ReadAction","target":["https:\/\/www.bodegasgranbazan.com\/expande-digital\/"]}]},{"@type":"ImageObject","inLanguage":"es","@id":"https:\/\/www.bodegasgranbazan.com\/expande-digital\/#primaryimage","url":"https:\/\/www.bodegasgranbazan.com\/web26\/wp-content\/uploads\/2026\/02\/logo-ue.png","contentUrl":"https:\/\/www.bodegasgranbazan.com\/web26\/wp-content\/uploads\/2026\/02\/logo-ue.png","width":200,"height":170},{"@type":"BreadcrumbList","@id":"https:\/\/www.bodegasgranbazan.com\/expande-digital\/#breadcrumb","itemListElement":[{"@type":"ListItem","position":1,"name":"Portada","item":"https:\/\/www.bodegasgranbazan.com\/"},{"@type":"ListItem","position":2,"name":"Expande digital"}]},{"@type":"WebSite","@id":"https:\/\/www.bodegasgranbazan.com\/#website","url":"https:\/\/www.bodegasgranbazan.com\/","name":"Bodegas Granbaz\u00e1n","description":"Ubicada en el Valle del Saln\u00e9s, en el coraz\u00f3n de las R\u00edas Baixas.","publisher":{"@id":"https:\/\/www.bodegasgranbazan.com\/#organization"},"potentialAction":[{"@type":"SearchAction","target":{"@type":"EntryPoint","urlTemplate":"https:\/\/www.bodegasgranbazan.com\/?s={search_term_string}"},"query-input":{"@type":"PropertyValueSpecification","valueRequired":true,"valueName":"search_term_string"}}],"inLanguage":"es"},{"@type":"Organization","@id":"https:\/\/www.bodegasgranbazan.com\/#organization","name":"Bodegas Granbaz\u00e1n","url":"https:\/\/www.bodegasgranbazan.com\/","logo":{"@type":"ImageObject","inLanguage":"es","@id":"https:\/\/www.bodegasgranbazan.com\/#\/schema\/logo\/image\/","url":"https:\/\/www.bodegasgranbazan.com\/web26\/wp-content\/uploads\/2026\/01\/granbazan-logo-def.webp","contentUrl":"https:\/\/www.bodegasgranbazan.com\/web26\/wp-content\/uploads\/2026\/01\/granbazan-logo-def.webp","width":500,"height":264,"caption":"Bodegas Granbaz\u00e1n"},"image":{"@id":"https:\/\/www.bodegasgranbazan.com\/#\/schema\/logo\/image\/"}}]}},"_links":{"self":[{"href":"https:\/\/www.bodegasgranbazan.com\/web26\/index.php?rest_route=\/wp\/v2\/pages\/15838","targetHints":{"allow":["GET"]}}],"collection":[{"href":"https:\/\/www.bodegasgranbazan.com\/web26\/index.php?rest_route=\/wp\/v2\/pages"}],"about":[{"href":"https:\/\/www.bodegasgranbazan.com\/web26\/index.php?rest_route=\/wp\/v2\/types\/page"}],"author":[{"embeddable":true,"href":"https:\/\/www.bodegasgranbazan.com\/web26\/index.php?rest_route=\/wp\/v2\/users\/1"}],"replies":[{"embeddable":true,"href":"https:\/\/www.bodegasgranbazan.com\/web26\/index.php?rest_route=%2Fwp%2Fv2%2Fcomments&post=15838"}],"version-history":[{"count":5,"href":"https:\/\/www.bodegasgranbazan.com\/web26\/index.php?rest_route=\/wp\/v2\/pages\/15838\/revisions"}],"predecessor-version":[{"id":15849,"href":"https:\/\/www.bodegasgranbazan.com\/web26\/index.php?rest_route=\/wp\/v2\/pages\/15838\/revisions\/15849"}],"wp:attachment":[{"href":"https:\/\/www.bodegasgranbazan.com\/web26\/index.php?rest_route=%2Fwp%2Fv2%2Fmedia&parent=15838"}],"curies":[{"name":"wp","href":"https:\/\/api.w.org\/{rel}","templated":true}]}}