{"id":15859,"date":"2026-02-19T22:09:14","date_gmt":"2026-02-19T21:09:14","guid":{"rendered":"https:\/\/www.bodegasgranbazan.com\/?page_id=15859"},"modified":"2026-02-24T13:14:51","modified_gmt":"2026-02-24T12:14:51","slug":"ayudas-para-fomentar-la-realizacion-de-acciones-de-promocion-exterior","status":"publish","type":"page","link":"https:\/\/www.bodegasgranbazan.com\/ayudas-para-fomentar-la-realizacion-de-acciones-de-promocion-exterior\/","title":{"rendered":"ayudas-para-fomentar-la-realizacion-de-acciones-de-promocion-exterior"},"content":{"rendered":"\t\t<div data-elementor-type=\"wp-page\" data-elementor-id=\"15859\" class=\"elementor elementor-15859\" data-elementor-post-type=\"page\">\n\t\t\t\t<div class=\"elementor-element elementor-element-39d297f3 e-flex e-con-boxed e-con e-parent\" data-id=\"39d297f3\" data-element_type=\"container\" data-e-type=\"container\">\n\t\t\t\t\t<div class=\"e-con-inner\">\n\t\t\t\t<div class=\"elementor-element elementor-element-1c98d565 elementor-widget elementor-widget-spacer\" data-id=\"1c98d565\" data-element_type=\"widget\" data-e-type=\"widget\" data-widget_type=\"spacer.default\">\n\t\t\t\t<div class=\"elementor-widget-container\">\n\t\t\t\t\t\t\t<div class=\"elementor-spacer\">\n\t\t\t<div class=\"elementor-spacer-inner\"><\/div>\n\t\t<\/div>\n\t\t\t\t\t\t<\/div>\n\t\t\t\t<\/div>\n\t\t\t\t\t<\/div>\n\t\t\t\t<\/div>\n\t\t<div class=\"elementor-element elementor-element-ca237fc e-flex e-con-boxed e-con e-parent\" data-id=\"ca237fc\" data-element_type=\"container\" data-e-type=\"container\">\n\t\t\t\t\t<div class=\"e-con-inner\">\n\t\t\t\t<div class=\"elementor-element elementor-element-498d461 elementor-widget elementor-widget-image\" data-id=\"498d461\" data-element_type=\"widget\" data-e-type=\"widget\" data-widget_type=\"image.default\">\n\t\t\t\t<div class=\"elementor-widget-container\">\n\t\t\t\t\t\t\t\t\t\t\t\t\t\t\t<img fetchpriority=\"high\" decoding=\"async\" width=\"800\" height=\"566\" src=\"https:\/\/www.bodegasgranbazan.com\/web26\/wp-content\/uploads\/2026\/02\/Captura-de-pantalla-2026-02-24-a-las-12.40.28-1024x724.png\" class=\"attachment-large size-large wp-image-15871\" alt=\"\" srcset=\"https:\/\/www.bodegasgranbazan.com\/web26\/wp-content\/uploads\/2026\/02\/Captura-de-pantalla-2026-02-24-a-las-12.40.28-1024x724.png 1024w, https:\/\/www.bodegasgranbazan.com\/web26\/wp-content\/uploads\/2026\/02\/Captura-de-pantalla-2026-02-24-a-las-12.40.28-300x212.png 300w, https:\/\/www.bodegasgranbazan.com\/web26\/wp-content\/uploads\/2026\/02\/Captura-de-pantalla-2026-02-24-a-las-12.40.28-768x543.png 768w, https:\/\/www.bodegasgranbazan.com\/web26\/wp-content\/uploads\/2026\/02\/Captura-de-pantalla-2026-02-24-a-las-12.40.28-1536x1086.png 1536w, https:\/\/www.bodegasgranbazan.com\/web26\/wp-content\/uploads\/2026\/02\/Captura-de-pantalla-2026-02-24-a-las-12.40.28-18x12.png 18w, https:\/\/www.bodegasgranbazan.com\/web26\/wp-content\/uploads\/2026\/02\/Captura-de-pantalla-2026-02-24-a-las-12.40.28-600x424.png 600w, https:\/\/www.bodegasgranbazan.com\/web26\/wp-content\/uploads\/2026\/02\/Captura-de-pantalla-2026-02-24-a-las-12.40.28.png 1578w\" sizes=\"(max-width: 800px) 100vw, 800px\" \/>\t\t\t\t\t\t\t\t\t\t\t\t\t\t\t<\/div>\n\t\t\t\t<\/div>\n\t\t\t\t\t<\/div>\n\t\t\t\t<\/div>\n\t\t\t\t<\/div>\n\t\t","protected":false},"excerpt":{"rendered":"","protected":false},"author":1,"featured_media":0,"parent":0,"menu_order":0,"comment_status":"closed","ping_status":"closed","template":"","meta":{"_acf_changed":false,"footnotes":""},"class_list":["post-15859","page","type-page","status-publish","hentry"],"acf":[],"yoast_head":"<!-- This site is optimized with the Yoast SEO plugin v27.5 - https:\/\/yoast.com\/product\/yoast-seo-wordpress\/ -->\n<title>ayudas-para-fomentar-la-realizacion-de-acciones-de-promocion-exterior - Granbaz\u00e1n - Bodegas GRANBAZ\u00c1N<\/title>\n<meta name=\"robots\" content=\"index, follow, max-snippet:-1, max-image-preview:large, max-video-preview:-1\" \/>\n<link rel=\"canonical\" href=\"https:\/\/www.bodegasgranbazan.com\/ayudas-para-fomentar-la-realizacion-de-acciones-de-promocion-exterior\/\" \/>\n<meta property=\"og:locale\" content=\"es_ES\" \/>\n<meta property=\"og:type\" content=\"article\" \/>\n<meta property=\"og:title\" content=\"ayudas-para-fomentar-la-realizacion-de-acciones-de-promocion-exterior - Granbaz\u00e1n - Bodegas GRANBAZ\u00c1N\" \/>\n<meta property=\"og:url\" content=\"https:\/\/www.bodegasgranbazan.com\/ayudas-para-fomentar-la-realizacion-de-acciones-de-promocion-exterior\/\" \/>\n<meta property=\"og:site_name\" content=\"Granbaz\u00e1n - Bodegas GRANBAZ\u00c1N\" \/>\n<meta property=\"article:modified_time\" content=\"2026-02-24T12:14:51+00:00\" \/>\n<meta property=\"og:image\" content=\"https:\/\/www.bodegasgranbazan.com\/web26\/wp-content\/uploads\/2026\/02\/Captura-de-pantalla-2026-02-24-a-las-12.40.28.png\" \/>\n\t<meta property=\"og:image:width\" content=\"1578\" \/>\n\t<meta property=\"og:image:height\" content=\"1116\" \/>\n\t<meta property=\"og:image:type\" content=\"image\/png\" \/>\n<meta name=\"twitter:card\" content=\"summary_large_image\" \/>\n<meta name=\"twitter:label1\" content=\"Tiempo de lectura\" \/>\n\t<meta name=\"twitter:data1\" content=\"1 minuto\" \/>\n<script type=\"application\/ld+json\" class=\"yoast-schema-graph\">{\"@context\":\"https:\\\/\\\/schema.org\",\"@graph\":[{\"@type\":\"WebPage\",\"@id\":\"https:\\\/\\\/www.bodegasgranbazan.com\\\/ayudas-para-fomentar-la-realizacion-de-acciones-de-promocion-exterior\\\/\",\"url\":\"https:\\\/\\\/www.bodegasgranbazan.com\\\/ayudas-para-fomentar-la-realizacion-de-acciones-de-promocion-exterior\\\/\",\"name\":\"ayudas-para-fomentar-la-realizacion-de-acciones-de-promocion-exterior - Granbaz\u00e1n - Bodegas GRANBAZ\u00c1N\",\"isPartOf\":{\"@id\":\"https:\\\/\\\/www.bodegasgranbazan.com\\\/#website\"},\"primaryImageOfPage\":{\"@id\":\"https:\\\/\\\/www.bodegasgranbazan.com\\\/ayudas-para-fomentar-la-realizacion-de-acciones-de-promocion-exterior\\\/#primaryimage\"},\"image\":{\"@id\":\"https:\\\/\\\/www.bodegasgranbazan.com\\\/ayudas-para-fomentar-la-realizacion-de-acciones-de-promocion-exterior\\\/#primaryimage\"},\"thumbnailUrl\":\"https:\\\/\\\/www.bodegasgranbazan.com\\\/web26\\\/wp-content\\\/uploads\\\/2026\\\/02\\\/Captura-de-pantalla-2026-02-24-a-las-12.40.28-1024x724.png\",\"datePublished\":\"2026-02-19T21:09:14+00:00\",\"dateModified\":\"2026-02-24T12:14:51+00:00\",\"breadcrumb\":{\"@id\":\"https:\\\/\\\/www.bodegasgranbazan.com\\\/ayudas-para-fomentar-la-realizacion-de-acciones-de-promocion-exterior\\\/#breadcrumb\"},\"inLanguage\":\"es\",\"potentialAction\":[{\"@type\":\"ReadAction\",\"target\":[\"https:\\\/\\\/www.bodegasgranbazan.com\\\/ayudas-para-fomentar-la-realizacion-de-acciones-de-promocion-exterior\\\/\"]}]},{\"@type\":\"ImageObject\",\"inLanguage\":\"es\",\"@id\":\"https:\\\/\\\/www.bodegasgranbazan.com\\\/ayudas-para-fomentar-la-realizacion-de-acciones-de-promocion-exterior\\\/#primaryimage\",\"url\":\"https:\\\/\\\/www.bodegasgranbazan.com\\\/web26\\\/wp-content\\\/uploads\\\/2026\\\/02\\\/Captura-de-pantalla-2026-02-24-a-las-12.40.28.png\",\"contentUrl\":\"https:\\\/\\\/www.bodegasgranbazan.com\\\/web26\\\/wp-content\\\/uploads\\\/2026\\\/02\\\/Captura-de-pantalla-2026-02-24-a-las-12.40.28.png\",\"width\":1578,\"height\":1116},{\"@type\":\"BreadcrumbList\",\"@id\":\"https:\\\/\\\/www.bodegasgranbazan.com\\\/ayudas-para-fomentar-la-realizacion-de-acciones-de-promocion-exterior\\\/#breadcrumb\",\"itemListElement\":[{\"@type\":\"ListItem\",\"position\":1,\"name\":\"Portada\",\"item\":\"https:\\\/\\\/www.bodegasgranbazan.com\\\/\"},{\"@type\":\"ListItem\",\"position\":2,\"name\":\"ayudas-para-fomentar-la-realizacion-de-acciones-de-promocion-exterior\"}]},{\"@type\":\"WebSite\",\"@id\":\"https:\\\/\\\/www.bodegasgranbazan.com\\\/#website\",\"url\":\"https:\\\/\\\/www.bodegasgranbazan.com\\\/\",\"name\":\"Bodegas Granbaz\u00e1n\",\"description\":\"Ubicada en el Valle del Saln\u00e9s, en el coraz\u00f3n de las R\u00edas Baixas.\",\"publisher\":{\"@id\":\"https:\\\/\\\/www.bodegasgranbazan.com\\\/#organization\"},\"potentialAction\":[{\"@type\":\"SearchAction\",\"target\":{\"@type\":\"EntryPoint\",\"urlTemplate\":\"https:\\\/\\\/www.bodegasgranbazan.com\\\/?s={search_term_string}\"},\"query-input\":{\"@type\":\"PropertyValueSpecification\",\"valueRequired\":true,\"valueName\":\"search_term_string\"}}],\"inLanguage\":\"es\"},{\"@type\":\"Organization\",\"@id\":\"https:\\\/\\\/www.bodegasgranbazan.com\\\/#organization\",\"name\":\"Bodegas Granbaz\u00e1n\",\"url\":\"https:\\\/\\\/www.bodegasgranbazan.com\\\/\",\"logo\":{\"@type\":\"ImageObject\",\"inLanguage\":\"es\",\"@id\":\"https:\\\/\\\/www.bodegasgranbazan.com\\\/#\\\/schema\\\/logo\\\/image\\\/\",\"url\":\"https:\\\/\\\/www.bodegasgranbazan.com\\\/web26\\\/wp-content\\\/uploads\\\/2026\\\/01\\\/granbazan-logo-def.webp\",\"contentUrl\":\"https:\\\/\\\/www.bodegasgranbazan.com\\\/web26\\\/wp-content\\\/uploads\\\/2026\\\/01\\\/granbazan-logo-def.webp\",\"width\":500,\"height\":264,\"caption\":\"Bodegas Granbaz\u00e1n\"},\"image\":{\"@id\":\"https:\\\/\\\/www.bodegasgranbazan.com\\\/#\\\/schema\\\/logo\\\/image\\\/\"}}]}<\/script>\n<!-- \/ Yoast SEO plugin. -->","yoast_head_json":{"title":"ayudas-para-fomentar-la-realizacion-de-acciones-de-promocion-exterior - Granbaz\u00e1n - Bodegas GRANBAZ\u00c1N","robots":{"index":"index","follow":"follow","max-snippet":"max-snippet:-1","max-image-preview":"max-image-preview:large","max-video-preview":"max-video-preview:-1"},"canonical":"https:\/\/www.bodegasgranbazan.com\/ayudas-para-fomentar-la-realizacion-de-acciones-de-promocion-exterior\/","og_locale":"es_ES","og_type":"article","og_title":"ayudas-para-fomentar-la-realizacion-de-acciones-de-promocion-exterior - Granbaz\u00e1n - Bodegas GRANBAZ\u00c1N","og_url":"https:\/\/www.bodegasgranbazan.com\/ayudas-para-fomentar-la-realizacion-de-acciones-de-promocion-exterior\/","og_site_name":"Granbaz\u00e1n - Bodegas GRANBAZ\u00c1N","article_modified_time":"2026-02-24T12:14:51+00:00","og_image":[{"width":1578,"height":1116,"url":"https:\/\/www.bodegasgranbazan.com\/web26\/wp-content\/uploads\/2026\/02\/Captura-de-pantalla-2026-02-24-a-las-12.40.28.png","type":"image\/png"}],"twitter_card":"summary_large_image","twitter_misc":{"Tiempo de lectura":"1 minuto"},"schema":{"@context":"https:\/\/schema.org","@graph":[{"@type":"WebPage","@id":"https:\/\/www.bodegasgranbazan.com\/ayudas-para-fomentar-la-realizacion-de-acciones-de-promocion-exterior\/","url":"https:\/\/www.bodegasgranbazan.com\/ayudas-para-fomentar-la-realizacion-de-acciones-de-promocion-exterior\/","name":"ayudas-para-fomentar-la-realizacion-de-acciones-de-promocion-exterior - Granbaz\u00e1n - Bodegas GRANBAZ\u00c1N","isPartOf":{"@id":"https:\/\/www.bodegasgranbazan.com\/#website"},"primaryImageOfPage":{"@id":"https:\/\/www.bodegasgranbazan.com\/ayudas-para-fomentar-la-realizacion-de-acciones-de-promocion-exterior\/#primaryimage"},"image":{"@id":"https:\/\/www.bodegasgranbazan.com\/ayudas-para-fomentar-la-realizacion-de-acciones-de-promocion-exterior\/#primaryimage"},"thumbnailUrl":"https:\/\/www.bodegasgranbazan.com\/web26\/wp-content\/uploads\/2026\/02\/Captura-de-pantalla-2026-02-24-a-las-12.40.28-1024x724.png","datePublished":"2026-02-19T21:09:14+00:00","dateModified":"2026-02-24T12:14:51+00:00","breadcrumb":{"@id":"https:\/\/www.bodegasgranbazan.com\/ayudas-para-fomentar-la-realizacion-de-acciones-de-promocion-exterior\/#breadcrumb"},"inLanguage":"es","potentialAction":[{"@type":"ReadAction","target":["https:\/\/www.bodegasgranbazan.com\/ayudas-para-fomentar-la-realizacion-de-acciones-de-promocion-exterior\/"]}]},{"@type":"ImageObject","inLanguage":"es","@id":"https:\/\/www.bodegasgranbazan.com\/ayudas-para-fomentar-la-realizacion-de-acciones-de-promocion-exterior\/#primaryimage","url":"https:\/\/www.bodegasgranbazan.com\/web26\/wp-content\/uploads\/2026\/02\/Captura-de-pantalla-2026-02-24-a-las-12.40.28.png","contentUrl":"https:\/\/www.bodegasgranbazan.com\/web26\/wp-content\/uploads\/2026\/02\/Captura-de-pantalla-2026-02-24-a-las-12.40.28.png","width":1578,"height":1116},{"@type":"BreadcrumbList","@id":"https:\/\/www.bodegasgranbazan.com\/ayudas-para-fomentar-la-realizacion-de-acciones-de-promocion-exterior\/#breadcrumb","itemListElement":[{"@type":"ListItem","position":1,"name":"Portada","item":"https:\/\/www.bodegasgranbazan.com\/"},{"@type":"ListItem","position":2,"name":"ayudas-para-fomentar-la-realizacion-de-acciones-de-promocion-exterior"}]},{"@type":"WebSite","@id":"https:\/\/www.bodegasgranbazan.com\/#website","url":"https:\/\/www.bodegasgranbazan.com\/","name":"Bodegas Granbaz\u00e1n","description":"Ubicada en el Valle del Saln\u00e9s, en el coraz\u00f3n de las R\u00edas Baixas.","publisher":{"@id":"https:\/\/www.bodegasgranbazan.com\/#organization"},"potentialAction":[{"@type":"SearchAction","target":{"@type":"EntryPoint","urlTemplate":"https:\/\/www.bodegasgranbazan.com\/?s={search_term_string}"},"query-input":{"@type":"PropertyValueSpecification","valueRequired":true,"valueName":"search_term_string"}}],"inLanguage":"es"},{"@type":"Organization","@id":"https:\/\/www.bodegasgranbazan.com\/#organization","name":"Bodegas Granbaz\u00e1n","url":"https:\/\/www.bodegasgranbazan.com\/","logo":{"@type":"ImageObject","inLanguage":"es","@id":"https:\/\/www.bodegasgranbazan.com\/#\/schema\/logo\/image\/","url":"https:\/\/www.bodegasgranbazan.com\/web26\/wp-content\/uploads\/2026\/01\/granbazan-logo-def.webp","contentUrl":"https:\/\/www.bodegasgranbazan.com\/web26\/wp-content\/uploads\/2026\/01\/granbazan-logo-def.webp","width":500,"height":264,"caption":"Bodegas Granbaz\u00e1n"},"image":{"@id":"https:\/\/www.bodegasgranbazan.com\/#\/schema\/logo\/image\/"}}]}},"_links":{"self":[{"href":"https:\/\/www.bodegasgranbazan.com\/wp-json\/wp\/v2\/pages\/15859","targetHints":{"allow":["GET"]}}],"collection":[{"href":"https:\/\/www.bodegasgranbazan.com\/wp-json\/wp\/v2\/pages"}],"about":[{"href":"https:\/\/www.bodegasgranbazan.com\/wp-json\/wp\/v2\/types\/page"}],"author":[{"embeddable":true,"href":"https:\/\/www.bodegasgranbazan.com\/wp-json\/wp\/v2\/users\/1"}],"replies":[{"embeddable":true,"href":"https:\/\/www.bodegasgranbazan.com\/wp-json\/wp\/v2\/comments?post=15859"}],"version-history":[{"count":5,"href":"https:\/\/www.bodegasgranbazan.com\/wp-json\/wp\/v2\/pages\/15859\/revisions"}],"predecessor-version":[{"id":15874,"href":"https:\/\/www.bodegasgranbazan.com\/wp-json\/wp\/v2\/pages\/15859\/revisions\/15874"}],"wp:attachment":[{"href":"https:\/\/www.bodegasgranbazan.com\/wp-json\/wp\/v2\/media?parent=15859"}],"curies":[{"name":"wp","href":"https:\/\/api.w.org\/{rel}","templated":true}]}}