{"id":1889,"date":"2025-01-09T11:07:55","date_gmt":"2025-01-09T11:07:55","guid":{"rendered":"https:\/\/mdecomunicacion.com\/gb\/?page_id=1889"},"modified":"2026-02-12T10:03:52","modified_gmt":"2026-02-12T09:03:52","slug":"contacto","status":"publish","type":"page","link":"https:\/\/www.bodegasgranbazan.com\/contacto\/","title":{"rendered":"Contacto"},"content":{"rendered":"\t\t<div data-elementor-type=\"wp-page\" data-elementor-id=\"1889\" class=\"elementor elementor-1889\" data-elementor-post-type=\"page\">\n\t\t\t\t<div class=\"elementor-element elementor-element-308b8549 e-con-full e-flex e-con e-parent\" data-id=\"308b8549\" data-element_type=\"container\" data-e-type=\"container\" data-settings=\"{&quot;background_background&quot;:&quot;classic&quot;}\">\n\t\t\t\t<div class=\"elementor-element elementor-element-3d5433bd elementor-invisible elementor-widget elementor-widget-heading\" data-id=\"3d5433bd\" data-element_type=\"widget\" data-e-type=\"widget\" data-settings=\"{&quot;_animation&quot;:&quot;fadeIn&quot;}\" data-widget_type=\"heading.default\">\n\t\t\t\t<div class=\"elementor-widget-container\">\n\t\t\t\t\t<h2 class=\"elementor-heading-title elementor-size-default\">Contacte <br>con nosotros<\/h2>\t\t\t\t<\/div>\n\t\t\t\t<\/div>\n\t\t\t\t<\/div>\n\t\t<div class=\"elementor-element elementor-element-ca119f8 e-flex e-con-boxed e-con e-parent\" data-id=\"ca119f8\" data-element_type=\"container\" data-e-type=\"container\">\n\t\t\t\t\t<div class=\"e-con-inner\">\n\t\t\t\t<div class=\"elementor-element elementor-element-ee75e07 elementor-invisible elementor-widget elementor-widget-heading\" data-id=\"ee75e07\" data-element_type=\"widget\" data-e-type=\"widget\" data-settings=\"{&quot;_animation&quot;:&quot;fadeIn&quot;}\" data-widget_type=\"heading.default\">\n\t\t\t\t<div class=\"elementor-widget-container\">\n\t\t\t\t\t<h2 class=\"elementor-heading-title elementor-size-default\">Env\u00edenos un mensaje a trav\u00e9s de este formulario <br> y le responderemos a la mayor brevedad.<\/h2>\t\t\t\t<\/div>\n\t\t\t\t<\/div>\n\t\t\t\t\t<\/div>\n\t\t\t\t<\/div>\n\t\t<div class=\"elementor-element elementor-element-6f43321 e-flex e-con-boxed e-con e-parent\" data-id=\"6f43321\" data-element_type=\"container\" data-e-type=\"container\">\n\t\t\t\t\t<div class=\"e-con-inner\">\n\t\t\t\t<div class=\"elementor-element elementor-element-b69f969 elementor-invisible elementor-widget elementor-widget-heading\" data-id=\"b69f969\" data-element_type=\"widget\" data-e-type=\"widget\" data-settings=\"{&quot;_animation&quot;:&quot;fadeIn&quot;}\" data-widget_type=\"heading.default\">\n\t\t\t\t<div class=\"elementor-widget-container\">\n\t\t\t\t\t<h4 class=\"elementor-heading-title elementor-size-default\">Si desea saber d\u00f3nde encontrar nuestros vinos, obtener informaci\u00f3n acerca de un vino o cosecha espec\u00edfica, o si tiene alguna sugerencia, comentarios o preguntas acerca de la elaboraci\u00f3n del vino, eventos ,etc\u2026 estamos m\u00e1s que encantados de ayudarle.\n<br><br>\nPuede ponerse en contacto con nosotros escribiendo un correo electr\u00f3nico a enoturismo@agrodebazan.com o rellenar este formulario.\n<br><br>\nNos pondremos en contacto usted tan pronto como sea posible.<\/h4>\t\t\t\t<\/div>\n\t\t\t\t<\/div>\n\t\t\t\t\t<\/div>\n\t\t\t\t<\/div>\n\t\t<div class=\"elementor-element elementor-element-d3e0588 e-flex e-con-boxed e-con e-parent\" data-id=\"d3e0588\" data-element_type=\"container\" data-e-type=\"container\">\n\t\t\t\t\t<div class=\"e-con-inner\">\n\t\t<div class=\"elementor-element elementor-element-bd891ff e-con-full e-flex e-con e-child\" data-id=\"bd891ff\" data-element_type=\"container\" data-e-type=\"container\">\n\t\t\t\t<div class=\"elementor-element elementor-element-f8874ef elementor-widget elementor-widget-text-editor\" data-id=\"f8874ef\" data-element_type=\"widget\" data-e-type=\"widget\" data-widget_type=\"text-editor.default\">\n\t\t\t\t<div class=\"elementor-widget-container\">\n\t\t\t\t\t\t\t\t\t<h5><strong>Direcci\u00f3n<\/strong><\/h5><div class=\" vc_custom_1535983587976\"><div id=\"text-block-10\" class=\"mk-text-block jupiter-donut- \"><p>Lugar de Tremoedo, 46<br \/>36628 \u2013 Vilanova de Arousa<br \/>Pontevedra (Espa\u00f1a)<\/p><\/div><\/div><h5><strong>Tel\u00e9fono<\/strong><\/h5><div class=\" vc_custom_1535983654114\"><div id=\"text-block-12\" class=\"mk-text-block jupiter-donut- \"><p><a href=\"tel:986555562\">(34) 986 555 562<\/a><\/p><\/div><\/div><h5><strong>Email<\/strong><\/h5><div class=\" vc_custom_1592468895144\"><div id=\"text-block-14\" class=\"mk-text-block jupiter-donut- \"><p><a href=\"mailto:agrodebazan@agrodebazan.com\">agrodebazan@agrodebazan.com<\/a><br \/><a href=\"mailto:eventos@agrodebazan.com\">eventos@agrodebazan.com<\/a><br \/><a href=\"mailto:enoturismo@agrodebazan.com\">enoturismo@agrodebazan.com<\/a><\/p><\/div><\/div><div class=\" vc_custom_1732901290658\"><div id=\"text-block-17\" class=\"mk-text-block jupiter-donut- \"><div class=\"whatsapp-web\"><a href=\"https:\/\/web.whatsapp.com\/send\/?phone=34644005717\" target=\"_blank\" rel=\"noopener noreferrer\"><img decoding=\"async\" src=\"https:\/\/www.bodegasgranbazan.com\/wp-content\/uploads\/2020\/04\/whatsapp-bodegasgranbazan-white.png\" alt=\"Whatsapp\" width=\"32\" height=\"32\" \/> <strong>Departamento de eventos<\/strong><\/a><br \/><a style=\"margin-left: 0px;\" href=\"https:\/\/web.whatsapp.com\/send\/?phone=34619118381\" target=\"_blank\" rel=\"noopener noreferrer\"><img decoding=\"async\" src=\"https:\/\/www.bodegasgranbazan.com\/wp-content\/uploads\/2020\/04\/whatsapp-bodegasgranbazan-white.png\" alt=\"Whatsapp\" width=\"32\" height=\"32\" \/> <strong>Departamento de enoturismo<\/strong><\/a><\/div><\/div><\/div>\t\t\t\t\t\t\t\t<\/div>\n\t\t\t\t<\/div>\n\t\t\t\t<\/div>\n\t\t<div class=\"elementor-element elementor-element-cc04ad4 e-con-full e-flex e-con e-child\" data-id=\"cc04ad4\" data-element_type=\"container\" data-e-type=\"container\">\n\t\t\t\t<div class=\"elementor-element elementor-element-3910e54 elementor-button-align-stretch elementor-widget elementor-widget-form\" data-id=\"3910e54\" data-element_type=\"widget\" data-e-type=\"widget\" data-settings=\"{&quot;button_width&quot;:&quot;50&quot;,&quot;step_next_label&quot;:&quot;Siguiente&quot;,&quot;step_previous_label&quot;:&quot;Anterior&quot;,&quot;step_type&quot;:&quot;number_text&quot;,&quot;step_icon_shape&quot;:&quot;circle&quot;}\" data-widget_type=\"form.default\">\n\t\t\t\t<div class=\"elementor-widget-container\">\n\t\t\t\t\t\t\t<form class=\"elementor-form\" method=\"post\" name=\"contacto\" aria-label=\"contacto\">\n\t\t\t<input type=\"hidden\" name=\"post_id\" value=\"1889\"\/>\n\t\t\t<input type=\"hidden\" name=\"form_id\" value=\"3910e54\"\/>\n\t\t\t<input type=\"hidden\" name=\"referer_title\" value=\"Contacto - Granbaz\u00e1n - Bodegas GRANBAZ\u00c1N\" \/>\n\n\t\t\t\t\t\t\t<input type=\"hidden\" name=\"queried_id\" value=\"1889\"\/>\n\t\t\t\n\t\t\t<div class=\"elementor-form-fields-wrapper elementor-labels-\">\n\t\t\t\t\t\t\t\t<div class=\"elementor-field-type-text elementor-field-group elementor-column elementor-field-group-name elementor-col-100 elementor-field-required\">\n\t\t\t\t\t\t\t\t\t\t\t\t<label for=\"form-field-name\" class=\"elementor-field-label elementor-screen-only\">\n\t\t\t\t\t\t\t\tNombre y apellidos\t\t\t\t\t\t\t<\/label>\n\t\t\t\t\t\t\t\t\t\t\t\t\t\t<input size=\"1\" type=\"text\" name=\"form_fields[name]\" id=\"form-field-name\" class=\"elementor-field elementor-size-sm  elementor-field-textual\" placeholder=\"Nombre y apellidos (obligatorio)\" required=\"required\">\n\t\t\t\t\t\t\t\t\t\t\t<\/div>\n\t\t\t\t\t\t\t\t<div class=\"elementor-field-type-email elementor-field-group elementor-column elementor-field-group-email elementor-col-100 elementor-field-required\">\n\t\t\t\t\t\t\t\t\t\t\t\t<label for=\"form-field-email\" class=\"elementor-field-label elementor-screen-only\">\n\t\t\t\t\t\t\t\tCorreo electr\u00f3nico\t\t\t\t\t\t\t<\/label>\n\t\t\t\t\t\t\t\t\t\t\t\t\t\t<input size=\"1\" type=\"email\" name=\"form_fields[email]\" id=\"form-field-email\" class=\"elementor-field elementor-size-sm  elementor-field-textual\" placeholder=\"Correo electr\u00f3nico (obligatorio)\" required=\"required\">\n\t\t\t\t\t\t\t\t\t\t\t<\/div>\n\t\t\t\t\t\t\t\t<div class=\"elementor-field-type-tel elementor-field-group elementor-column elementor-field-group-telefono elementor-col-100\">\n\t\t\t\t\t\t\t\t\t\t\t\t<label for=\"form-field-telefono\" class=\"elementor-field-label elementor-screen-only\">\n\t\t\t\t\t\t\t\ttel\t\t\t\t\t\t\t<\/label>\n\t\t\t\t\t\t\t\t<input size=\"1\" type=\"tel\" name=\"form_fields[telefono]\" id=\"form-field-telefono\" class=\"elementor-field elementor-size-sm  elementor-field-textual\" placeholder=\"Tel\u00e9fono\" pattern=\"[0-9()#&amp;+*-=.]+\" title=\"Only numbers and phone characters (#, -, *, etc) are accepted.\">\n\n\t\t\t\t\t\t<\/div>\n\t\t\t\t\t\t\t\t<div class=\"elementor-field-type-select elementor-field-group elementor-column elementor-field-group-asunto elementor-col-100\">\n\t\t\t\t\t\t\t\t\t\t\t\t<label for=\"form-field-asunto\" class=\"elementor-field-label elementor-screen-only\">\n\t\t\t\t\t\t\t\tSelecciona departamento\t\t\t\t\t\t\t<\/label>\n\t\t\t\t\t\t\t\t<div class=\"elementor-field elementor-select-wrapper remove-before \">\n\t\t\t<div class=\"select-caret-down-wrapper\">\n\t\t\t\t<svg aria-hidden=\"true\" class=\"e-font-icon-svg e-eicon-caret-down\" viewBox=\"0 0 571.4 571.4\" xmlns=\"http:\/\/www.w3.org\/2000\/svg\"><path d=\"M571 393Q571 407 561 418L311 668Q300 679 286 679T261 668L11 418Q0 407 0 393T11 368 36 357H536Q550 357 561 368T571 393Z\"><\/path><\/svg>\t\t\t<\/div>\n\t\t\t<select name=\"form_fields[asunto]\" id=\"form-field-asunto\" class=\"elementor-field-textual elementor-size-sm\">\n\t\t\t\t\t\t\t\t\t<option value=\"\">Selecciona departamento<\/option>\n\t\t\t\t\t\t\t\t\t<option value=\"comercial@agrodebazan.com\">Comercial<\/option>\n\t\t\t\t\t\t\t\t\t<option value=\"eventos@agrodebazan.com\">Eventos<\/option>\n\t\t\t\t\t\t\t\t\t<option value=\"eventos@agrodebazan.com\">Pedidos<\/option>\n\t\t\t\t\t\t\t<\/select>\n\t\t<\/div>\n\t\t\t\t\t\t<\/div>\n\t\t\t\t\t\t\t\t<div class=\"elementor-field-type-textarea elementor-field-group elementor-column elementor-field-group-message elementor-col-100 elementor-field-required\">\n\t\t\t\t\t\t\t\t\t\t\t\t<label for=\"form-field-message\" class=\"elementor-field-label elementor-screen-only\">\n\t\t\t\t\t\t\t\tMensaje\t\t\t\t\t\t\t<\/label>\n\t\t\t\t\t\t<textarea class=\"elementor-field-textual elementor-field  elementor-size-sm\" name=\"form_fields[message]\" id=\"form-field-message\" rows=\"4\" placeholder=\"Consulta, petici\u00f3n o sugerencia (obligatorio)\" required=\"required\"><\/textarea>\t\t\t\t<\/div>\n\t\t\t\t\t\t\t\t<div class=\"elementor-field-type-html elementor-field-group elementor-column elementor-field-group-field_99ecdfd elementor-col-100\">\n\t\t\t\t\tLos datos que facilita se incorporan a tratamientos de datos de los que es responsable Agro de Baz\u00e1n, S.A con la finalidad de atender su consulta. La base legal del tratamiento es el consentimiento del interesado. Se prev\u00e9n comunicaciones de datos. Puede acceder, rectificar y suprimir sus datos y ejercer otros derechos seg\u00fan se detalla en la<b> informaci\u00f3n adicional sobre protecci\u00f3n de datos.<\/b>\t\t\t\t<\/div>\n\t\t\t\t\t\t\t\t<div class=\"elementor-field-type-acceptance elementor-field-group elementor-column elementor-field-group-field_6e3d0ce elementor-col-100 elementor-field-required\">\n\t\t\t\t\t\t\t\t\t\t\t\t<label for=\"form-field-field_6e3d0ce\" class=\"elementor-field-label elementor-screen-only\">\n\t\t\t\t\t\t\t\tproteccion-datos\t\t\t\t\t\t\t<\/label>\n\t\t\t\t\t\t\t\t<div class=\"elementor-field-subgroup\">\n\t\t\t<span class=\"elementor-field-option\">\n\t\t\t\t<input type=\"checkbox\" name=\"form_fields[field_6e3d0ce]\" id=\"form-field-field_6e3d0ce\" class=\"elementor-field elementor-size-sm  elementor-acceptance-field\" required=\"required\">\n\t\t\t\t<label for=\"form-field-field_6e3d0ce\">Acepta la informaci\u00f3n adicional sobre <a href=\"https:\/\/www.bodegasgranbazan.com\/web26\/privacy-policy\/\" target=\"_blank\"\">protecci\u00f3n de datos<\/a><\/label>\t\t\t<\/span>\n\t\t<\/div>\n\t\t\t\t\t\t<\/div>\n\t\t\t\t\t\t\t\t<div class=\"elementor-field-type-acceptance elementor-field-group elementor-column elementor-field-group-newsletter elementor-col-100\">\n\t\t\t\t\t\t\t\t\t\t\t\t<label for=\"form-field-newsletter\" class=\"elementor-field-label elementor-screen-only\">\n\t\t\t\t\t\t\t\tnewsletter\t\t\t\t\t\t\t<\/label>\n\t\t\t\t\t\t\t\t<div class=\"elementor-field-subgroup\">\n\t\t\t<span class=\"elementor-field-option\">\n\t\t\t\t<input type=\"checkbox\" name=\"form_fields[newsletter]\" id=\"form-field-newsletter\" class=\"elementor-field elementor-size-sm  elementor-acceptance-field\">\n\t\t\t\t<label for=\"form-field-newsletter\">Autorizo el env\u00edo de <a href=\"https:\/\/www.bodegasgranbazan.com\/web26\/privacy-policy\/\" target=\"_blank\"\">comunicaciones comerciales<\/a><\/label>\t\t\t<\/span>\n\t\t<\/div>\n\t\t\t\t\t\t<\/div>\n\t\t\t\t\t\t\t\t<div class=\"elementor-field-group elementor-column elementor-field-type-submit elementor-col-50 e-form__buttons\">\n\t\t\t\t\t<button class=\"elementor-button elementor-size-sm\" type=\"submit\">\n\t\t\t\t\t\t<span class=\"elementor-button-content-wrapper\">\n\t\t\t\t\t\t\t\t\t\t\t\t\t\t\t\t\t\t\t\t\t\t<span class=\"elementor-button-text\">Enviar<\/span>\n\t\t\t\t\t\t\t\t\t\t\t\t\t<\/span>\n\t\t\t\t\t<\/button>\n\t\t\t\t<\/div>\n\t\t\t<\/div>\n\t\t<\/form>\n\t\t\t\t\t\t<\/div>\n\t\t\t\t<\/div>\n\t\t\t\t<\/div>\n\t\t\t\t\t<\/div>\n\t\t\t\t<\/div>\n\t\t\t\t<\/div>\n\t\t","protected":false},"excerpt":{"rendered":"<p>Contacte con nosotros Env\u00edenos un mensaje a trav\u00e9s de este formulario y le responderemos a la mayor brevedad. Si desea saber d\u00f3nde encontrar nuestros vinos, obtener informaci\u00f3n acerca de un vino o cosecha espec\u00edfica, o si tiene alguna sugerencia, comentarios o preguntas acerca de la elaboraci\u00f3n del vino, eventos ,etc\u2026 estamos m\u00e1s que encantados de [&hellip;]<\/p>\n","protected":false},"author":1,"featured_media":0,"parent":0,"menu_order":0,"comment_status":"closed","ping_status":"closed","template":"","meta":{"_acf_changed":false,"footnotes":""},"class_list":["post-1889","page","type-page","status-publish","hentry"],"acf":[],"yoast_head":"<!-- This site is optimized with the Yoast SEO plugin v27.1.1 - https:\/\/yoast.com\/product\/yoast-seo-wordpress\/ -->\n<title>Contacto - Granbaz\u00e1n - Bodegas GRANBAZ\u00c1N<\/title>\n<meta name=\"robots\" content=\"index, follow, max-snippet:-1, max-image-preview:large, max-video-preview:-1\" \/>\n<link rel=\"canonical\" href=\"https:\/\/www.bodegasgranbazan.com\/contacto\/\" \/>\n<meta property=\"og:locale\" content=\"es_ES\" \/>\n<meta property=\"og:type\" content=\"article\" \/>\n<meta property=\"og:title\" content=\"Contacto - Granbaz\u00e1n - Bodegas GRANBAZ\u00c1N\" \/>\n<meta property=\"og:description\" content=\"Contacte con nosotros Env\u00edenos un mensaje a trav\u00e9s de este formulario y le responderemos a la mayor brevedad. Si desea saber d\u00f3nde encontrar nuestros vinos, obtener informaci\u00f3n acerca de un vino o cosecha espec\u00edfica, o si tiene alguna sugerencia, comentarios o preguntas acerca de la elaboraci\u00f3n del vino, eventos ,etc\u2026 estamos m\u00e1s que encantados de [&hellip;]\" \/>\n<meta property=\"og:url\" content=\"https:\/\/www.bodegasgranbazan.com\/contacto\/\" \/>\n<meta property=\"og:site_name\" content=\"Granbaz\u00e1n - Bodegas GRANBAZ\u00c1N\" \/>\n<meta property=\"article:modified_time\" content=\"2026-02-12T09:03:52+00:00\" \/>\n<meta property=\"og:image\" content=\"https:\/\/www.bodegasgranbazan.com\/wp-content\/uploads\/2020\/04\/whatsapp-bodegasgranbazan-white.png\" \/>\n<meta name=\"twitter:card\" content=\"summary_large_image\" \/>\n<meta name=\"twitter:label1\" content=\"Tiempo de lectura\" \/>\n\t<meta name=\"twitter:data1\" content=\"2 minutos\" \/>\n<script type=\"application\/ld+json\" class=\"yoast-schema-graph\">{\"@context\":\"https:\/\/schema.org\",\"@graph\":[{\"@type\":\"WebPage\",\"@id\":\"https:\/\/www.bodegasgranbazan.com\/contacto\/\",\"url\":\"https:\/\/www.bodegasgranbazan.com\/contacto\/\",\"name\":\"Contacto - Granbaz\u00e1n - Bodegas GRANBAZ\u00c1N\",\"isPartOf\":{\"@id\":\"https:\/\/www.bodegasgranbazan.com\/#website\"},\"primaryImageOfPage\":{\"@id\":\"https:\/\/www.bodegasgranbazan.com\/contacto\/#primaryimage\"},\"image\":{\"@id\":\"https:\/\/www.bodegasgranbazan.com\/contacto\/#primaryimage\"},\"thumbnailUrl\":\"https:\/\/www.bodegasgranbazan.com\/wp-content\/uploads\/2020\/04\/whatsapp-bodegasgranbazan-white.png\",\"datePublished\":\"2025-01-09T11:07:55+00:00\",\"dateModified\":\"2026-02-12T09:03:52+00:00\",\"breadcrumb\":{\"@id\":\"https:\/\/www.bodegasgranbazan.com\/contacto\/#breadcrumb\"},\"inLanguage\":\"es\",\"potentialAction\":[{\"@type\":\"ReadAction\",\"target\":[\"https:\/\/www.bodegasgranbazan.com\/contacto\/\"]}]},{\"@type\":\"ImageObject\",\"inLanguage\":\"es\",\"@id\":\"https:\/\/www.bodegasgranbazan.com\/contacto\/#primaryimage\",\"url\":\"https:\/\/www.bodegasgranbazan.com\/wp-content\/uploads\/2020\/04\/whatsapp-bodegasgranbazan-white.png\",\"contentUrl\":\"https:\/\/www.bodegasgranbazan.com\/wp-content\/uploads\/2020\/04\/whatsapp-bodegasgranbazan-white.png\"},{\"@type\":\"BreadcrumbList\",\"@id\":\"https:\/\/www.bodegasgranbazan.com\/contacto\/#breadcrumb\",\"itemListElement\":[{\"@type\":\"ListItem\",\"position\":1,\"name\":\"Portada\",\"item\":\"https:\/\/www.bodegasgranbazan.com\/\"},{\"@type\":\"ListItem\",\"position\":2,\"name\":\"Contacto\"}]},{\"@type\":\"WebSite\",\"@id\":\"https:\/\/www.bodegasgranbazan.com\/#website\",\"url\":\"https:\/\/www.bodegasgranbazan.com\/\",\"name\":\"Bodegas Granbaz\u00e1n\",\"description\":\"Ubicada en el Valle del Saln\u00e9s, en el coraz\u00f3n de las R\u00edas Baixas.\",\"publisher\":{\"@id\":\"https:\/\/www.bodegasgranbazan.com\/#organization\"},\"potentialAction\":[{\"@type\":\"SearchAction\",\"target\":{\"@type\":\"EntryPoint\",\"urlTemplate\":\"https:\/\/www.bodegasgranbazan.com\/?s={search_term_string}\"},\"query-input\":{\"@type\":\"PropertyValueSpecification\",\"valueRequired\":true,\"valueName\":\"search_term_string\"}}],\"inLanguage\":\"es\"},{\"@type\":\"Organization\",\"@id\":\"https:\/\/www.bodegasgranbazan.com\/#organization\",\"name\":\"Bodegas Granbaz\u00e1n\",\"url\":\"https:\/\/www.bodegasgranbazan.com\/\",\"logo\":{\"@type\":\"ImageObject\",\"inLanguage\":\"es\",\"@id\":\"https:\/\/www.bodegasgranbazan.com\/#\/schema\/logo\/image\/\",\"url\":\"https:\/\/www.bodegasgranbazan.com\/web26\/wp-content\/uploads\/2026\/01\/granbazan-logo-def.webp\",\"contentUrl\":\"https:\/\/www.bodegasgranbazan.com\/web26\/wp-content\/uploads\/2026\/01\/granbazan-logo-def.webp\",\"width\":500,\"height\":264,\"caption\":\"Bodegas Granbaz\u00e1n\"},\"image\":{\"@id\":\"https:\/\/www.bodegasgranbazan.com\/#\/schema\/logo\/image\/\"}}]}<\/script>\n<!-- \/ Yoast SEO plugin. -->","yoast_head_json":{"title":"Contacto - Granbaz\u00e1n - Bodegas GRANBAZ\u00c1N","robots":{"index":"index","follow":"follow","max-snippet":"max-snippet:-1","max-image-preview":"max-image-preview:large","max-video-preview":"max-video-preview:-1"},"canonical":"https:\/\/www.bodegasgranbazan.com\/contacto\/","og_locale":"es_ES","og_type":"article","og_title":"Contacto - Granbaz\u00e1n - Bodegas GRANBAZ\u00c1N","og_description":"Contacte con nosotros Env\u00edenos un mensaje a trav\u00e9s de este formulario y le responderemos a la mayor brevedad. Si desea saber d\u00f3nde encontrar nuestros vinos, obtener informaci\u00f3n acerca de un vino o cosecha espec\u00edfica, o si tiene alguna sugerencia, comentarios o preguntas acerca de la elaboraci\u00f3n del vino, eventos ,etc\u2026 estamos m\u00e1s que encantados de [&hellip;]","og_url":"https:\/\/www.bodegasgranbazan.com\/contacto\/","og_site_name":"Granbaz\u00e1n - Bodegas GRANBAZ\u00c1N","article_modified_time":"2026-02-12T09:03:52+00:00","og_image":[{"url":"https:\/\/www.bodegasgranbazan.com\/wp-content\/uploads\/2020\/04\/whatsapp-bodegasgranbazan-white.png","type":"","width":"","height":""}],"twitter_card":"summary_large_image","twitter_misc":{"Tiempo de lectura":"2 minutos"},"schema":{"@context":"https:\/\/schema.org","@graph":[{"@type":"WebPage","@id":"https:\/\/www.bodegasgranbazan.com\/contacto\/","url":"https:\/\/www.bodegasgranbazan.com\/contacto\/","name":"Contacto - Granbaz\u00e1n - Bodegas GRANBAZ\u00c1N","isPartOf":{"@id":"https:\/\/www.bodegasgranbazan.com\/#website"},"primaryImageOfPage":{"@id":"https:\/\/www.bodegasgranbazan.com\/contacto\/#primaryimage"},"image":{"@id":"https:\/\/www.bodegasgranbazan.com\/contacto\/#primaryimage"},"thumbnailUrl":"https:\/\/www.bodegasgranbazan.com\/wp-content\/uploads\/2020\/04\/whatsapp-bodegasgranbazan-white.png","datePublished":"2025-01-09T11:07:55+00:00","dateModified":"2026-02-12T09:03:52+00:00","breadcrumb":{"@id":"https:\/\/www.bodegasgranbazan.com\/contacto\/#breadcrumb"},"inLanguage":"es","potentialAction":[{"@type":"ReadAction","target":["https:\/\/www.bodegasgranbazan.com\/contacto\/"]}]},{"@type":"ImageObject","inLanguage":"es","@id":"https:\/\/www.bodegasgranbazan.com\/contacto\/#primaryimage","url":"https:\/\/www.bodegasgranbazan.com\/wp-content\/uploads\/2020\/04\/whatsapp-bodegasgranbazan-white.png","contentUrl":"https:\/\/www.bodegasgranbazan.com\/wp-content\/uploads\/2020\/04\/whatsapp-bodegasgranbazan-white.png"},{"@type":"BreadcrumbList","@id":"https:\/\/www.bodegasgranbazan.com\/contacto\/#breadcrumb","itemListElement":[{"@type":"ListItem","position":1,"name":"Portada","item":"https:\/\/www.bodegasgranbazan.com\/"},{"@type":"ListItem","position":2,"name":"Contacto"}]},{"@type":"WebSite","@id":"https:\/\/www.bodegasgranbazan.com\/#website","url":"https:\/\/www.bodegasgranbazan.com\/","name":"Bodegas Granbaz\u00e1n","description":"Ubicada en el Valle del Saln\u00e9s, en el coraz\u00f3n de las R\u00edas Baixas.","publisher":{"@id":"https:\/\/www.bodegasgranbazan.com\/#organization"},"potentialAction":[{"@type":"SearchAction","target":{"@type":"EntryPoint","urlTemplate":"https:\/\/www.bodegasgranbazan.com\/?s={search_term_string}"},"query-input":{"@type":"PropertyValueSpecification","valueRequired":true,"valueName":"search_term_string"}}],"inLanguage":"es"},{"@type":"Organization","@id":"https:\/\/www.bodegasgranbazan.com\/#organization","name":"Bodegas Granbaz\u00e1n","url":"https:\/\/www.bodegasgranbazan.com\/","logo":{"@type":"ImageObject","inLanguage":"es","@id":"https:\/\/www.bodegasgranbazan.com\/#\/schema\/logo\/image\/","url":"https:\/\/www.bodegasgranbazan.com\/web26\/wp-content\/uploads\/2026\/01\/granbazan-logo-def.webp","contentUrl":"https:\/\/www.bodegasgranbazan.com\/web26\/wp-content\/uploads\/2026\/01\/granbazan-logo-def.webp","width":500,"height":264,"caption":"Bodegas Granbaz\u00e1n"},"image":{"@id":"https:\/\/www.bodegasgranbazan.com\/#\/schema\/logo\/image\/"}}]}},"_links":{"self":[{"href":"https:\/\/www.bodegasgranbazan.com\/web26\/index.php?rest_route=\/wp\/v2\/pages\/1889","targetHints":{"allow":["GET"]}}],"collection":[{"href":"https:\/\/www.bodegasgranbazan.com\/web26\/index.php?rest_route=\/wp\/v2\/pages"}],"about":[{"href":"https:\/\/www.bodegasgranbazan.com\/web26\/index.php?rest_route=\/wp\/v2\/types\/page"}],"author":[{"embeddable":true,"href":"https:\/\/www.bodegasgranbazan.com\/web26\/index.php?rest_route=\/wp\/v2\/users\/1"}],"replies":[{"embeddable":true,"href":"https:\/\/www.bodegasgranbazan.com\/web26\/index.php?rest_route=%2Fwp%2Fv2%2Fcomments&post=1889"}],"version-history":[{"count":5,"href":"https:\/\/www.bodegasgranbazan.com\/web26\/index.php?rest_route=\/wp\/v2\/pages\/1889\/revisions"}],"predecessor-version":[{"id":15705,"href":"https:\/\/www.bodegasgranbazan.com\/web26\/index.php?rest_route=\/wp\/v2\/pages\/1889\/revisions\/15705"}],"wp:attachment":[{"href":"https:\/\/www.bodegasgranbazan.com\/web26\/index.php?rest_route=%2Fwp%2Fv2%2Fmedia&parent=1889"}],"curies":[{"name":"wp","href":"https:\/\/api.w.org\/{rel}","templated":true}]}}