{"id":1584,"date":"2024-09-22T09:14:29","date_gmt":"2024-09-22T09:14:29","guid":{"rendered":"https:\/\/mdecomunicacion.com\/gb\/?post_type=product&#038;p=1584"},"modified":"2026-02-05T20:34:38","modified_gmt":"2026-02-05T19:34:38","slug":"marcdebazan-licor-cafe","status":"publish","type":"product","link":"https:\/\/www.bodegasgranbazan.com\/producto\/marcdebazan-licor-cafe\/","title":{"rendered":"MARCDEBAZ\u00c1N Licor Caf\u00e9 70 cl."},"content":{"rendered":"<h2>Todo un cl\u00e1sico. Licor de Caf\u00e9<\/h2>\n<p>Hechos con el bagazo de nuestras propias uvas albari\u00f1as, con preciosos alambiques artesanales de cobre, el Orujo de Galicia y los Licores Marcdebazan encierran en su interior todo el saber y la tradici\u00f3n del pueblo galaico.<\/p>\n<p><strong>Especificaciones<\/strong><\/p>\n<ul>\n<li>Alcohol: 30%<\/li>\n<li>Volumen: 0,70 L<\/li>\n<\/ul>\n","protected":false},"excerpt":{"rendered":"<p>Todo un cl\u00e1sico. Licor de Caf\u00e9 Hechos con el bagazo de nuestras propias uvas albari\u00f1as, con preciosos alambiques artesanales de cobre, el Orujo de Galicia y los Licores Marcdebazan encierran en su interior todo el saber y la tradici\u00f3n del pueblo galaico. Especificaciones Alcohol: 30% Volumen: 0,70 L<\/p>\n","protected":false},"featured_media":1585,"template":"","meta":{"_acf_changed":false},"product_brand":[],"product_cat":[31],"product_tag":[],"class_list":{"0":"post-1584","1":"product","2":"type-product","3":"status-publish","4":"has-post-thumbnail","6":"product_cat-licores","8":"first","9":"outofstock","10":"taxable","11":"shipping-taxable","12":"purchasable","13":"product-type-simple"},"acf":[],"yoast_head":"<!-- This site is optimized with the Yoast SEO plugin v27.1.1 - https:\/\/yoast.com\/product\/yoast-seo-wordpress\/ -->\n<title>MARCDEBAZ\u00c1N Licor Caf\u00e9 70 cl. - Granbaz\u00e1n - Bodegas GRANBAZ\u00c1N<\/title>\n<meta name=\"robots\" content=\"index, follow, max-snippet:-1, max-image-preview:large, max-video-preview:-1\" \/>\n<link rel=\"canonical\" href=\"https:\/\/www.bodegasgranbazan.com\/producto\/marcdebazan-licor-cafe\/\" \/>\n<meta property=\"og:locale\" content=\"es_ES\" \/>\n<meta property=\"og:type\" content=\"article\" \/>\n<meta property=\"og:title\" content=\"MARCDEBAZ\u00c1N Licor Caf\u00e9 70 cl. - Granbaz\u00e1n - Bodegas GRANBAZ\u00c1N\" \/>\n<meta property=\"og:description\" content=\"Todo un cl\u00e1sico. Licor de Caf\u00e9 Hechos con el bagazo de nuestras propias uvas albari\u00f1as, con preciosos alambiques artesanales de cobre, el Orujo de Galicia y los Licores Marcdebazan encierran en su interior todo el saber y la tradici\u00f3n del pueblo galaico. Especificaciones Alcohol: 30% Volumen: 0,70 L\" \/>\n<meta property=\"og:url\" content=\"https:\/\/www.bodegasgranbazan.com\/producto\/marcdebazan-licor-cafe\/\" \/>\n<meta property=\"og:site_name\" content=\"Granbaz\u00e1n - Bodegas GRANBAZ\u00c1N\" \/>\n<meta property=\"article:modified_time\" content=\"2026-02-05T19:34:38+00:00\" \/>\n<meta property=\"og:image\" content=\"https:\/\/www.bodegasgranbazan.com\/web26\/wp-content\/uploads\/2024\/09\/botella-marc-de-bazan-cafe.jpg\" \/>\n\t<meta property=\"og:image:width\" content=\"1000\" \/>\n\t<meta property=\"og:image:height\" content=\"1000\" \/>\n\t<meta property=\"og:image:type\" content=\"image\/jpeg\" \/>\n<meta name=\"twitter:card\" content=\"summary_large_image\" \/>\n<script type=\"application\/ld+json\" class=\"yoast-schema-graph\">{\"@context\":\"https:\/\/schema.org\",\"@graph\":[{\"@type\":\"WebPage\",\"@id\":\"https:\/\/www.bodegasgranbazan.com\/producto\/marcdebazan-licor-cafe\/\",\"url\":\"https:\/\/www.bodegasgranbazan.com\/producto\/marcdebazan-licor-cafe\/\",\"name\":\"MARCDEBAZ\u00c1N Licor Caf\u00e9 70 cl. - Granbaz\u00e1n - Bodegas GRANBAZ\u00c1N\",\"isPartOf\":{\"@id\":\"https:\/\/www.bodegasgranbazan.com\/#website\"},\"primaryImageOfPage\":{\"@id\":\"https:\/\/www.bodegasgranbazan.com\/producto\/marcdebazan-licor-cafe\/#primaryimage\"},\"image\":{\"@id\":\"https:\/\/www.bodegasgranbazan.com\/producto\/marcdebazan-licor-cafe\/#primaryimage\"},\"thumbnailUrl\":\"https:\/\/www.bodegasgranbazan.com\/web26\/wp-content\/uploads\/2024\/09\/botella-marc-de-bazan-cafe.jpg\",\"datePublished\":\"2024-09-22T09:14:29+00:00\",\"dateModified\":\"2026-02-05T19:34:38+00:00\",\"breadcrumb\":{\"@id\":\"https:\/\/www.bodegasgranbazan.com\/producto\/marcdebazan-licor-cafe\/#breadcrumb\"},\"inLanguage\":\"es\",\"potentialAction\":[{\"@type\":\"ReadAction\",\"target\":[\"https:\/\/www.bodegasgranbazan.com\/producto\/marcdebazan-licor-cafe\/\"]}]},{\"@type\":\"ImageObject\",\"inLanguage\":\"es\",\"@id\":\"https:\/\/www.bodegasgranbazan.com\/producto\/marcdebazan-licor-cafe\/#primaryimage\",\"url\":\"https:\/\/www.bodegasgranbazan.com\/web26\/wp-content\/uploads\/2024\/09\/botella-marc-de-bazan-cafe.jpg\",\"contentUrl\":\"https:\/\/www.bodegasgranbazan.com\/web26\/wp-content\/uploads\/2024\/09\/botella-marc-de-bazan-cafe.jpg\",\"width\":1000,\"height\":1000},{\"@type\":\"BreadcrumbList\",\"@id\":\"https:\/\/www.bodegasgranbazan.com\/producto\/marcdebazan-licor-cafe\/#breadcrumb\",\"itemListElement\":[{\"@type\":\"ListItem\",\"position\":1,\"name\":\"Portada\",\"item\":\"https:\/\/www.bodegasgranbazan.com\/\"},{\"@type\":\"ListItem\",\"position\":2,\"name\":\"Tienda\",\"item\":\"https:\/\/www.bodegasgranbazan.com\/tienda\/\"},{\"@type\":\"ListItem\",\"position\":3,\"name\":\"MARCDEBAZ\u00c1N Licor Caf\u00e9 70 cl.\"}]},{\"@type\":\"WebSite\",\"@id\":\"https:\/\/www.bodegasgranbazan.com\/#website\",\"url\":\"https:\/\/www.bodegasgranbazan.com\/\",\"name\":\"Bodegas Granbaz\u00e1n\",\"description\":\"Ubicada en el Valle del Saln\u00e9s, en el coraz\u00f3n de las R\u00edas Baixas.\",\"publisher\":{\"@id\":\"https:\/\/www.bodegasgranbazan.com\/#organization\"},\"potentialAction\":[{\"@type\":\"SearchAction\",\"target\":{\"@type\":\"EntryPoint\",\"urlTemplate\":\"https:\/\/www.bodegasgranbazan.com\/?s={search_term_string}\"},\"query-input\":{\"@type\":\"PropertyValueSpecification\",\"valueRequired\":true,\"valueName\":\"search_term_string\"}}],\"inLanguage\":\"es\"},{\"@type\":\"Organization\",\"@id\":\"https:\/\/www.bodegasgranbazan.com\/#organization\",\"name\":\"Bodegas Granbaz\u00e1n\",\"url\":\"https:\/\/www.bodegasgranbazan.com\/\",\"logo\":{\"@type\":\"ImageObject\",\"inLanguage\":\"es\",\"@id\":\"https:\/\/www.bodegasgranbazan.com\/#\/schema\/logo\/image\/\",\"url\":\"https:\/\/www.bodegasgranbazan.com\/web26\/wp-content\/uploads\/2026\/01\/granbazan-logo-def.webp\",\"contentUrl\":\"https:\/\/www.bodegasgranbazan.com\/web26\/wp-content\/uploads\/2026\/01\/granbazan-logo-def.webp\",\"width\":500,\"height\":264,\"caption\":\"Bodegas Granbaz\u00e1n\"},\"image\":{\"@id\":\"https:\/\/www.bodegasgranbazan.com\/#\/schema\/logo\/image\/\"}}]}<\/script>\n<!-- \/ Yoast SEO plugin. -->","yoast_head_json":{"title":"MARCDEBAZ\u00c1N Licor Caf\u00e9 70 cl. - Granbaz\u00e1n - Bodegas GRANBAZ\u00c1N","robots":{"index":"index","follow":"follow","max-snippet":"max-snippet:-1","max-image-preview":"max-image-preview:large","max-video-preview":"max-video-preview:-1"},"canonical":"https:\/\/www.bodegasgranbazan.com\/producto\/marcdebazan-licor-cafe\/","og_locale":"es_ES","og_type":"article","og_title":"MARCDEBAZ\u00c1N Licor Caf\u00e9 70 cl. - Granbaz\u00e1n - Bodegas GRANBAZ\u00c1N","og_description":"Todo un cl\u00e1sico. Licor de Caf\u00e9 Hechos con el bagazo de nuestras propias uvas albari\u00f1as, con preciosos alambiques artesanales de cobre, el Orujo de Galicia y los Licores Marcdebazan encierran en su interior todo el saber y la tradici\u00f3n del pueblo galaico. Especificaciones Alcohol: 30% Volumen: 0,70 L","og_url":"https:\/\/www.bodegasgranbazan.com\/producto\/marcdebazan-licor-cafe\/","og_site_name":"Granbaz\u00e1n - Bodegas GRANBAZ\u00c1N","article_modified_time":"2026-02-05T19:34:38+00:00","og_image":[{"width":1000,"height":1000,"url":"https:\/\/www.bodegasgranbazan.com\/web26\/wp-content\/uploads\/2024\/09\/botella-marc-de-bazan-cafe.jpg","type":"image\/jpeg"}],"twitter_card":"summary_large_image","schema":{"@context":"https:\/\/schema.org","@graph":[{"@type":"WebPage","@id":"https:\/\/www.bodegasgranbazan.com\/producto\/marcdebazan-licor-cafe\/","url":"https:\/\/www.bodegasgranbazan.com\/producto\/marcdebazan-licor-cafe\/","name":"MARCDEBAZ\u00c1N Licor Caf\u00e9 70 cl. - Granbaz\u00e1n - Bodegas GRANBAZ\u00c1N","isPartOf":{"@id":"https:\/\/www.bodegasgranbazan.com\/#website"},"primaryImageOfPage":{"@id":"https:\/\/www.bodegasgranbazan.com\/producto\/marcdebazan-licor-cafe\/#primaryimage"},"image":{"@id":"https:\/\/www.bodegasgranbazan.com\/producto\/marcdebazan-licor-cafe\/#primaryimage"},"thumbnailUrl":"https:\/\/www.bodegasgranbazan.com\/web26\/wp-content\/uploads\/2024\/09\/botella-marc-de-bazan-cafe.jpg","datePublished":"2024-09-22T09:14:29+00:00","dateModified":"2026-02-05T19:34:38+00:00","breadcrumb":{"@id":"https:\/\/www.bodegasgranbazan.com\/producto\/marcdebazan-licor-cafe\/#breadcrumb"},"inLanguage":"es","potentialAction":[{"@type":"ReadAction","target":["https:\/\/www.bodegasgranbazan.com\/producto\/marcdebazan-licor-cafe\/"]}]},{"@type":"ImageObject","inLanguage":"es","@id":"https:\/\/www.bodegasgranbazan.com\/producto\/marcdebazan-licor-cafe\/#primaryimage","url":"https:\/\/www.bodegasgranbazan.com\/web26\/wp-content\/uploads\/2024\/09\/botella-marc-de-bazan-cafe.jpg","contentUrl":"https:\/\/www.bodegasgranbazan.com\/web26\/wp-content\/uploads\/2024\/09\/botella-marc-de-bazan-cafe.jpg","width":1000,"height":1000},{"@type":"BreadcrumbList","@id":"https:\/\/www.bodegasgranbazan.com\/producto\/marcdebazan-licor-cafe\/#breadcrumb","itemListElement":[{"@type":"ListItem","position":1,"name":"Portada","item":"https:\/\/www.bodegasgranbazan.com\/"},{"@type":"ListItem","position":2,"name":"Tienda","item":"https:\/\/www.bodegasgranbazan.com\/tienda\/"},{"@type":"ListItem","position":3,"name":"MARCDEBAZ\u00c1N Licor Caf\u00e9 70 cl."}]},{"@type":"WebSite","@id":"https:\/\/www.bodegasgranbazan.com\/#website","url":"https:\/\/www.bodegasgranbazan.com\/","name":"Bodegas Granbaz\u00e1n","description":"Ubicada en el Valle del Saln\u00e9s, en el coraz\u00f3n de las R\u00edas Baixas.","publisher":{"@id":"https:\/\/www.bodegasgranbazan.com\/#organization"},"potentialAction":[{"@type":"SearchAction","target":{"@type":"EntryPoint","urlTemplate":"https:\/\/www.bodegasgranbazan.com\/?s={search_term_string}"},"query-input":{"@type":"PropertyValueSpecification","valueRequired":true,"valueName":"search_term_string"}}],"inLanguage":"es"},{"@type":"Organization","@id":"https:\/\/www.bodegasgranbazan.com\/#organization","name":"Bodegas Granbaz\u00e1n","url":"https:\/\/www.bodegasgranbazan.com\/","logo":{"@type":"ImageObject","inLanguage":"es","@id":"https:\/\/www.bodegasgranbazan.com\/#\/schema\/logo\/image\/","url":"https:\/\/www.bodegasgranbazan.com\/web26\/wp-content\/uploads\/2026\/01\/granbazan-logo-def.webp","contentUrl":"https:\/\/www.bodegasgranbazan.com\/web26\/wp-content\/uploads\/2026\/01\/granbazan-logo-def.webp","width":500,"height":264,"caption":"Bodegas Granbaz\u00e1n"},"image":{"@id":"https:\/\/www.bodegasgranbazan.com\/#\/schema\/logo\/image\/"}}]}},"_links":{"self":[{"href":"https:\/\/www.bodegasgranbazan.com\/web26\/index.php?rest_route=\/wp\/v2\/product\/1584","targetHints":{"allow":["GET"]}}],"collection":[{"href":"https:\/\/www.bodegasgranbazan.com\/web26\/index.php?rest_route=\/wp\/v2\/product"}],"about":[{"href":"https:\/\/www.bodegasgranbazan.com\/web26\/index.php?rest_route=\/wp\/v2\/types\/product"}],"wp:featuredmedia":[{"embeddable":true,"href":"https:\/\/www.bodegasgranbazan.com\/web26\/index.php?rest_route=\/wp\/v2\/media\/1585"}],"wp:attachment":[{"href":"https:\/\/www.bodegasgranbazan.com\/web26\/index.php?rest_route=%2Fwp%2Fv2%2Fmedia&parent=1584"}],"wp:term":[{"taxonomy":"product_brand","embeddable":true,"href":"https:\/\/www.bodegasgranbazan.com\/web26\/index.php?rest_route=%2Fwp%2Fv2%2Fproduct_brand&post=1584"},{"taxonomy":"product_cat","embeddable":true,"href":"https:\/\/www.bodegasgranbazan.com\/web26\/index.php?rest_route=%2Fwp%2Fv2%2Fproduct_cat&post=1584"},{"taxonomy":"product_tag","embeddable":true,"href":"https:\/\/www.bodegasgranbazan.com\/web26\/index.php?rest_route=%2Fwp%2Fv2%2Fproduct_tag&post=1584"}],"curies":[{"name":"wp","href":"https:\/\/api.w.org\/{rel}","templated":true}]}}