{"id":2156,"date":"2025-01-16T21:11:58","date_gmt":"2025-01-16T21:11:58","guid":{"rendered":"https:\/\/mdecomunicacion.com\/gb\/?post_type=product&#038;p=2156"},"modified":"2026-01-20T06:18:58","modified_gmt":"2026-01-20T05:18:58","slug":"baigorri-finca-las-navas-tempranillo","status":"publish","type":"product","link":"https:\/\/www.bodegasgranbazan.com\/producto\/baigorri-finca-las-navas-tempranillo\/","title":{"rendered":"Baigorri Finca Las Navas Tempranillo"},"content":{"rendered":"<div class=\"woocommerce-tabs wc-tabs-wrapper\">\n<div id=\"tab-description\" class=\"woocommerce-Tabs-panel woocommerce-Tabs-panel--description panel entry-content wc-tab\" role=\"tabpanel\" aria-labelledby=\"tab-title-description\">\n<div class=\"woocommerce-tabs wc-tabs-wrapper\">\n<div id=\"tab-description\" class=\"woocommerce-Tabs-panel woocommerce-Tabs-panel--description panel entry-content wc-tab\" role=\"tabpanel\" aria-labelledby=\"tab-title-description\">\n<p>Este vino tinto de finca se elabora en tinos de madera de roble franc\u00e9s de 5000 l de manera artesanal con la uva despalillada y en granos enteros. Anteriormente se utiliza nieve carb\u00f3nica para desarrollar una maceraci\u00f3n intracelular lo m\u00e1s prolongada posible. Durante la fermentaci\u00f3n alcoh\u00f3lica, que dura 30 d\u00edas, se remonta por gravedad. Realiza la fermentaci\u00f3n malol\u00e1ctica en los tinos y tiene un periodo de crianza de entre 4 y 8 meses sobre sus l\u00edas.<\/p>\n<p><strong>VI\u00d1EDOS<\/strong><\/p>\n<p>Finca Las Navas es un aut\u00e9ntico tesoro basado en la selecci\u00f3n masal de la planta Tempranillo. Es una parcela que se cr\u00eda junto a la bodega con el mimo y esmero de una gran plantaci\u00f3n cercana a las 4 hect\u00e1reas y con una orientaci\u00f3n norte-sur y suelo arcillo-calc\u00e1reo, t\u00edpico de la Rioja Alavesa.<\/p>\n<p><strong>NOTAS DE CATA<\/strong><\/p>\n<p>Vino de capa media-alta con ribetes viol\u00e1ceos y aromas a fruta fresca, hierbas arom\u00e1ticas, tabacos, ahumados y regaliz. En boca es muy sabroso y redondo con un buen equilibrio entre los taninos que aporta una elegante madera de roble franc\u00e9s y los propios de las uvas. Final elegante y persistente.<\/p>\n<p>&nbsp;<\/p>\n<\/div>\n<\/div>\n<section class=\"related products\"><\/section>\n<\/div>\n<\/div>\n","protected":false},"excerpt":{"rendered":"<p>Vino de capa media-alta con ribetes viol\u00e1ceos y aromas a fruta fresca, hierbas arom\u00e1ticas, tabacos, ahumados y regaliz.<\/p>\n","protected":false},"featured_media":2157,"template":"","meta":{"_acf_changed":false},"product_brand":[],"product_cat":[35],"product_tag":[],"class_list":{"0":"post-2156","1":"product","2":"type-product","3":"status-publish","4":"has-post-thumbnail","6":"product_cat-vinos-baigorri","8":"first","9":"instock","10":"taxable","11":"shipping-taxable","12":"purchasable","13":"product-type-simple"},"acf":[],"yoast_head":"<!-- This site is optimized with the Yoast SEO plugin v27.4 - https:\/\/yoast.com\/product\/yoast-seo-wordpress\/ -->\n<title>Baigorri Finca Las Navas Tempranillo - Granbaz\u00e1n - Bodegas GRANBAZ\u00c1N<\/title>\n<meta name=\"robots\" content=\"index, follow, max-snippet:-1, max-image-preview:large, max-video-preview:-1\" \/>\n<link rel=\"canonical\" href=\"https:\/\/www.bodegasgranbazan.com\/producto\/baigorri-finca-las-navas-tempranillo\/\" \/>\n<meta property=\"og:locale\" content=\"es_ES\" \/>\n<meta property=\"og:type\" content=\"article\" \/>\n<meta property=\"og:title\" content=\"Baigorri Finca Las Navas Tempranillo - Granbaz\u00e1n - Bodegas GRANBAZ\u00c1N\" \/>\n<meta property=\"og:description\" content=\"Vino de capa media-alta con ribetes viol\u00e1ceos y aromas a fruta fresca, hierbas arom\u00e1ticas, tabacos, ahumados y regaliz.\" \/>\n<meta property=\"og:url\" content=\"https:\/\/www.bodegasgranbazan.com\/producto\/baigorri-finca-las-navas-tempranillo\/\" \/>\n<meta property=\"og:site_name\" content=\"Granbaz\u00e1n - Bodegas GRANBAZ\u00c1N\" \/>\n<meta property=\"article:modified_time\" content=\"2026-01-20T05:18:58+00:00\" \/>\n<meta property=\"og:image\" content=\"https:\/\/www.bodegasgranbazan.com\/web26\/wp-content\/uploads\/2025\/01\/LAS-NAVAS_MU_blanco-1-scaled-1.jpg\" \/>\n\t<meta property=\"og:image:width\" content=\"979\" \/>\n\t<meta property=\"og:image:height\" content=\"979\" \/>\n\t<meta property=\"og:image:type\" content=\"image\/jpeg\" \/>\n<meta name=\"twitter:card\" content=\"summary_large_image\" \/>\n<meta name=\"twitter:label1\" content=\"Tiempo de lectura\" \/>\n\t<meta name=\"twitter:data1\" content=\"2 minutos\" \/>\n<script type=\"application\/ld+json\" class=\"yoast-schema-graph\">{\"@context\":\"https:\\\/\\\/schema.org\",\"@graph\":[{\"@type\":\"WebPage\",\"@id\":\"https:\\\/\\\/www.bodegasgranbazan.com\\\/producto\\\/baigorri-finca-las-navas-tempranillo\\\/\",\"url\":\"https:\\\/\\\/www.bodegasgranbazan.com\\\/producto\\\/baigorri-finca-las-navas-tempranillo\\\/\",\"name\":\"Baigorri Finca Las Navas Tempranillo - Granbaz\u00e1n - Bodegas GRANBAZ\u00c1N\",\"isPartOf\":{\"@id\":\"https:\\\/\\\/www.bodegasgranbazan.com\\\/#website\"},\"primaryImageOfPage\":{\"@id\":\"https:\\\/\\\/www.bodegasgranbazan.com\\\/producto\\\/baigorri-finca-las-navas-tempranillo\\\/#primaryimage\"},\"image\":{\"@id\":\"https:\\\/\\\/www.bodegasgranbazan.com\\\/producto\\\/baigorri-finca-las-navas-tempranillo\\\/#primaryimage\"},\"thumbnailUrl\":\"https:\\\/\\\/www.bodegasgranbazan.com\\\/web26\\\/wp-content\\\/uploads\\\/2025\\\/01\\\/LAS-NAVAS_MU_blanco-1-scaled-1.jpg\",\"datePublished\":\"2025-01-16T21:11:58+00:00\",\"dateModified\":\"2026-01-20T05:18:58+00:00\",\"breadcrumb\":{\"@id\":\"https:\\\/\\\/www.bodegasgranbazan.com\\\/producto\\\/baigorri-finca-las-navas-tempranillo\\\/#breadcrumb\"},\"inLanguage\":\"es\",\"potentialAction\":[{\"@type\":\"ReadAction\",\"target\":[\"https:\\\/\\\/www.bodegasgranbazan.com\\\/producto\\\/baigorri-finca-las-navas-tempranillo\\\/\"]}]},{\"@type\":\"ImageObject\",\"inLanguage\":\"es\",\"@id\":\"https:\\\/\\\/www.bodegasgranbazan.com\\\/producto\\\/baigorri-finca-las-navas-tempranillo\\\/#primaryimage\",\"url\":\"https:\\\/\\\/www.bodegasgranbazan.com\\\/web26\\\/wp-content\\\/uploads\\\/2025\\\/01\\\/LAS-NAVAS_MU_blanco-1-scaled-1.jpg\",\"contentUrl\":\"https:\\\/\\\/www.bodegasgranbazan.com\\\/web26\\\/wp-content\\\/uploads\\\/2025\\\/01\\\/LAS-NAVAS_MU_blanco-1-scaled-1.jpg\",\"width\":979,\"height\":979},{\"@type\":\"BreadcrumbList\",\"@id\":\"https:\\\/\\\/www.bodegasgranbazan.com\\\/producto\\\/baigorri-finca-las-navas-tempranillo\\\/#breadcrumb\",\"itemListElement\":[{\"@type\":\"ListItem\",\"position\":1,\"name\":\"Portada\",\"item\":\"https:\\\/\\\/www.bodegasgranbazan.com\\\/\"},{\"@type\":\"ListItem\",\"position\":2,\"name\":\"Tienda\",\"item\":\"https:\\\/\\\/www.bodegasgranbazan.com\\\/tienda\\\/\"},{\"@type\":\"ListItem\",\"position\":3,\"name\":\"Baigorri Finca Las Navas Tempranillo\"}]},{\"@type\":\"WebSite\",\"@id\":\"https:\\\/\\\/www.bodegasgranbazan.com\\\/#website\",\"url\":\"https:\\\/\\\/www.bodegasgranbazan.com\\\/\",\"name\":\"Bodegas Granbaz\u00e1n\",\"description\":\"Ubicada en el Valle del Saln\u00e9s, en el coraz\u00f3n de las R\u00edas Baixas.\",\"publisher\":{\"@id\":\"https:\\\/\\\/www.bodegasgranbazan.com\\\/#organization\"},\"potentialAction\":[{\"@type\":\"SearchAction\",\"target\":{\"@type\":\"EntryPoint\",\"urlTemplate\":\"https:\\\/\\\/www.bodegasgranbazan.com\\\/?s={search_term_string}\"},\"query-input\":{\"@type\":\"PropertyValueSpecification\",\"valueRequired\":true,\"valueName\":\"search_term_string\"}}],\"inLanguage\":\"es\"},{\"@type\":\"Organization\",\"@id\":\"https:\\\/\\\/www.bodegasgranbazan.com\\\/#organization\",\"name\":\"Bodegas Granbaz\u00e1n\",\"url\":\"https:\\\/\\\/www.bodegasgranbazan.com\\\/\",\"logo\":{\"@type\":\"ImageObject\",\"inLanguage\":\"es\",\"@id\":\"https:\\\/\\\/www.bodegasgranbazan.com\\\/#\\\/schema\\\/logo\\\/image\\\/\",\"url\":\"https:\\\/\\\/www.bodegasgranbazan.com\\\/web26\\\/wp-content\\\/uploads\\\/2026\\\/01\\\/granbazan-logo-def.webp\",\"contentUrl\":\"https:\\\/\\\/www.bodegasgranbazan.com\\\/web26\\\/wp-content\\\/uploads\\\/2026\\\/01\\\/granbazan-logo-def.webp\",\"width\":500,\"height\":264,\"caption\":\"Bodegas Granbaz\u00e1n\"},\"image\":{\"@id\":\"https:\\\/\\\/www.bodegasgranbazan.com\\\/#\\\/schema\\\/logo\\\/image\\\/\"}}]}<\/script>\n<!-- \/ Yoast SEO plugin. -->","yoast_head_json":{"title":"Baigorri Finca Las Navas Tempranillo - Granbaz\u00e1n - Bodegas GRANBAZ\u00c1N","robots":{"index":"index","follow":"follow","max-snippet":"max-snippet:-1","max-image-preview":"max-image-preview:large","max-video-preview":"max-video-preview:-1"},"canonical":"https:\/\/www.bodegasgranbazan.com\/producto\/baigorri-finca-las-navas-tempranillo\/","og_locale":"es_ES","og_type":"article","og_title":"Baigorri Finca Las Navas Tempranillo - Granbaz\u00e1n - Bodegas GRANBAZ\u00c1N","og_description":"Vino de capa media-alta con ribetes viol\u00e1ceos y aromas a fruta fresca, hierbas arom\u00e1ticas, tabacos, ahumados y regaliz.","og_url":"https:\/\/www.bodegasgranbazan.com\/producto\/baigorri-finca-las-navas-tempranillo\/","og_site_name":"Granbaz\u00e1n - Bodegas GRANBAZ\u00c1N","article_modified_time":"2026-01-20T05:18:58+00:00","og_image":[{"width":979,"height":979,"url":"https:\/\/www.bodegasgranbazan.com\/web26\/wp-content\/uploads\/2025\/01\/LAS-NAVAS_MU_blanco-1-scaled-1.jpg","type":"image\/jpeg"}],"twitter_card":"summary_large_image","twitter_misc":{"Tiempo de lectura":"2 minutos"},"schema":{"@context":"https:\/\/schema.org","@graph":[{"@type":"WebPage","@id":"https:\/\/www.bodegasgranbazan.com\/producto\/baigorri-finca-las-navas-tempranillo\/","url":"https:\/\/www.bodegasgranbazan.com\/producto\/baigorri-finca-las-navas-tempranillo\/","name":"Baigorri Finca Las Navas Tempranillo - Granbaz\u00e1n - Bodegas GRANBAZ\u00c1N","isPartOf":{"@id":"https:\/\/www.bodegasgranbazan.com\/#website"},"primaryImageOfPage":{"@id":"https:\/\/www.bodegasgranbazan.com\/producto\/baigorri-finca-las-navas-tempranillo\/#primaryimage"},"image":{"@id":"https:\/\/www.bodegasgranbazan.com\/producto\/baigorri-finca-las-navas-tempranillo\/#primaryimage"},"thumbnailUrl":"https:\/\/www.bodegasgranbazan.com\/web26\/wp-content\/uploads\/2025\/01\/LAS-NAVAS_MU_blanco-1-scaled-1.jpg","datePublished":"2025-01-16T21:11:58+00:00","dateModified":"2026-01-20T05:18:58+00:00","breadcrumb":{"@id":"https:\/\/www.bodegasgranbazan.com\/producto\/baigorri-finca-las-navas-tempranillo\/#breadcrumb"},"inLanguage":"es","potentialAction":[{"@type":"ReadAction","target":["https:\/\/www.bodegasgranbazan.com\/producto\/baigorri-finca-las-navas-tempranillo\/"]}]},{"@type":"ImageObject","inLanguage":"es","@id":"https:\/\/www.bodegasgranbazan.com\/producto\/baigorri-finca-las-navas-tempranillo\/#primaryimage","url":"https:\/\/www.bodegasgranbazan.com\/web26\/wp-content\/uploads\/2025\/01\/LAS-NAVAS_MU_blanco-1-scaled-1.jpg","contentUrl":"https:\/\/www.bodegasgranbazan.com\/web26\/wp-content\/uploads\/2025\/01\/LAS-NAVAS_MU_blanco-1-scaled-1.jpg","width":979,"height":979},{"@type":"BreadcrumbList","@id":"https:\/\/www.bodegasgranbazan.com\/producto\/baigorri-finca-las-navas-tempranillo\/#breadcrumb","itemListElement":[{"@type":"ListItem","position":1,"name":"Portada","item":"https:\/\/www.bodegasgranbazan.com\/"},{"@type":"ListItem","position":2,"name":"Tienda","item":"https:\/\/www.bodegasgranbazan.com\/tienda\/"},{"@type":"ListItem","position":3,"name":"Baigorri Finca Las Navas Tempranillo"}]},{"@type":"WebSite","@id":"https:\/\/www.bodegasgranbazan.com\/#website","url":"https:\/\/www.bodegasgranbazan.com\/","name":"Bodegas Granbaz\u00e1n","description":"Ubicada en el Valle del Saln\u00e9s, en el coraz\u00f3n de las R\u00edas Baixas.","publisher":{"@id":"https:\/\/www.bodegasgranbazan.com\/#organization"},"potentialAction":[{"@type":"SearchAction","target":{"@type":"EntryPoint","urlTemplate":"https:\/\/www.bodegasgranbazan.com\/?s={search_term_string}"},"query-input":{"@type":"PropertyValueSpecification","valueRequired":true,"valueName":"search_term_string"}}],"inLanguage":"es"},{"@type":"Organization","@id":"https:\/\/www.bodegasgranbazan.com\/#organization","name":"Bodegas Granbaz\u00e1n","url":"https:\/\/www.bodegasgranbazan.com\/","logo":{"@type":"ImageObject","inLanguage":"es","@id":"https:\/\/www.bodegasgranbazan.com\/#\/schema\/logo\/image\/","url":"https:\/\/www.bodegasgranbazan.com\/web26\/wp-content\/uploads\/2026\/01\/granbazan-logo-def.webp","contentUrl":"https:\/\/www.bodegasgranbazan.com\/web26\/wp-content\/uploads\/2026\/01\/granbazan-logo-def.webp","width":500,"height":264,"caption":"Bodegas Granbaz\u00e1n"},"image":{"@id":"https:\/\/www.bodegasgranbazan.com\/#\/schema\/logo\/image\/"}}]}},"_links":{"self":[{"href":"https:\/\/www.bodegasgranbazan.com\/wp-json\/wp\/v2\/product\/2156","targetHints":{"allow":["GET"]}}],"collection":[{"href":"https:\/\/www.bodegasgranbazan.com\/wp-json\/wp\/v2\/product"}],"about":[{"href":"https:\/\/www.bodegasgranbazan.com\/wp-json\/wp\/v2\/types\/product"}],"wp:featuredmedia":[{"embeddable":true,"href":"https:\/\/www.bodegasgranbazan.com\/wp-json\/wp\/v2\/media\/2157"}],"wp:attachment":[{"href":"https:\/\/www.bodegasgranbazan.com\/wp-json\/wp\/v2\/media?parent=2156"}],"wp:term":[{"taxonomy":"product_brand","embeddable":true,"href":"https:\/\/www.bodegasgranbazan.com\/wp-json\/wp\/v2\/product_brand?post=2156"},{"taxonomy":"product_cat","embeddable":true,"href":"https:\/\/www.bodegasgranbazan.com\/wp-json\/wp\/v2\/product_cat?post=2156"},{"taxonomy":"product_tag","embeddable":true,"href":"https:\/\/www.bodegasgranbazan.com\/wp-json\/wp\/v2\/product_tag?post=2156"}],"curies":[{"name":"wp","href":"https:\/\/api.w.org\/{rel}","templated":true}]}}