{"id":2261,"date":"2025-01-21T04:44:32","date_gmt":"2025-01-21T04:44:32","guid":{"rendered":"https:\/\/mdecomunicacion.com\/gb\/?post_type=product&#038;p=2261"},"modified":"2026-02-17T16:44:03","modified_gmt":"2026-02-17T15:44:03","slug":"bono-regalo-visita-cata","status":"publish","type":"product","link":"https:\/\/www.bodegasgranbazan.com\/producto\/bono-regalo-visita-cata\/","title":{"rendered":"Bono regalo &#8211; Visita + cata"},"content":{"rendered":"<p><strong>VISITA + CATA:\u00a0<\/strong>Este bono-regalo incluye visita guiada a nuestras instalaciones y vi\u00f1edos y cata comentada de cuatro de nuestros vinos acompa\u00f1ados de un peque\u00f1o picoteo.<\/p>\n<p>Confirmar con bodega el d\u00eda con al menos 72 horas de antelaci\u00f3n a trav\u00e9s del tel\u00e9fono\u00a0<a href=\"tel:986555562\" target=\"_blank\" rel=\"noopener\">986 55 55 62\u00a0<\/a>\u00a0\/ Whatsapp:\u00a0<a class=\"whatsapp-web\" href=\"https:\/\/web.whatsapp.com\/send\/?phone=34619118381\" target=\"_blank\" rel=\"noopener noreferrer\">619 11 83 81\u00a0<\/a>\/ Email:\u00a0<a href=\"mailto:enoturismo@agrodebazan.com\" target=\"_blank\" rel=\"noopener\">enoturismo@agrodebazan.com<\/a><\/p>\n<h4><strong>OBSERVACIONES:<\/strong><\/h4>\n<ul>\n<li><strong>Caducidad de los bonos:\u00a0<\/strong>Un a\u00f1o a partir de la fecha de compra.<\/li>\n<li><strong>Reserva:\u00a0<\/strong>Imprescindible reserva previa por tel\u00e9fono o email para confirmar la fecha de visita.<\/li>\n<li>Los bonos regalo ser\u00e1n no reembolsables.<\/li>\n<\/ul>\n","protected":false},"excerpt":{"rendered":"<p>VISITA + CATA:\u00a0Este bono-regalo incluye visita guiada a nuestras instalaciones y vi\u00f1edos y cata comentada de cuatro de nuestros vinos acompa\u00f1ados de un peque\u00f1o picoteo. Confirmar con bodega el d\u00eda con al menos 72 horas de antelaci\u00f3n a trav\u00e9s del tel\u00e9fono\u00a0986 55 55 62\u00a0\u00a0\/ Whatsapp:\u00a0619 11 83 81\u00a0\/ Email:\u00a0enoturismo@agrodebazan.com OBSERVACIONES: Caducidad de los bonos:\u00a0Un a\u00f1o [&hellip;]<\/p>\n","protected":false},"featured_media":935,"template":"","meta":{"_acf_changed":false},"product_brand":[],"product_cat":[36],"product_tag":[],"class_list":{"0":"post-2261","1":"product","2":"type-product","3":"status-publish","4":"has-post-thumbnail","6":"product_cat-experiencias","8":"first","9":"instock","10":"taxable","11":"shipping-taxable","12":"purchasable","13":"product-type-variable","14":"has-default-attributes"},"acf":[],"yoast_head":"<!-- This site is optimized with the Yoast SEO plugin v27.4 - https:\/\/yoast.com\/product\/yoast-seo-wordpress\/ -->\n<title>Bono regalo - Visita + cata - Granbaz\u00e1n - Bodegas GRANBAZ\u00c1N<\/title>\n<meta name=\"robots\" content=\"index, follow, max-snippet:-1, max-image-preview:large, max-video-preview:-1\" \/>\n<link rel=\"canonical\" href=\"https:\/\/www.bodegasgranbazan.com\/producto\/bono-regalo-visita-cata\/\" \/>\n<meta property=\"og:locale\" content=\"es_ES\" \/>\n<meta property=\"og:type\" content=\"article\" \/>\n<meta property=\"og:title\" content=\"Bono regalo - Visita + cata - Granbaz\u00e1n - Bodegas GRANBAZ\u00c1N\" \/>\n<meta property=\"og:description\" content=\"VISITA + CATA:\u00a0Este bono-regalo incluye visita guiada a nuestras instalaciones y vi\u00f1edos y cata comentada de cuatro de nuestros vinos acompa\u00f1ados de un peque\u00f1o picoteo. Confirmar con bodega el d\u00eda con al menos 72 horas de antelaci\u00f3n a trav\u00e9s del tel\u00e9fono\u00a0986 55 55 62\u00a0\u00a0\/ Whatsapp:\u00a0619 11 83 81\u00a0\/ Email:\u00a0enoturismo@agrodebazan.com OBSERVACIONES: Caducidad de los bonos:\u00a0Un a\u00f1o [&hellip;]\" \/>\n<meta property=\"og:url\" content=\"https:\/\/www.bodegasgranbazan.com\/producto\/bono-regalo-visita-cata\/\" \/>\n<meta property=\"og:site_name\" content=\"Granbaz\u00e1n - Bodegas GRANBAZ\u00c1N\" \/>\n<meta property=\"article:modified_time\" content=\"2026-02-17T15:44:03+00:00\" \/>\n<meta property=\"og:image\" content=\"https:\/\/www.bodegasgranbazan.com\/web26\/wp-content\/uploads\/2024\/07\/DSC5201.jpg\" \/>\n\t<meta property=\"og:image:width\" content=\"1620\" \/>\n\t<meta property=\"og:image:height\" content=\"1080\" \/>\n\t<meta property=\"og:image:type\" content=\"image\/jpeg\" \/>\n<meta name=\"twitter:card\" content=\"summary_large_image\" \/>\n<meta name=\"twitter:label1\" content=\"Tiempo de lectura\" \/>\n\t<meta name=\"twitter:data1\" content=\"1 minuto\" \/>\n<script type=\"application\/ld+json\" class=\"yoast-schema-graph\">{\"@context\":\"https:\\\/\\\/schema.org\",\"@graph\":[{\"@type\":\"WebPage\",\"@id\":\"https:\\\/\\\/www.bodegasgranbazan.com\\\/producto\\\/bono-regalo-visita-cata\\\/\",\"url\":\"https:\\\/\\\/www.bodegasgranbazan.com\\\/producto\\\/bono-regalo-visita-cata\\\/\",\"name\":\"Bono regalo - Visita + cata - Granbaz\u00e1n - Bodegas GRANBAZ\u00c1N\",\"isPartOf\":{\"@id\":\"https:\\\/\\\/www.bodegasgranbazan.com\\\/#website\"},\"primaryImageOfPage\":{\"@id\":\"https:\\\/\\\/www.bodegasgranbazan.com\\\/producto\\\/bono-regalo-visita-cata\\\/#primaryimage\"},\"image\":{\"@id\":\"https:\\\/\\\/www.bodegasgranbazan.com\\\/producto\\\/bono-regalo-visita-cata\\\/#primaryimage\"},\"thumbnailUrl\":\"https:\\\/\\\/www.bodegasgranbazan.com\\\/web26\\\/wp-content\\\/uploads\\\/2024\\\/07\\\/DSC5201.jpg\",\"datePublished\":\"2025-01-21T04:44:32+00:00\",\"dateModified\":\"2026-02-17T15:44:03+00:00\",\"breadcrumb\":{\"@id\":\"https:\\\/\\\/www.bodegasgranbazan.com\\\/producto\\\/bono-regalo-visita-cata\\\/#breadcrumb\"},\"inLanguage\":\"es\",\"potentialAction\":[{\"@type\":\"ReadAction\",\"target\":[\"https:\\\/\\\/www.bodegasgranbazan.com\\\/producto\\\/bono-regalo-visita-cata\\\/\"]}]},{\"@type\":\"ImageObject\",\"inLanguage\":\"es\",\"@id\":\"https:\\\/\\\/www.bodegasgranbazan.com\\\/producto\\\/bono-regalo-visita-cata\\\/#primaryimage\",\"url\":\"https:\\\/\\\/www.bodegasgranbazan.com\\\/web26\\\/wp-content\\\/uploads\\\/2024\\\/07\\\/DSC5201.jpg\",\"contentUrl\":\"https:\\\/\\\/www.bodegasgranbazan.com\\\/web26\\\/wp-content\\\/uploads\\\/2024\\\/07\\\/DSC5201.jpg\",\"width\":1620,\"height\":1080},{\"@type\":\"BreadcrumbList\",\"@id\":\"https:\\\/\\\/www.bodegasgranbazan.com\\\/producto\\\/bono-regalo-visita-cata\\\/#breadcrumb\",\"itemListElement\":[{\"@type\":\"ListItem\",\"position\":1,\"name\":\"Portada\",\"item\":\"https:\\\/\\\/www.bodegasgranbazan.com\\\/\"},{\"@type\":\"ListItem\",\"position\":2,\"name\":\"Tienda\",\"item\":\"https:\\\/\\\/www.bodegasgranbazan.com\\\/tienda\\\/\"},{\"@type\":\"ListItem\",\"position\":3,\"name\":\"Bono regalo &#8211; Visita + cata\"}]},{\"@type\":\"WebSite\",\"@id\":\"https:\\\/\\\/www.bodegasgranbazan.com\\\/#website\",\"url\":\"https:\\\/\\\/www.bodegasgranbazan.com\\\/\",\"name\":\"Bodegas Granbaz\u00e1n\",\"description\":\"Ubicada en el Valle del Saln\u00e9s, en el coraz\u00f3n de las R\u00edas Baixas.\",\"publisher\":{\"@id\":\"https:\\\/\\\/www.bodegasgranbazan.com\\\/#organization\"},\"potentialAction\":[{\"@type\":\"SearchAction\",\"target\":{\"@type\":\"EntryPoint\",\"urlTemplate\":\"https:\\\/\\\/www.bodegasgranbazan.com\\\/?s={search_term_string}\"},\"query-input\":{\"@type\":\"PropertyValueSpecification\",\"valueRequired\":true,\"valueName\":\"search_term_string\"}}],\"inLanguage\":\"es\"},{\"@type\":\"Organization\",\"@id\":\"https:\\\/\\\/www.bodegasgranbazan.com\\\/#organization\",\"name\":\"Bodegas Granbaz\u00e1n\",\"url\":\"https:\\\/\\\/www.bodegasgranbazan.com\\\/\",\"logo\":{\"@type\":\"ImageObject\",\"inLanguage\":\"es\",\"@id\":\"https:\\\/\\\/www.bodegasgranbazan.com\\\/#\\\/schema\\\/logo\\\/image\\\/\",\"url\":\"https:\\\/\\\/www.bodegasgranbazan.com\\\/web26\\\/wp-content\\\/uploads\\\/2026\\\/01\\\/granbazan-logo-def.webp\",\"contentUrl\":\"https:\\\/\\\/www.bodegasgranbazan.com\\\/web26\\\/wp-content\\\/uploads\\\/2026\\\/01\\\/granbazan-logo-def.webp\",\"width\":500,\"height\":264,\"caption\":\"Bodegas Granbaz\u00e1n\"},\"image\":{\"@id\":\"https:\\\/\\\/www.bodegasgranbazan.com\\\/#\\\/schema\\\/logo\\\/image\\\/\"}}]}<\/script>\n<!-- \/ Yoast SEO plugin. -->","yoast_head_json":{"title":"Bono regalo - Visita + cata - Granbaz\u00e1n - Bodegas GRANBAZ\u00c1N","robots":{"index":"index","follow":"follow","max-snippet":"max-snippet:-1","max-image-preview":"max-image-preview:large","max-video-preview":"max-video-preview:-1"},"canonical":"https:\/\/www.bodegasgranbazan.com\/producto\/bono-regalo-visita-cata\/","og_locale":"es_ES","og_type":"article","og_title":"Bono regalo - Visita + cata - Granbaz\u00e1n - Bodegas GRANBAZ\u00c1N","og_description":"VISITA + CATA:\u00a0Este bono-regalo incluye visita guiada a nuestras instalaciones y vi\u00f1edos y cata comentada de cuatro de nuestros vinos acompa\u00f1ados de un peque\u00f1o picoteo. Confirmar con bodega el d\u00eda con al menos 72 horas de antelaci\u00f3n a trav\u00e9s del tel\u00e9fono\u00a0986 55 55 62\u00a0\u00a0\/ Whatsapp:\u00a0619 11 83 81\u00a0\/ Email:\u00a0enoturismo@agrodebazan.com OBSERVACIONES: Caducidad de los bonos:\u00a0Un a\u00f1o [&hellip;]","og_url":"https:\/\/www.bodegasgranbazan.com\/producto\/bono-regalo-visita-cata\/","og_site_name":"Granbaz\u00e1n - Bodegas GRANBAZ\u00c1N","article_modified_time":"2026-02-17T15:44:03+00:00","og_image":[{"width":1620,"height":1080,"url":"https:\/\/www.bodegasgranbazan.com\/web26\/wp-content\/uploads\/2024\/07\/DSC5201.jpg","type":"image\/jpeg"}],"twitter_card":"summary_large_image","twitter_misc":{"Tiempo de lectura":"1 minuto"},"schema":{"@context":"https:\/\/schema.org","@graph":[{"@type":"WebPage","@id":"https:\/\/www.bodegasgranbazan.com\/producto\/bono-regalo-visita-cata\/","url":"https:\/\/www.bodegasgranbazan.com\/producto\/bono-regalo-visita-cata\/","name":"Bono regalo - Visita + cata - Granbaz\u00e1n - Bodegas GRANBAZ\u00c1N","isPartOf":{"@id":"https:\/\/www.bodegasgranbazan.com\/#website"},"primaryImageOfPage":{"@id":"https:\/\/www.bodegasgranbazan.com\/producto\/bono-regalo-visita-cata\/#primaryimage"},"image":{"@id":"https:\/\/www.bodegasgranbazan.com\/producto\/bono-regalo-visita-cata\/#primaryimage"},"thumbnailUrl":"https:\/\/www.bodegasgranbazan.com\/web26\/wp-content\/uploads\/2024\/07\/DSC5201.jpg","datePublished":"2025-01-21T04:44:32+00:00","dateModified":"2026-02-17T15:44:03+00:00","breadcrumb":{"@id":"https:\/\/www.bodegasgranbazan.com\/producto\/bono-regalo-visita-cata\/#breadcrumb"},"inLanguage":"es","potentialAction":[{"@type":"ReadAction","target":["https:\/\/www.bodegasgranbazan.com\/producto\/bono-regalo-visita-cata\/"]}]},{"@type":"ImageObject","inLanguage":"es","@id":"https:\/\/www.bodegasgranbazan.com\/producto\/bono-regalo-visita-cata\/#primaryimage","url":"https:\/\/www.bodegasgranbazan.com\/web26\/wp-content\/uploads\/2024\/07\/DSC5201.jpg","contentUrl":"https:\/\/www.bodegasgranbazan.com\/web26\/wp-content\/uploads\/2024\/07\/DSC5201.jpg","width":1620,"height":1080},{"@type":"BreadcrumbList","@id":"https:\/\/www.bodegasgranbazan.com\/producto\/bono-regalo-visita-cata\/#breadcrumb","itemListElement":[{"@type":"ListItem","position":1,"name":"Portada","item":"https:\/\/www.bodegasgranbazan.com\/"},{"@type":"ListItem","position":2,"name":"Tienda","item":"https:\/\/www.bodegasgranbazan.com\/tienda\/"},{"@type":"ListItem","position":3,"name":"Bono regalo &#8211; Visita + cata"}]},{"@type":"WebSite","@id":"https:\/\/www.bodegasgranbazan.com\/#website","url":"https:\/\/www.bodegasgranbazan.com\/","name":"Bodegas Granbaz\u00e1n","description":"Ubicada en el Valle del Saln\u00e9s, en el coraz\u00f3n de las R\u00edas Baixas.","publisher":{"@id":"https:\/\/www.bodegasgranbazan.com\/#organization"},"potentialAction":[{"@type":"SearchAction","target":{"@type":"EntryPoint","urlTemplate":"https:\/\/www.bodegasgranbazan.com\/?s={search_term_string}"},"query-input":{"@type":"PropertyValueSpecification","valueRequired":true,"valueName":"search_term_string"}}],"inLanguage":"es"},{"@type":"Organization","@id":"https:\/\/www.bodegasgranbazan.com\/#organization","name":"Bodegas Granbaz\u00e1n","url":"https:\/\/www.bodegasgranbazan.com\/","logo":{"@type":"ImageObject","inLanguage":"es","@id":"https:\/\/www.bodegasgranbazan.com\/#\/schema\/logo\/image\/","url":"https:\/\/www.bodegasgranbazan.com\/web26\/wp-content\/uploads\/2026\/01\/granbazan-logo-def.webp","contentUrl":"https:\/\/www.bodegasgranbazan.com\/web26\/wp-content\/uploads\/2026\/01\/granbazan-logo-def.webp","width":500,"height":264,"caption":"Bodegas Granbaz\u00e1n"},"image":{"@id":"https:\/\/www.bodegasgranbazan.com\/#\/schema\/logo\/image\/"}}]}},"_links":{"self":[{"href":"https:\/\/www.bodegasgranbazan.com\/wp-json\/wp\/v2\/product\/2261","targetHints":{"allow":["GET"]}}],"collection":[{"href":"https:\/\/www.bodegasgranbazan.com\/wp-json\/wp\/v2\/product"}],"about":[{"href":"https:\/\/www.bodegasgranbazan.com\/wp-json\/wp\/v2\/types\/product"}],"wp:featuredmedia":[{"embeddable":true,"href":"https:\/\/www.bodegasgranbazan.com\/wp-json\/wp\/v2\/media\/935"}],"wp:attachment":[{"href":"https:\/\/www.bodegasgranbazan.com\/wp-json\/wp\/v2\/media?parent=2261"}],"wp:term":[{"taxonomy":"product_brand","embeddable":true,"href":"https:\/\/www.bodegasgranbazan.com\/wp-json\/wp\/v2\/product_brand?post=2261"},{"taxonomy":"product_cat","embeddable":true,"href":"https:\/\/www.bodegasgranbazan.com\/wp-json\/wp\/v2\/product_cat?post=2261"},{"taxonomy":"product_tag","embeddable":true,"href":"https:\/\/www.bodegasgranbazan.com\/wp-json\/wp\/v2\/product_tag?post=2261"}],"curies":[{"name":"wp","href":"https:\/\/api.w.org\/{rel}","templated":true}]}}